{"id":1342,"date":"2026-03-07T21:17:55","date_gmt":"2026-03-07T21:17:55","guid":{"rendered":"https:\/\/herbs.thewebexperts.net\/?post_type=product&#038;p=1342"},"modified":"2026-03-19T11:09:33","modified_gmt":"2026-03-19T10:09:33","slug":"traitement-naturel-pour-guerir-laplasie-medullaire","status":"publish","type":"product","link":"https:\/\/santebio.bio\/ar\/product\/traitement-naturel-pour-guerir-laplasie-medullaire\/","title":{"rendered":"Traitement naturel pour gu\u00e9rir l\u2019aplasie m\u00e9dullaire"},"content":{"rendered":"<p>Le traitement que nous vous proposons ici est un m\u00e9lange de racines et de plantes africaines qui sont excellentes et tr\u00e8s efficace pour gu\u00e9rir l\u2019aplasie m\u00e9dullaire.<\/p>\n<p><strong>Commandez-le et commencez \u00e0 l&rsquo;avance le traitement naturel. Un soutien est propos\u00e9 pendant toute la dur\u00e9e de votre accueil. Pour nous contacter, cliquez sur le bouton WhatsApp dans le coin droit de l&rsquo;\u00e9cran ou contactez-nous au +229-0163754465.<\/strong><\/p>\n<p>Nous sommes repr\u00e9sent\u00e9s dans tous les pays africains et sommes actifs en\u00a0<strong>France<\/strong>, au\u00a0<strong>Cameroun, en C\u00f4te d&rsquo;Ivoire, au Mali, au S\u00e9n\u00e9gal, au Burkina Faso, au Togo, au Kenya, au Nigeria, au Gabon, en R\u00e9publique centrafricaine, au B\u00e9nin, au Tchad, au Congo- Brazzaville et \u00e0 Kinshasa<\/strong>. Soyez donc s\u00fbr de recevoir vos produits imm\u00e9diatement apr\u00e8s votre commande.<\/p>\n<p><strong>La livraison est gratuite partout dans le monde.<\/strong><\/p>","protected":false},"excerpt":{"rendered":"<p>Traitement naturel par les plantes m\u00e9dicinales pour gu\u00e9rir l\u2019aplasie m\u00e9dullaire<\/p>\n<p>Les aplasies m\u00e9dullaires (de la moelle osseuse) sont\u00a0une ensemble de pathologie qui se caract\u00e9risent par une incapacit\u00e9 de la\u00a0moelle osseuse\u00a0\u00e0 produire normalement les cellules sanguines\u00a0(les globules rouges, les polynucl\u00e9aires neutrophiles qui sont des globules blancs et les plaquettes). Elle est g\u00e9n\u00e9ralement caus\u00e9e par une panhypoplasie de la moelle avec an\u00e9mie, leucop\u00e9nie et thrombop\u00e9nie associ\u00e9es. De nombreux cas sont idiopathiques, mais les produits chimiques, les m\u00e9dicaments, ou les rayonnements peuvent \u00eatre en cause.<\/p>\n<p>Nous avons un rem\u00e8de naturel \u00e0 base de plantes naturelles, tr\u00e8s efficace, capable de vous d\u00e9barrasser de l\u2019aplasie m\u00e9dullaire.<\/p>\n<p>Commandez-le et commencez \u00e0 l&rsquo;avance le traitement naturel. Un soutien est propos\u00e9 pendant toute la dur\u00e9e de votre accueil. Pour nous contacter, cliquez sur le bouton WhatsApp dans le coin droit de l&rsquo;\u00e9cran ou contactez-nous au +229-0163754465.<\/p>\n<p>Nous sommes repr\u00e9sent\u00e9s dans tous les pays africains et sommes actifs en\u00a0France, au\u00a0Cameroun, en C\u00f4te d&rsquo;Ivoire, au Mali, au S\u00e9n\u00e9gal, au Burkina Faso, au Togo, au Kenya, au Nigeria, au Gabon, en R\u00e9publique centrafricaine, au B\u00e9nin, au Tchad, au Congo- Brazzaville et \u00e0 Kinshasa. Soyez donc s\u00fbr de recevoir vos produits imm\u00e9diatement apr\u00e8s votre commande.<\/p>\n<p>La livraison est gratuite partout dans le monde.<\/p>\n<p>&nbsp;<\/p>\n<p>CET ARTICLE POURRAIT VOUS INTERESSER :\u00a0Plantes natureles contre l&rsquo;aplasie m\u00e9dullaire<\/p>\n<p>&nbsp;<\/p>\n<p>Conseils pour entretenir et garder votre moelle osseuse en bonne sant\u00e9<\/p>\n<p>La phytoth\u00e9rapie chinoise<\/p>\n<p>La phytoth\u00e9rapie chinoise peut \u00eatre utile en raison de ses cibles multi-m\u00e9dicamenteuses. Le TSY-1 est utilis\u00e9 en Chine depuis de nombreuses ann\u00e9es pour traiter l&rsquo;an\u00e9mie aplastique, une affection dans laquelle l&rsquo;organisme cesse de produire suffisamment de nouvelles cellules sanguines, et le syndrome my\u00e9lodysplasique ou la pr\u00e9leuc\u00e9mie ; tous deux sont associ\u00e9s \u00e0 une anomalie de la t\u00e9lom\u00e9rase.<\/p>\n<p>Le saumon<\/p>\n<p>Consommer du saumon, des sardines, du maquereau, du hareng ou encore du foie de morue ou de l&rsquo;huile de foie de morue particuli\u00e8rement riches en om\u00e9ga 3, favorise le renforcement de notre syst\u00e8me immunitaire et le d\u00e9veloppement de certains globules blancs tels que les lymphocytes T et les NK.<\/p>\n<p>La vitamine C<\/p>\n<p>La Vitamine C par son action anti-oxydante prot\u00e8ge les membranes des\u00a0globules blancs, elle\u00a0augmente\u00a0leur mobilit\u00e9 et accro\u00eet donc la r\u00e9sistance\u00a0de\u00a0l&rsquo;organisme et repr\u00e9sente donc une excellente aide\u00a0pour\u00a0lutter contre les infections.<\/p>\n<p>Avoir une alimentation saine et \u00e9quilibr\u00e9e<\/p>\n<p>Il est important de varier votre alimentation. Avoir une alimentation saine et \u00e9quilibr\u00e9e riche en l\u00e9gumes, fruits, grains entiers, poissons vous permettra de diminuer les risques d&rsquo;aplasie m\u00e9dullaire. Diminuez les viandes rouges et charcuteries, sucreries, boissons gazeuses. Bien manger devrait se faire dans le plaisir et la simplicit\u00e9 mais surtout, sans restriction. Adoptez une alimentation vari\u00e9e qui comprend des glucides, des prot\u00e9ines et des lipides ainsi que toutes les vitamines et tous les min\u00e9raux que ces sources de nutrition offrent. Mangez beaucoup de l\u00e9gumes et 1 ou 2 portions de fruits par jour. La vitamine C dans les fruits et l\u00e9gumes augmente l&rsquo;absorption du fer.<\/p>\n<p>Vous pouvez garder votre moelle osseuse en bonne sant\u00e9 en :<\/p>\n<p>ayant un r\u00e9gime riche en prot\u00e9ines (viandes maigres, poisson, haricots, noix, lait, \u0153ufs)<br \/>\nprenant des vitamines (fer, B9, B12)<br \/>\ntraitant les maladies dont les anomalies de la moelle osseuse sont un effet secondaire.<\/p>\n<p>&nbsp;<\/p>\n<p>CET ARTICLE POURRAIT VOUS INTERESSER :\u00a0Plantes naturelles pour gu\u00e9rir la septic\u00e9mie<\/p>\n<p>&nbsp;<\/p>\n<p>Principes actifs du traitement naturel pour gu\u00e9rir l\u2019aplasie m\u00e9dullaire<\/p>\n<p>Les principes actifs des plantes qui composent le traitement naturel permettront d\u2019augmenter la quantit\u00e9 de globules blancs, globules rouges et plaquettes sanguines. Ce rem\u00e8de naturel aidera votre moelle osseuse \u00e0 produire normalement les cellules sanguines et \u00e0 vous gu\u00e9rir d\u00e9finitivement de l\u2019aplasie m\u00e9dullaire. C\u2019est le secret naturel pour vous d\u00e9barrasser d\u00e9finitivement de l\u2019aplasie m\u00e9dullaire.<\/p>\n<p>Commandez-le et commencez \u00e0 l&rsquo;avance le traitement naturel. Un soutien est propos\u00e9 pendant toute la dur\u00e9e de votre accueil. Pour nous contacter, cliquez sur le bouton WhatsApp dans le coin droit de l&rsquo;\u00e9cran ou contactez-nous au +229-0163754465.<\/p>\n<p>Nous sommes repr\u00e9sent\u00e9s dans tous les pays africains et sommes actifs en\u00a0France, au\u00a0Cameroun, en C\u00f4te d&rsquo;Ivoire, au Mali, au S\u00e9n\u00e9gal, au Burkina Faso, au Togo, au Kenya, au Nigeria, au Gabon, en R\u00e9publique centrafricaine, au B\u00e9nin, au Tchad, au Congo- Brazzaville et \u00e0 Kinshasa. Soyez donc s\u00fbr de recevoir vos produits imm\u00e9diatement apr\u00e8s votre commande.<\/p>\n<p>La livraison est gratuite partout dans le monde.<\/p>\n<p>CET ARTICLE POURRAIT VOUS INTERESSER :\u00a0Rem\u00e8des et Conseils pour \u00e9viter\/soulager la coronaropathie<\/p>\n<p>Dur\u00e9e du traitement<\/p>\n<p>La dur\u00e9e du traitement pour soigner d\u00e9finitivement l\u2019aplasie m\u00e9dullaire est de 1 \u00e0 3 mois. Elle variera en fonction de l&rsquo;avanc\u00e9e de l\u2019aplasie m\u00e9dullaire.\u00a0Pendant toute la dur\u00e9e du traitement, il est indispensable que vous soyez disciplin\u00e9 et que vous ne ratiez aucune prise des produits.\u00a0A la fin du traitement, vous serez d\u00e9finitivement gu\u00e9ri de l\u2019aplasie m\u00e9dullaire.\u00a0Le traitement que nous vous proposons ici est un m\u00e9lange de racines et de plantes africaines qui sont excellentes et tr\u00e8s efficace pour gu\u00e9rir l\u2019aplasie m\u00e9dullaire.<\/p>\n<p>Commandez-le et commencez \u00e0 l&rsquo;avance le traitement naturel. Un soutien est propos\u00e9 pendant toute la dur\u00e9e de votre accueil. Pour nous contacter, cliquez sur le bouton WhatsApp dans le coin droit de l&rsquo;\u00e9cran ou contactez-nous au <strong>+229-0163754465.<\/strong><\/p>\n<p>Nous sommes repr\u00e9sent\u00e9s dans tous les pays africains et sommes actifs en\u00a0France, au\u00a0Cameroun, en C\u00f4te d&rsquo;Ivoire, au Mali, au S\u00e9n\u00e9gal, au Burkina Faso, au Togo, au Kenya, au Nigeria, au Gabon, en R\u00e9publique centrafricaine, au B\u00e9nin, au Tchad, au Congo- Brazzaville et \u00e0 Kinshasa. Soyez donc s\u00fbr de recevoir vos produits imm\u00e9diatement apr\u00e8s votre commande.<\/p>\n<p>La livraison est gratuite partout dans le monde.<\/p>","protected":false},"featured_media":1343,"comment_status":"open","ping_status":"closed","template":"","meta":[],"product_brand":[],"product_cat":[106],"product_tag":[],"class_list":{"0":"post-1342","1":"product","2":"type-product","3":"status-publish","4":"has-post-thumbnail","6":"product_cat-remede-naturel-contre-l-aplasie-medullaire","8":"first","9":"instock","10":"shipping-taxable","11":"purchasable","12":"product-type-simple"},"_links":{"self":[{"href":"https:\/\/santebio.bio\/ar\/wp-json\/wp\/v2\/product\/1342","targetHints":{"allow":["GET"]}}],"collection":[{"href":"https:\/\/santebio.bio\/ar\/wp-json\/wp\/v2\/product"}],"about":[{"href":"https:\/\/santebio.bio\/ar\/wp-json\/wp\/v2\/types\/product"}],"replies":[{"embeddable":true,"href":"https:\/\/santebio.bio\/ar\/wp-json\/wp\/v2\/comments?post=1342"}],"version-history":[{"count":0,"href":"https:\/\/santebio.bio\/ar\/wp-json\/wp\/v2\/product\/1342\/revisions"}],"wp:featuredmedia":[{"embeddable":true,"href":"https:\/\/santebio.bio\/ar\/wp-json\/wp\/v2\/media\/1343"}],"wp:attachment":[{"href":"https:\/\/santebio.bio\/ar\/wp-json\/wp\/v2\/media?parent=1342"}],"wp:term":[{"taxonomy":"product_brand","embeddable":true,"href":"https:\/\/santebio.bio\/ar\/wp-json\/wp\/v2\/product_brand?post=1342"},{"taxonomy":"product_cat","embeddable":true,"href":"https:\/\/santebio.bio\/ar\/wp-json\/wp\/v2\/product_cat?post=1342"},{"taxonomy":"product_tag","embeddable":true,"href":"https:\/\/santebio.bio\/ar\/wp-json\/wp\/v2\/product_tag?post=1342"}],"curies":[{"name":"wp","href":"https:\/\/api.w.org\/{rel}","templated":true}]}}