{"id":1352,"date":"2026-03-07T22:02:47","date_gmt":"2026-03-07T22:02:47","guid":{"rendered":"https:\/\/herbs.thewebexperts.net\/?post_type=product&#038;p=1352"},"modified":"2026-03-19T10:56:37","modified_gmt":"2026-03-19T09:56:37","slug":"hemiplegie-remede-naturel","status":"publish","type":"product","link":"https:\/\/santebio.bio\/ar\/product\/hemiplegie-remede-naturel\/","title":{"rendered":"HEMIPLEGIE: REMEDE NATUREL"},"content":{"rendered":"<p><strong>Si vous avez une faiblesse musculaire ou une raideur d&rsquo;un c\u00f4t\u00e9? Spasticit\u00e9 musculaire ou muscle contract\u00e9 de fa\u00e7on permanente? Vous avez du mal \u00e0 marcher? Mauvais \u00e9quilibre? Vous souffrez probablement d&rsquo;h\u00e9mipl\u00e9gie. Si tel est le cas, vous \u00eates au bon endroit.<\/strong><\/p>\n<p>Le m\u00e9lange d&rsquo;herbes que nous vous proposons est le secret pour pr\u00e9venir l&rsquo;aggravation de l&rsquo;h\u00e9mipl\u00e9gie et la faire dispara\u00eetre. C&rsquo;est un tonique nerveux qui non seulement renforce le syst\u00e8me nerveux, mais garde \u00e9galement sa fonction intacte et en bon \u00e9tat. Il pr\u00e9vient la d\u00e9g\u00e9n\u00e9rescence des cellules c\u00e9r\u00e9brales et aide \u00e0 optimiser leur fonction.<\/p>\n<p><strong>Commandez-le et commencez \u00e0 l&rsquo;avance le traitement naturel. Un soutien est propos\u00e9 pendant toute la dur\u00e9e de votre accueil. Pour nous contacter, cliquez sur le bouton WhatsApp dans le coin droit de l&rsquo;\u00e9cran ou contactez-nous au +229-0163754465..<\/strong><\/p>\n<p>Nous sommes repr\u00e9sent\u00e9s dans tous les pays africains et sommes actifs en\u00a0<strong>France<\/strong>, au\u00a0<strong>Cameroun, en C\u00f4te d&rsquo;Ivoire, au Mali, au S\u00e9n\u00e9gal, au Burkina Faso, au Togo, au Kenya, au Nigeria, au Gabon, en R\u00e9publique centrafricaine, au B\u00e9nin, au Tchad, au Congo- Brazzaville et \u00e0 Kinshasa<\/strong>. Soyez donc s\u00fbr de recevoir vos produits imm\u00e9diatement apr\u00e8s votre commande.<\/p>\n<p><strong>La livraison est gratuite partout dans le monde.<\/strong><\/p>","protected":false},"excerpt":{"rendered":"<h2 class=\"row-title\" data-mcp-line-v-id=\"5ff9685966a62956eaa01a16\">Rem\u00e8de naturel h\u00e9mipl\u00e9gie LESPLANTESAFRICAINES<\/h2>\n<div class=\"row\" data-role=\"line\">\n<div id=\"cell-5ff9685966a62956eaa017e5\" class=\"col\" data-role=\"cell\" data-mcp-cell-id=\"5ff9685966a62956eaa017e5\" data-size=\"lg\">\n<div class=\"col-content col-no-widget\">\n<p>On parle d\u2019h\u00e9mipl\u00e9gie lorsqu\u2019un c\u00f4t\u00e9 du corps se paralyse, y compris un bras et une jambe. Une h\u00e9mipl\u00e9gie peut \u00eatre caus\u00e9e par un AVC(accident vasculaire c\u00e9r\u00e9brale), une blessure \u00e0 la t\u00eate, une tumeur au cerveau et le\u00a0diab\u00e8te. Si vous souffrez d\u2019h\u00e9mipl\u00e9gie ou que vous avez quelqu\u2019un de votre entourage qui en souffre, ce traitement naturel (Rem\u00e8de naturel par les tisanes de plantes contre l\u2019h\u00e9mipl\u00e9gie) est la solution qu\u2019il vous faut.<\/p>\n<p>&nbsp;<\/p>\n<p>Ce traitement fait \u00e0 base de plantes est le secret pour pr\u00e9venir l\u2019aggravation de l\u2019h\u00e9mipl\u00e9gie et la faire r\u00e9gresser. C\u2019est un tonique nerveux qui non seulement renforce le syst\u00e8me nerveux, mais conserve aussi sa fonction intacte et en bon \u00e9tat. Il emp\u00eache la d\u00e9g\u00e9n\u00e9rescence des cellules du cerveau et permet d\u2019optimiser leur fonction.<\/p>\n<p>La majorit\u00e9 des patients qui ont utilis\u00e9 ce rem\u00e8de naturel r\u00e9cup\u00e8rent une partie de leurs capacit\u00e9s de mani\u00e8re spontan\u00e9e. Toutefois l\u2019ampleur de la r\u00e9cup\u00e9ration fonctionnelle reste impr\u00e9visible. Ce rem\u00e8de fait \u00e0 base de plantes est le secret pour pr\u00e9venir l\u2019aggravation de l\u2019h\u00e9mipl\u00e9gie et la faire r\u00e9gresser. Faites-nous confiance\u00a0! Cela vous aidera \u00e0 vous d\u00e9barrasser de la douleur et aussi gu\u00e9rir h\u00e9mipl\u00e9gie dans un court laps de temps.<\/p>\n<div>\n<p><strong>Commandez-le et commencez \u00e0 l&rsquo;avance le traitement naturel. Un soutien est propos\u00e9 pendant toute la dur\u00e9e de votre accueil. Pour nous contacter, cliquez sur le bouton WhatsApp dans le coin droit de l&rsquo;\u00e9cran ou contactez-nous au +229-0163754465.<\/strong><\/p>\n<p>Nous sommes repr\u00e9sent\u00e9s dans tous les pays africains et sommes actifs en\u00a0<strong>France<\/strong>, au\u00a0<strong>Cameroun, en C\u00f4te d&rsquo;Ivoire, au Mali, au S\u00e9n\u00e9gal, au Burkina Faso, au Togo, au Kenya, au Nigeria, au Gabon, en R\u00e9publique centrafricaine, au B\u00e9nin, au Tchad, au Congo- Brazzaville et \u00e0 Kinshasa<\/strong>. Soyez donc s\u00fbr de recevoir vos produits imm\u00e9diatement apr\u00e8s votre commande.<\/p>\n<p><strong>La livraison est gratuite partout dans le monde.<\/strong><\/p>\n<h2>L&rsquo;objectif de ce traitement<\/h2>\n<p><strong>L&rsquo;objectif de ce traitement en g\u00e9n\u00e9ral est de\u00a0:<\/strong><\/p>\n<ul>\n<li>Renforce les os et les articulations<\/li>\n<li>Agit comme analg\u00e9sique<\/li>\n<li>Soulage la rigidit\u00e9 des muscles, des ligaments et des tendons<\/li>\n<li>Soutient le mouvement facile des articulations<\/li>\n<li>Retarde le vieillissement<\/li>\n<\/ul>\n<h2>Notre rem\u00e8de naturel se pr\u00e9sente sous cette forme<\/h2>\n<p>Notre\u00a0solution naturelle par les tisanes de plantes contre l\u2019h\u00e9mipl\u00e9gie\u00a0 est compos\u00e9 de 2 \u00e9l\u00e9ments\u00a0: une tisane et un baume. Cette tisane est remplie de plantes m\u00e9dicinales incroyablement puissantes qui vous permettent de gu\u00e9rir une vaste gamme de maladies, dont l\u2019h\u00e9mipl\u00e9gie. Leurs principes actifs apportent un soulagement dans les sympt\u00f4mes d\u2019h\u00e9mipl\u00e9gie. Cette tisane a \u00e9galement un effet apaisant et calmant sur les nerfs et les aide \u00e0 fonctionner correctement. C\u2019est un tonique nerveux qui non seulement renforce le syst\u00e8me nerveux, mais conserve aussi sa fonction intacte et en bon \u00e9tat. Il emp\u00eache la d\u00e9g\u00e9n\u00e9rescence des cellules du cerveau et permet d\u2019optimiser leur fonction. Notre baume est rapidement absorb\u00e9 par la peau et il se met au travail imm\u00e9diatement. Il permet de dynamiser les nerfs et les cellules du cerveau. L\u2019action combin\u00e9e de la tisane et du baume est la solution miracle pour gu\u00e9rir d\u2019h\u00e9mipl\u00e9gie par les plantes.<\/p>\n<p>L\u2019utilisation de plantes naturelles pour soigner l\u2019h\u00e9mipl\u00e9gie donne tr\u00e8s souvent d\u2019excellents r\u00e9sultats. C\u2019est notre secret pour gu\u00e9rir l\u2019h\u00e9mipl\u00e9gie. Il est souvent payant de sortir des sentiers battus et de suivre les solutions que nous offre la nature. \u00c9tant des produits naturels \u00e0 base de plantes et d\u2019herbes, notre rem\u00e8de naturel n\u2019entraine aucun effet secondaire, que ce soit sur l\u2019organisme ou sur la sant\u00e9. C\u2019est l\u2019un des avantages de notre traitement naturel. Nous utilisons uniquement les plantes qui agissent rapidement et dont l\u2019effet est durable. C\u2019est notre secret pour gu\u00e9rir de l\u2019h\u00e9mipl\u00e9gie sans effets secondaires.<\/p>\n<h3>Sympt\u00f4mes de l&rsquo;h\u00e9mipl\u00e9gie<\/h3>\n<div class=\"css-0\">\n<p>Les sympt\u00f4mes de l&rsquo;h\u00e9mipl\u00e9gie sont plus graves que ceux de l&rsquo;h\u00e9mipar\u00e9sie.\u00a0Ils impliquent une perte compl\u00e8te de force ou une paralysie d&rsquo;un c\u00f4t\u00e9 du corps.<\/p>\n<p>Bien que la paralysie puisse ne pas \u00eatre \u00e9tendue, elle pourrait affecter votre capacit\u00e9 \u00e0:<\/p>\n<ul>\n<li>souffle<\/li>\n<li>avaler<\/li>\n<li>parler<\/li>\n<li>contr\u00f4ler votre vessie<\/li>\n<li>contr\u00f4ler vos intestins<\/li>\n<li>bouge un c\u00f4t\u00e9 de ton corps<\/li>\n<\/ul>\n<\/div>\n<div>\n<h3>Cause de l&rsquo;h\u00e9mipl\u00e9gie<\/h3>\n<p>Votre cerveau et votre moelle \u00e9pini\u00e8re contr\u00f4lent les mouvements musculaires.\u00a0Si votre cerveau ou votre moelle \u00e9pini\u00e8re sont endommag\u00e9s, ils ne peuvent pas diriger les muscles.\u00a0Le r\u00e9sultat est la\u00a0paralysie.<\/p>\n<p>La plupart des cas d&rsquo;h\u00e9mipar\u00e9sie et d&rsquo;h\u00e9mipl\u00e9gie sont caus\u00e9s par un\u00a0accident vasculaire c\u00e9r\u00e9bral\u00a0.\u00a0Les autres causes comprennent:<\/p>\n<ul>\n<li>l\u00e9sion de la moelle \u00e9pini\u00e8re (SCI)<\/li>\n<li>paralysie c\u00e9r\u00e9brale<\/li>\n<li>l\u00e9sion c\u00e9r\u00e9brale traumatique (TBI)<\/li>\n<li>cancer du cerveau<\/li>\n<li>scl\u00e9rose en plaques<\/li>\n<li>polio<\/li>\n<li>spinabifida<\/li>\n<li>dystrophie musculaire<\/li>\n<li>infection c\u00e9r\u00e9brale (enc\u00e9phalite,\u00a0m\u00e9ningite)<\/li>\n<\/ul>\n<\/div>\n<\/div>\n<\/div>\n<\/div>\n<\/div>","protected":false},"featured_media":1343,"comment_status":"open","ping_status":"closed","template":"","meta":[],"product_brand":[],"product_cat":[110],"product_tag":[],"class_list":{"0":"post-1352","1":"product","2":"type-product","3":"status-publish","4":"has-post-thumbnail","6":"product_cat-remede-naturel-guerir-hemiplegie","8":"first","9":"instock","10":"shipping-taxable","11":"purchasable","12":"product-type-simple"},"_links":{"self":[{"href":"https:\/\/santebio.bio\/ar\/wp-json\/wp\/v2\/product\/1352","targetHints":{"allow":["GET"]}}],"collection":[{"href":"https:\/\/santebio.bio\/ar\/wp-json\/wp\/v2\/product"}],"about":[{"href":"https:\/\/santebio.bio\/ar\/wp-json\/wp\/v2\/types\/product"}],"replies":[{"embeddable":true,"href":"https:\/\/santebio.bio\/ar\/wp-json\/wp\/v2\/comments?post=1352"}],"version-history":[{"count":0,"href":"https:\/\/santebio.bio\/ar\/wp-json\/wp\/v2\/product\/1352\/revisions"}],"wp:featuredmedia":[{"embeddable":true,"href":"https:\/\/santebio.bio\/ar\/wp-json\/wp\/v2\/media\/1343"}],"wp:attachment":[{"href":"https:\/\/santebio.bio\/ar\/wp-json\/wp\/v2\/media?parent=1352"}],"wp:term":[{"taxonomy":"product_brand","embeddable":true,"href":"https:\/\/santebio.bio\/ar\/wp-json\/wp\/v2\/product_brand?post=1352"},{"taxonomy":"product_cat","embeddable":true,"href":"https:\/\/santebio.bio\/ar\/wp-json\/wp\/v2\/product_cat?post=1352"},{"taxonomy":"product_tag","embeddable":true,"href":"https:\/\/santebio.bio\/ar\/wp-json\/wp\/v2\/product_tag?post=1352"}],"curies":[{"name":"wp","href":"https:\/\/api.w.org\/{rel}","templated":true}]}}