{"id":1358,"date":"2026-03-07T22:17:22","date_gmt":"2026-03-07T22:17:22","guid":{"rendered":"https:\/\/herbs.thewebexperts.net\/?post_type=product&#038;p=1358"},"modified":"2026-03-19T10:51:25","modified_gmt":"2026-03-19T09:51:25","slug":"traitement-naturel-contre-la-frigidite-feminine","status":"publish","type":"product","link":"https:\/\/santebio.bio\/ar\/product\/traitement-naturel-contre-la-frigidite-feminine\/","title":{"rendered":"Traitement naturel contre la frigidit\u00e9 f\u00e9minine"},"content":{"rendered":"<p>Le traitement que nous vous proposons est un rem\u00e8de naturel tr\u00e8s efficace pour soigner la frigidit\u00e9 f\u00e9minine.<\/p>\n<p><strong>Commandez-le et commencez \u00e0 l&rsquo;avance le traitement naturel. Un soutien est propos\u00e9 pendant toute la dur\u00e9e de votre accueil. Pour nous contacter, cliquez sur le bouton WhatsApp dans le coin droit de l&rsquo;\u00e9cran ou contactez-nous au +229-0163754465.<\/strong><\/p>\n<p>Nous sommes repr\u00e9sent\u00e9s dans tous les pays africains et sommes actifs en\u00a0<strong>France<\/strong>, au\u00a0<strong>Cameroun, en C\u00f4te d&rsquo;Ivoire, au Mali, au S\u00e9n\u00e9gal, au Burkina Faso, au Togo, au Kenya, au Nigeria, au Gabon, en R\u00e9publique centrafricaine, au B\u00e9nin, au Tchad, au Congo- Brazzaville et \u00e0 Kinshasa<\/strong>. Soyez donc s\u00fbr de recevoir vos produits imm\u00e9diatement apr\u00e8s votre commande.<\/p>\n<p><strong>La livraison est gratuite partout dans le monde.<\/strong><\/p>","protected":false},"excerpt":{"rendered":"<p><strong>Traitement naturel pour soigner la frigidit\u00e9 f\u00e9minine<\/strong><\/p>\n<p>La frigidit\u00e9 d\u00e9signe une diminution ou une absence de plaisir pendant les rapports sexuels. On parle aussi de frigidit\u00e9 lorsque la femme \u00e9prouve du d\u00e9sir mais pas de plaisir.\u00a0La frigidit\u00e9 f\u00e9minine\u00a0fait partie des diff\u00e9rents troubles du d\u00e9sir sexuel. C&rsquo;est un trouble\u00a0qui n\u2019est pas une fatalit\u00e9 et peut \u00eatre r\u00e9solu. Les causes de la frigidit\u00e9 peuvent \u00eatre aussi multiples qu&rsquo;elles ne\u00a0sont vari\u00e9es. Chaque situation est donc unique tout comme le ressenti de chaque femme. Pourtant, sa connotation est encore tr\u00e8s p\u00e9jorative et d\u00e9valorisante pour la femme.<img loading=\"lazy\" decoding=\"async\" class=\"img-center\" src=\"https:\/\/www.lesplantesafricaines.com\/medias\/images\/frigidite-feminine.jpg\" alt=\"Frigidite feminine\" width=\"1254\" height=\"836\" \/><\/p>\n<p>Nous avons un traitement naturel tr\u00e8s efficace pour vous gu\u00e9rir d\u00e9finitivement\u00a0la frigidit\u00e9 f\u00e9minine. Ce traitement vous permettra de rehausser votre libido et d&rsquo;augmenter votre plaisir pendant les rapports sexuels. Il augmentera \u00e9galement vos chances d&rsquo;atteindre l&rsquo;orgasme.<\/p>\n<p>Notre traitement \u00e0 base de plantes \u00e9voque chez la\u00a0femme un excellent d\u00e9sir\u00a0sexuel. Il suffit de prendre une cuill\u00e8re \u00e0 caf\u00e9 de tisane\u00a0avec de l&rsquo;eau ti\u00e8de accompagn\u00e9e de quelques recettes sp\u00e9ciales sur une p\u00e9riode de deux\u00a0mois pour retrouver votre d\u00e9sir sexuel\u202f!<\/p>\n<p>&nbsp;<\/p>\n<h4>Principes actifs du traitement naturel pour soigner la frigidit\u00e9 f\u00e9minine<\/h4>\n<p>Les principes actifs des plantes qui composent notre traitement naturel permettront d&rsquo;augmenter votre libido.\u00a0Ils activent les processus d&rsquo;excitation sexuelle et acc\u00e9l\u00e8rent la transmission des signaux des terminaisons nerveuses au cerveau.\u00a0Les ingr\u00e9dients naturels de ce rem\u00e8de stimulent le flux sanguin vers les\u00a0zones \u00e9rog\u00e8nes\u00a0de la femme soient les organes g\u00e9nitaux, le clitoris\u00a0et les mamelons. Notre traitement vous aidera \u00e0 stimuler votre libido et \u00e0 retrouver votre app\u00e9tit sexuel. Il vous permettra de lib\u00e9rer votre esprit et\u00a0de tonifier l&rsquo;ensemble de votre corps. Il\u00a0aidera aussi \u00e0\u00a0prolonger vos rapports sexuels et\u00a0stimuler vos sens.\u00a0Gr\u00e2ce \u00e0 notre traitement, vous \u00a0aurez une excitation sexuelle au beau fixe et\u00a0vous serez en mesure d&rsquo;atteindre l&rsquo;orgasme.<\/p>\n<h4>Dur\u00e9e\u00a0du traitement<\/h4>\n<p>La dur\u00e9e du traitement pour soigner d\u00e9finitivement la frigidit\u00e9 f\u00e9minine est de 1 \u00e0 3 mois. Elle variera en fonction de la cause et de la nature de votre frigidit\u00e9.\u00a0Pendant toute la dur\u00e9e du traitement, il est indispensable que vous soyez disciplin\u00e9e et que vous ne ratiez aucune prise des produits.\u00a0A la fin du traitement, vous serez d\u00e9finitivement gu\u00e9rie de la frigidit\u00e9 f\u00e9minine. Faites nous confiance, c&rsquo;est le rem\u00e8de miracle dont vous avez besoin pour booster votre libido et profiter pleinement des\u00a0 relations sexuelles avec votre partenaire.<\/p>\n<p>Commandez-le d\u00e8s maintenant et commencez au plus t\u00f4t votre traitement naturel pour gu\u00e9rir la frigidit\u00e9 f\u00e9minine. Un accompagnement est propos\u00e9 pendant toute la dur\u00e9e de votre traitement. Pour nous contacter, cliquez sur le bouton WhatsApp dans le coin droit de l&rsquo;\u00e9cran ou contactez-nous au <strong>+229-0163754465.<\/strong><\/p>\n<p align=\"center\">CLIQUEZ ICI POUR L\u2019OBTENIR<\/p>\n<p>Nous sommes repr\u00e9sent\u00e9s dans tous les pays africains et sommes actifs au\u00a0<b>Cameroun, en C\u00f4te d&rsquo;Ivoire, au Mali, au S\u00e9n\u00e9gal, au Burkina Faso, au Togo, au Kenya, au Nigeria, au Gabon, en R\u00e9publique centrafricaine, au B\u00e9nin, au Tchad, au Congo- Brazzaville et \u00e0 Kinshasa<\/b>. Soyez donc s\u00fbr de recevoir vos produits imm\u00e9diatement apr\u00e8s votre commande.<\/p>\n<p><b>La livraison est gratuite partout dans le monde.<\/b><\/p>\n<p>&nbsp;<\/p>\n<h1><strong>Plantes et rem\u00e8des naturels pour booster la libido et soigner la frigidit\u00e9 f\u00e9minine<\/strong><\/h1>\n<ul>\n<li><strong><u>Le ginseng<\/u><\/strong><\/li>\n<\/ul>\n<p>Le ginseng est\u00a0un excellent stimulant. Il permet de traiter les probl\u00e8mes sexuels tels que la panne sexuelle ou\u00a0une baisse de libido. Le ginseng permet d&rsquo;augmenter la vitalit\u00e9 de tout l&rsquo;organisme. Il augmente naturellement la production d&rsquo;hormones sexuelles au niveau des glandes surr\u00e9nales, des testicules et des ovaires. Il est id\u00e9al en cas de frigidit\u00e9, d&rsquo;impuissance, de stress, de fatigue, de baisse de tonus ou de libido. C&rsquo;est un excellent aphrodisiaque, aussi bien pour la femme que pour l&rsquo;homme.<\/p>\n<p><img loading=\"lazy\" decoding=\"async\" class=\"img-center\" src=\"https:\/\/www.lesplantesafricaines.com\/medias\/images\/ginseng.webp?fx=c_600_400\" alt=\"Ginseng\" width=\"600\" height=\"400\" \/><\/p>\n<ul>\n<li><strong><u>Le gingembre<\/u><\/strong><\/li>\n<\/ul>\n<p>Le gingembre est \u00e9galement un excellent aphrodisiaque. Il permet de stimuler\u00a0l&rsquo;appareil g\u00e9nital et d&rsquo;am\u00e9liorer la circulation des extr\u00e9mit\u00e9s. Il a un effet vasodilatateur. Sa consommation\u00a0augmente le flux sanguin dans les organes g\u00e9nitaux f\u00e9minins et\u00a0masculins. Il\u00a0permet de\u00a0rendre plus puissants les orgasmes f\u00e9minins et de\u00a0renforcer l\u2019\u00e9rection de l\u2019homme.<\/p>\n<p><img loading=\"lazy\" decoding=\"async\" class=\"img-center\" src=\"https:\/\/www.lesplantesafricaines.com\/medias\/images\/jengibre.jpg?fx=c_600_400\" alt=\"Jengibre\" width=\"600\" height=\"400\" \/><\/p>\n<p>&nbsp;<\/p>\n<ul>\n<li><u><strong>La maca p\u00e9ruvienne<\/strong><\/u><\/li>\n<\/ul>\n<p>La maca p\u00e9ruvienne permet de stimuler la libido et d&rsquo;augmenter le d\u00e9sir sexuel. Elle permet aussi de vaincre les pannes de d\u00e9sir qui peuvent survenir \u00e0 tout moment. La maca permet de traiter les probl\u00e8mes sexuels tels que:\u00a0la frigidit\u00e9 f\u00e9minine, l\u2019impuissance, l\u2019infertilit\u00e9, l\u2019\u00e9jaculation pr\u00e9coce\u00a0ainsi que les troubles de l\u2019\u00e9rection.<img loading=\"lazy\" decoding=\"async\" class=\"img-center\" src=\"https:\/\/www.lesplantesafricaines.com\/medias\/images\/maca-peruvienne.webp?fx=c_600_400\" alt=\"Maca peruvienne\" width=\"600\" height=\"400\" \/><\/p>\n<p>&nbsp;<\/p>\n<ul>\n<li><strong><u>Le clou de girofle<\/u><\/strong><\/li>\n<\/ul>\n<p>Le clou de girofle est un puissant aphrodisiaque naturel. Il\u00a0augmente\u00a0l\u2019afflux sanguin et donne\u00a0du tonus. Sa consommation\u00a0exacerberait les sens chez les femmes et\u00a0entra\u00eenerait une\u00a0\u00e9rection plus puissante chez les hommes.<\/p>\n<p><img loading=\"lazy\" decoding=\"async\" class=\"img-center\" src=\"https:\/\/www.lesplantesafricaines.com\/medias\/images\/clavo-de-olor.webp?fx=c_600_400\" alt=\"Clavo de olor\" width=\"600\" height=\"400\" \/><\/p>\n<p>&nbsp;<\/p>\n<ul>\n<li><strong><u>La noix de cola<\/u><\/strong><\/li>\n<\/ul>\n<p>La noix de cola a des vertus euphorisantes et aphrodisiaques\u00a0li\u00e9es aux principes actifs excitants qu\u2019elles contiennent. Elles sont reconnues comme \u00e9tant un puissant tonifiant et \u00e9nergisant.\u00a0<img loading=\"lazy\" decoding=\"async\" class=\"img-center\" src=\"https:\/\/www.lesplantesafricaines.com\/medias\/images\/noix-de-cola.jpg?fx=c_600_400\" alt=\"Noix de cola\" width=\"600\" height=\"400\" \/><\/p>\n<p>CET ARTICLE POURRAIT VOUS INTERESSER:\u00a0Frigidit\u00e9 F\u00e9minine: Rem\u00e8des Naturels, Causes et Sympt\u00f4mes<\/p>\n<p>&nbsp;<\/p>\n<p>Nous avons un rem\u00e8de naturel tr\u00e8s efficace pour soigner la frigidit\u00e9 f\u00e9minine et augmenter votre app\u00e9tit sexuel.<\/p>\n<p>&nbsp;<\/p>\n<p>Commandez-le d\u00e8s maintenant et commencez au plus t\u00f4t votre traitement naturel pour gu\u00e9rir la frigidit\u00e9 f\u00e9minine. Un accompagnement est propos\u00e9 pendant toute la dur\u00e9e de votre traitement. Pour nous contacter, cliquez sur le bouton WhatsApp dans le coin droit de l&rsquo;\u00e9cran ou contactez-nous au <strong>+229-0163754465.<\/strong><\/p>\n<p align=\"center\">CLIQUEZ ICI POUR L\u2019OBTENIR<\/p>\n<p>Nous sommes repr\u00e9sent\u00e9s dans tous les pays africains et sommes actifs au\u00a0<b>Cameroun, en C\u00f4te d&rsquo;Ivoire, au Mali, au S\u00e9n\u00e9gal, au Burkina Faso, au Togo, au Kenya, au Nigeria, au Gabon, en R\u00e9publique centrafricaine, au B\u00e9nin, au Tchad, au Congo- Brazzaville et \u00e0 Kinshasa<\/b>. Soyez donc s\u00fbr de recevoir vos produits imm\u00e9diatement apr\u00e8s votre commande.<\/p>\n<p><b>La livraison est gratuite partout dans le monde.<\/b><\/p>\n<p><strong>Causes de la frigidit\u00e9 f\u00e9minine<\/strong><\/p>\n<p>Il faut savoir que la frigidit\u00e9 n\u2019est pas une maladie en soit mais plut\u00f4t un trouble sexuel. Ses causes sont nombreuses et peuvent \u00eatre d\u2019ordre psychologique ou d\u2019ordre physiologique.<\/p>\n<h3>Les causes d\u2019ordre psychologique<\/h3>\n<ul>\n<li>Un \u00e9v\u00e8nement traumatisant pendant l\u2019enfance<\/li>\n<li>Une \u00e9ducation stricte d\u00e9valorisant la sexualit\u00e9<\/li>\n<li>Un manque de confiance<\/li>\n<li>Une difficult\u00e9 \u00e0 accepter son corps<\/li>\n<li>Une maladresse de son partenaire ou une mauvaise entente dans le couple<\/li>\n<li>Une absence de sentiments pour son partenaire<\/li>\n<li>Une absence de pr\u00e9liminaires<\/li>\n<li>Une mauvaise exp\u00e9rience<\/li>\n<li>Un manque d\u2019int\u00e9r\u00eat pour le sexe<\/li>\n<\/ul>\n<h3>Les causes d\u2019ordre physiologique<\/h3>\n<ul>\n<li>Le\u00a0diab\u00e8te<\/li>\n<li>La\u00a0scl\u00e9rose en plaques<\/li>\n<li>Une malformation ou un dysfonctionnement g\u00e9nital<\/li>\n<li>Des troubles hormonaux<\/li>\n<li>La prise de certains traitements comme les antid\u00e9presseurs, les anxiolytiques, les psychotropes<\/li>\n<li>Le stress et l\u2019anxi\u00e9t\u00e9<\/li>\n<li>Les suites d\u2019une op\u00e9ration<\/li>\n<li>La d\u00e9pression<\/li>\n<li>La naissance d\u2019un enfant et plus particuli\u00e8rement une \u00e9pisiotomie<\/li>\n<li>Une insuffisance thyro\u00efdienne<\/li>\n<\/ul>\n<h3>Avis de nos experts<\/h3>\n<p>Consommer\u00a0plus d&rsquo;aliments comme le gingembre, les graines de citrouille, les chocolats, les germes et les \u0153ufs,\u00a0contribue \u00e0 augmenter le d\u00e9sir sexuel des femmes. Vous devez aussi expliquer\u00a0\u00e0 votre partenaire masculin votre niveau de tol\u00e9rance. Il est important de lui faire comprendre si c&rsquo;est agr\u00e9able ou douloureux. \u00c0 moins que vous ne lui expliquiez votre douleur ou votre niveau de tol\u00e9rance, il ne le comprendra jamais.<\/p>\n<p>Nous avons un rem\u00e8de naturel tr\u00e8s efficace pour soigner la frigidit\u00e9 f\u00e9minine et augmenter votre app\u00e9tit sexuel.<\/p>\n<p>Commandez-le d\u00e8s maintenant et commencez au plus t\u00f4t votre traitement naturel pour gu\u00e9rir la frigidit\u00e9 f\u00e9minine. Un accompagnement est propos\u00e9 pendant toute la dur\u00e9e de votre traitement. Pour nous contacter, cliquez sur le bouton WhatsApp dans le coin droit de l&rsquo;\u00e9cran ou contactez-nous au <strong>+229-0163754465.<\/strong><\/p>\n<p align=\"center\">CLIQUEZ ICI POUR L\u2019OBTENIR<\/p>\n<p>Nous sommes repr\u00e9sent\u00e9s dans tous les pays africains et sommes actifs au\u00a0<b>Cameroun, en C\u00f4te d&rsquo;Ivoire, au Mali, au S\u00e9n\u00e9gal, au Burkina Faso, au Togo, au Kenya, au Nigeria, au Gabon, en R\u00e9publique centrafricaine, au B\u00e9nin, au Tchad, au Congo- Brazzaville et \u00e0 Kinshasa<\/b>. Soyez donc s\u00fbr de recevoir vos produits imm\u00e9diatement apr\u00e8s votre commande.<\/p>\n<p><b>La livraison est gratuite partout dans le monde.<\/b><\/p>","protected":false},"featured_media":1310,"comment_status":"open","ping_status":"closed","template":"","meta":[],"product_brand":[],"product_cat":[113],"product_tag":[],"class_list":{"0":"post-1358","1":"product","2":"type-product","3":"status-publish","4":"has-post-thumbnail","6":"product_cat-remede-naturel-contre-la-frigidite-vaginale","8":"first","9":"instock","10":"shipping-taxable","11":"purchasable","12":"product-type-simple"},"_links":{"self":[{"href":"https:\/\/santebio.bio\/ar\/wp-json\/wp\/v2\/product\/1358","targetHints":{"allow":["GET"]}}],"collection":[{"href":"https:\/\/santebio.bio\/ar\/wp-json\/wp\/v2\/product"}],"about":[{"href":"https:\/\/santebio.bio\/ar\/wp-json\/wp\/v2\/types\/product"}],"replies":[{"embeddable":true,"href":"https:\/\/santebio.bio\/ar\/wp-json\/wp\/v2\/comments?post=1358"}],"version-history":[{"count":0,"href":"https:\/\/santebio.bio\/ar\/wp-json\/wp\/v2\/product\/1358\/revisions"}],"wp:featuredmedia":[{"embeddable":true,"href":"https:\/\/santebio.bio\/ar\/wp-json\/wp\/v2\/media\/1310"}],"wp:attachment":[{"href":"https:\/\/santebio.bio\/ar\/wp-json\/wp\/v2\/media?parent=1358"}],"wp:term":[{"taxonomy":"product_brand","embeddable":true,"href":"https:\/\/santebio.bio\/ar\/wp-json\/wp\/v2\/product_brand?post=1358"},{"taxonomy":"product_cat","embeddable":true,"href":"https:\/\/santebio.bio\/ar\/wp-json\/wp\/v2\/product_cat?post=1358"},{"taxonomy":"product_tag","embeddable":true,"href":"https:\/\/santebio.bio\/ar\/wp-json\/wp\/v2\/product_tag?post=1358"}],"curies":[{"name":"wp","href":"https:\/\/api.w.org\/{rel}","templated":true}]}}