{"id":1377,"date":"2026-03-09T08:47:39","date_gmt":"2026-03-09T08:47:39","guid":{"rendered":"https:\/\/herbs.thewebexperts.net\/?post_type=product&#038;p=1377"},"modified":"2026-03-19T13:56:26","modified_gmt":"2026-03-19T12:56:26","slug":"acouphenes-solution-par-les-plantes","status":"publish","type":"product","link":"https:\/\/santebio.bio\/ar\/product\/acouphenes-solution-par-les-plantes\/","title":{"rendered":"Acouph\u00e8nes solution par les plantes"},"content":{"rendered":"","protected":false},"excerpt":{"rendered":"<h2>Astuces si vous souffrez d&rsquo;accouph\u00e8nes<\/h2>\n<p><strong>Astuce n \u00b0 1: \u00e9vitez le silence et cherchez \u00e0 vous distraire<\/strong><br \/>\nSurtout la nuit, les personnes concern\u00e9es se concentrent sur les bruits d\u00e9rangeants: dans le silence, ils apparaissent plusieurs fois plus forts.\u00a0En se concentrant sur les bips et les vrombissements, le niveau de souffrance est extr\u00eamement augment\u00e9 \u00e0 long terme.\u00a0Pour faciliter l&rsquo;endormissement, une musique douce peut aider: elle devrait \u00eatre un peu plus forte que le son des acouph\u00e8nes pour le couvrir.\u00a0Mettre en place des fontaines \u00e9claboussantes peut \u00e9galement aider \u00e0 d\u00e9tourner l&rsquo;attention.<\/p>\n<p><strong>Conseil n \u00b0 2: portez une protection auditive et \u00e9vitez les sources de bruit<\/strong><br \/>\nLors d&rsquo;activit\u00e9s bruyantes ou d&rsquo;assister \u00e0 un concert, les personnes concern\u00e9es doivent absolument porter une protection auditive.\u00a0Il peut \u00e9galement \u00eatre utile dans la vie de tous les jours d&rsquo;avoir des bouchons d&rsquo;oreille \u00e0 port\u00e9e de main: de cette fa\u00e7on, le bruit peut \u00eatre \u00e9touff\u00e9 dans les situations aigu\u00ebs.\u00a0Ces facteurs perturbateurs peuvent \u00eatre, par exemple, le trafic routier ou le bruit souterrain.\u00a0Les sources de bruit peuvent exacerber les sympt\u00f4mes et m\u00eame d\u00e9clencher des acouph\u00e8nes.\u00a0Par cons\u00e9quent, il faut \u00e9galement \u00e9viter d&rsquo;\u00e9couter de la musique forte.<\/p>\n<p><strong>Astuce 3: Tenez un journal et trouvez des d\u00e9clencheurs Les<\/strong><br \/>\nacouph\u00e8nes peuvent avoir plusieurs causes: Afin d&rsquo;identifier les d\u00e9clencheurs, il est utile de tenir un journal.\u00a0Les applications sp\u00e9ciales sont \u00e9galement bien adapt\u00e9es.\u00a0Les personnes concern\u00e9es peuvent documenter l&rsquo;alimentation, les activit\u00e9s de loisirs et la consommation d&rsquo;aliments de luxe.\u00a0La nicotine, l&rsquo;alcool ou la caf\u00e9ine ont un effet stimulant sur le syst\u00e8me nerveux: les sympt\u00f4mes sont souvent exacerb\u00e9s par leur consommation.\u00a0Les personnes sensibles doivent donc \u00e9viter les cigarettes, le caf\u00e9 et l&rsquo;alcool.\u00a0Souvent, cependant, d&rsquo;autres d\u00e9clencheurs \u00e9mergent du journal.\u00a0Une analyse approfondie peut identifier ces d\u00e9clencheurs afin qu&rsquo;ils puissent \u00eatre \u00e9vit\u00e9s \u00e0 l&rsquo;avenir.<\/p>\n<p><strong>Commandez-le et commencez \u00e0 l&rsquo;avance le traitement naturel. Un soutien est propos\u00e9 pendant toute la dur\u00e9e de votre accueil. Pour nous contacter, cliquez sur le bouton WhatsApp dans le coin droit de l&rsquo;\u00e9cran ou contactez-nous au +229 01 63 75 44 65.<\/strong><\/p>\n<p>Nous sommes repr\u00e9sent\u00e9s dans tous les pays africains et sommes actifs en\u00a0<strong>France<\/strong>, au\u00a0<strong>Cameroun, en C\u00f4te d&rsquo;Ivoire, au Mali, au S\u00e9n\u00e9gal, au Burkina Faso, au Togo, au Kenya, au Nigeria, au Gabon, en R\u00e9publique centrafricaine, au B\u00e9nin, au Tchad, au Congo- Brazzaville et \u00e0 Kinshasa<\/strong>. Soyez donc s\u00fbr de recevoir vos produits imm\u00e9diatement apr\u00e8s votre commande.<\/p>\n<p><strong>La livraison est gratuite partout dans le monde.<\/strong><\/p>\n<p><strong>Astuce n \u00b0 4: briser le cercle vicieux du stress<\/strong><br \/>\nSouvent, les acouph\u00e8nes sont dus \u00e0 une surcharge nerveuse.\u00a0Une fois sur place, le bruit fant\u00f4me conduit \u00e0 une augmentation du niveau de stress.\u00a0Un cercle vicieux est cr\u00e9\u00e9 qui doit \u00eatre bris\u00e9.\u00a0Les personnes touch\u00e9es devraient moins remplir leur agenda et pr\u00e9voir des plages horaires plus longues.\u00a0Des exercices de relaxation comme le yoga ou la relaxation musculaire progressive peuvent \u00e9galement aider \u00e0 r\u00e9duire les niveaux de cortisol.\u00a0L&rsquo;utilisation de l&rsquo;huile de lavande comme spray d&rsquo;oreiller ou comme parfum d&rsquo;ambiance peut \u00e9galement avoir un effet calmant et \u00e9quilibrant.<\/p>\n<p>En plus de la relaxation, l&rsquo;activit\u00e9 physique peut \u00e9galement aider \u00e0 r\u00e9duire le stress.\u00a0Les endorphines produites pendant l&rsquo;exercice soul\u00e8vent l&rsquo;humeur et am\u00e9liorent l&rsquo;humeur.\u00a0Cependant, l&rsquo;augmentation du flux sanguin peut initialement aggraver les sympt\u00f4mes.\u00a0Cependant, l&rsquo;effort physique facilite souvent l&rsquo;endormissement.\u00a0De plus, les personnes touch\u00e9es ne se concentrent plus sur le bruit de fond pendant l&rsquo;exercice.\u00a0Ainsi, il contribue \u00e9galement de mani\u00e8re significative \u00e0 la distraction.<\/p>\n<p><strong>Astuce 5: Vitamines et rem\u00e8des maison Les<\/strong><br \/>\nmicronutriments et divers rem\u00e8des maison peuvent aider \u00e0 att\u00e9nuer les bruits fant\u00f4mes r\u00e9sultant de l&rsquo;activit\u00e9 nerveuse d\u00e9fectueuse.\u00a0L&rsquo;apport de magn\u00e9sium et de vitamines B peut aider \u00e0 se d\u00e9tendre et augmenter la r\u00e9sistance au stress.\u00a0La fonction nerveuse est soutenue et le cercle vicieux du stress peut \u00eatre bris\u00e9 plus facilement.\u00a0Si l&rsquo;acouph\u00e8ne est caus\u00e9 par la circulation, les plantes m\u00e9dicinales contenant du ginko peuvent \u00e9galement aider \u00e0 am\u00e9liorer les sympt\u00f4mes.\u00a0Le gingembre a \u00e9galement fait ses preuves en tant que rem\u00e8de maison, car il est \u00e9galement cens\u00e9 favoriser la circulation sanguine.<\/p>\n<p>&nbsp;<\/p>\n<p>Rem\u00e8de et traitement \u00e0 base de plantes pour lutter contre les troubles des acouph\u00e8nes. Quelque soit le grade de vos acouph\u00e8nes ce traitement vous donnera satisfaction.<\/p>\n<p>Les acouph\u00e8nes peuvent \u00eatre d\u00e9crits comme un grondement, une sonnerie, un bruit, un rugissement, un sifflement et sont parfois variables et complexes.\u00a0Elle peut \u00eatre intermittente, continue ou lancinante (synchrone avec le rythme cardiaque).\u00a0Les acouph\u00e8nes continus sont ennuyeux et souvent assez ennuyeux.\u00a0Certains patients s&rsquo;adaptent mieux \u00e0 la pr\u00e9sence d&rsquo;acouph\u00e8nes que d&rsquo;autres;\u00a0parfois la d\u00e9pression s&rsquo;installe.\u00a0Le stress exacerbe g\u00e9n\u00e9ralement les acouph\u00e8nes.<\/p>\n<p><strong>Commandez-le et commencez \u00e0 l&rsquo;avance le traitement naturel. Un soutien est propos\u00e9 pendant toute la dur\u00e9e de votre accueil. Pour nous contacter, cliquez sur le bouton WhatsApp dans le coin droit de l&rsquo;\u00e9cran ou contactez-nous au +229 01 63 75 44 65.<\/strong><\/p>\n<p>Nous sommes repr\u00e9sent\u00e9s dans tous les pays africains et sommes actifs en\u00a0<strong>France<\/strong>, au\u00a0<strong>Cameroun, en C\u00f4te d&rsquo;Ivoire, au Mali, au S\u00e9n\u00e9gal, au Burkina Faso, au Togo, au Kenya, au Nigeria, au Gabon, en R\u00e9publique centrafricaine, au B\u00e9nin, au Tchad, au Congo- Brazzaville et \u00e0 Kinshasa<\/strong>. Soyez donc s\u00fbr de recevoir vos produits imm\u00e9diatement apr\u00e8s votre commande.<\/p>\n<p><strong>La livraison est gratuite partout dans le monde.<\/strong><\/p>\n<h2>Solution naturelle aux acouph\u00e8nes<\/h2>\n<p>Si vous recherchez un\u00a0rem\u00e8de naturel efficace pour soigner les acouph\u00e8nes\u00a0(bourdonnement d\u2019oreilles), vous \u00eates au bon endroit. L\u2019objectif de notre traitement est de vous aider \u00e0 g\u00e9rer votre perception du son dans votre t\u00eate. Grace \u00e0 notre rem\u00e8de naturel, vous allez pouvoir arr\u00eater le son per\u00e7u et am\u00e9liorer votre qualit\u00e9 de vie. Notre tisane est compos\u00e9e des meilleures plantes au monde pour gu\u00e9rir des acouph\u00e8nes.<\/p>\n<p>Ce rem\u00e8de est compos\u00e9 de plusieurs plantes particuli\u00e8rement efficaces pour calmer les muqueuses, r\u00e9duire l\u2019exc\u00e8s d\u2019\u00e9paisseur et les sons de bourdonnement. Il est utilis\u00e9 depuis des dizaines d\u2019ann\u00e9es pour une multitude de probl\u00e8mes de sant\u00e9. Il est consid\u00e9r\u00e9 comme un antibact\u00e9rien, un anti-inflammatoire et un stimulant immunitaire. Il augmente le flux sanguin, la fonction c\u00e9r\u00e9brale et l\u2019utilisation d\u2019oxyg\u00e8ne. Il a de nombreuses implications et est tr\u00e8s efficace pour\u00a0am\u00e9liorer la m\u00e9moire, lutter contre les acouph\u00e8nes, les\u00a0sympt\u00f4mes de la m\u00e9nopause, les\u00a0accidents vasculaires c\u00e9r\u00e9braux, la d\u00e9g\u00e9n\u00e9rescence musculaire, les troubles de l\u2019audition.<\/p>\n<p>L\u2019efficacit\u00e9 de notre th\u00e9rapie pour gu\u00e9rir des acouph\u00e8nes est reconnue scientifiquement. Faites-nous confiance et vous serez d\u00e9finitivement d\u00e9barrass\u00e9e de ce mal. La solution pour gu\u00e9rir des acouph\u00e8nes(bourdonnement d\u2019oreille) se trouve dans les plantes.<\/p>\n<p><strong>Dur\u00e9e du traitement naturel:<\/strong>\u00a0Notre traitement par les plantes m\u00e9dicinales contre les acouph\u00e8nes (bourdonnement d\u2019oreille) varie de 1 \u00e0 2 mois. Soyez sans crainte ! Bient\u00f4t vous pourrez dormir tranquille et retrouv\u00e9 la paix. Notre prise en charge est individualis\u00e9e. Elle varie en fonction de vos sympt\u00f4mes et de vos attentes.<\/p>\n<p><strong>Commandez-le et commencez \u00e0 l&rsquo;avance le traitement naturel. Un soutien est propos\u00e9 pendant toute la dur\u00e9e de votre accueil. Pour nous contacter, cliquez sur le bouton WhatsApp dans le coin droit de l&rsquo;\u00e9cran ou contactez-nous au +229 01 63 75 44 65.<\/strong><\/p>\n<p>Nous sommes repr\u00e9sent\u00e9s dans tous les pays africains et sommes actifs en\u00a0<strong>France<\/strong>, au\u00a0<strong>Cameroun, en C\u00f4te d&rsquo;Ivoire, au Mali, au S\u00e9n\u00e9gal, au Burkina Faso, au Togo, au Kenya, au Nigeria, au Gabon, en R\u00e9publique centrafricaine, au B\u00e9nin, au Tchad, au Congo- Brazzaville et \u00e0 Kinshasa<\/strong>. Soyez donc s\u00fbr de recevoir vos produits imm\u00e9diatement apr\u00e8s votre commande.<\/p>\n<p><strong>La livraison est gratuite partout dans le monde.<\/strong><\/p>\n<p><strong>Nous livrons partout dans le monde<\/strong><\/p>","protected":false},"featured_media":1378,"comment_status":"open","ping_status":"closed","template":"","meta":[],"product_brand":[],"product_cat":[118],"product_tag":[],"class_list":{"0":"post-1377","1":"product","2":"type-product","3":"status-publish","4":"has-post-thumbnail","6":"product_cat-soulager-les-acouphenes-avec-les-plantes","8":"first","9":"instock","10":"shipping-taxable","11":"purchasable","12":"product-type-simple"},"_links":{"self":[{"href":"https:\/\/santebio.bio\/ar\/wp-json\/wp\/v2\/product\/1377","targetHints":{"allow":["GET"]}}],"collection":[{"href":"https:\/\/santebio.bio\/ar\/wp-json\/wp\/v2\/product"}],"about":[{"href":"https:\/\/santebio.bio\/ar\/wp-json\/wp\/v2\/types\/product"}],"replies":[{"embeddable":true,"href":"https:\/\/santebio.bio\/ar\/wp-json\/wp\/v2\/comments?post=1377"}],"version-history":[{"count":0,"href":"https:\/\/santebio.bio\/ar\/wp-json\/wp\/v2\/product\/1377\/revisions"}],"wp:featuredmedia":[{"embeddable":true,"href":"https:\/\/santebio.bio\/ar\/wp-json\/wp\/v2\/media\/1378"}],"wp:attachment":[{"href":"https:\/\/santebio.bio\/ar\/wp-json\/wp\/v2\/media?parent=1377"}],"wp:term":[{"taxonomy":"product_brand","embeddable":true,"href":"https:\/\/santebio.bio\/ar\/wp-json\/wp\/v2\/product_brand?post=1377"},{"taxonomy":"product_cat","embeddable":true,"href":"https:\/\/santebio.bio\/ar\/wp-json\/wp\/v2\/product_cat?post=1377"},{"taxonomy":"product_tag","embeddable":true,"href":"https:\/\/santebio.bio\/ar\/wp-json\/wp\/v2\/product_tag?post=1377"}],"curies":[{"name":"wp","href":"https:\/\/api.w.org\/{rel}","templated":true}]}}