{"id":1396,"date":"2026-03-09T09:15:41","date_gmt":"2026-03-09T09:15:41","guid":{"rendered":"https:\/\/herbs.thewebexperts.net\/?post_type=product&#038;p=1396"},"modified":"2026-03-19T11:36:54","modified_gmt":"2026-03-19T10:36:54","slug":"condylomes-traitement-a-base-de-plantes","status":"publish","type":"product","link":"https:\/\/santebio.bio\/ar\/product\/condylomes-traitement-a-base-de-plantes\/","title":{"rendered":"Condylomes : traitement \u00e0 base de plantes"},"content":{"rendered":"<p>Le traitement naturel que nous vous proposons est \u00e0 base de plantes et herbes qui ont des propri\u00e9t\u00e9s antivirale, immunostimulante, n\u00e9crotique \u00e0 action brulante et des agents cytotoxiques qui emp\u00eachent la croissance et la propagation des verrues.<\/p>\n<p><strong>Commandez-le et commencez \u00e0 l&rsquo;avance le traitement naturel. Un soutien est propos\u00e9 pendant toute la dur\u00e9e de votre accueil. Pour nous contacter, cliquez sur le bouton WhatsApp dans le coin droit de l&rsquo;\u00e9cran ou contactez-nous au +229 01 63 75 44 65.<\/strong><\/p>\n<p>Nous sommes repr\u00e9sent\u00e9s dans tous les pays africains et sommes actifs en\u00a0<strong>France<\/strong>, au\u00a0<strong>Cameroun, en C\u00f4te d&rsquo;Ivoire, au Mali, au S\u00e9n\u00e9gal, au Burkina Faso, au Togo, au Kenya, au Nigeria, au Gabon, en R\u00e9publique centrafricaine, au B\u00e9nin, au Tchad, au Congo- Brazzaville et \u00e0 Kinshasa<\/strong>. Soyez donc s\u00fbr de recevoir vos produits imm\u00e9diatement apr\u00e8s votre commande.<\/p>\n<p><strong>La livraison est gratuite partout dans le monde.<\/strong><\/p>","protected":false},"excerpt":{"rendered":"<p>Les verrues g\u00e9nitales, ou verrues g\u00e9nitales, sont l&rsquo;une des maladies sexuellement transmissibles les plus courantes.\u00a0Les verrues g\u00e9nitales sont caus\u00e9es par des virus du papillomavirus humain (HPV), similaires aux virus qui causent des verrues cutan\u00e9es normales.<\/p>\n<p>Souvent, le porteur du VPH peut \u00eatre asymptomatique pendant de nombreuses ann\u00e9es et ce n&rsquo;est qu&rsquo;avec une diminution de l&rsquo;immunit\u00e9 de la femme que la maladie commence \u00e0 se manifester par des verrues et des condylomes.<br \/>\nExt\u00e9rieurement, ces n\u00e9oplasmes ressemblent au chou-fleur, les excroissances peuvent \u00eatre autour de l&rsquo;anus, sur la vulve ou dans le vagin.<\/p>\n<p>Les verrues peuvent se d\u00e9velopper et provoquer des br\u00fblures ou des d\u00e9mangeaisons.\u00a0Ce sont des<strong>\u00a0tumeurs b\u00e9nignes<\/strong>, mais si elles ne sont pas trait\u00e9es, le VPH provoque des mutations dans les cellules humaines, ce qui peut \u00e9galement conduire au cancer du col de l&rsquo;ut\u00e9rus.<\/p>\n<h2><strong>REM\u00c8DE NATUREL POUR TRAITER LES CONDYLOMES<\/strong><\/h2>\n<p>Le traitement naturel que nous vous proposons est \u00e0 base de plantes et herbes qui ont des propri\u00e9t\u00e9s antivirale, immunostimulante, n\u00e9crotique \u00e0 action brulante et des agents cytotoxiques qui emp\u00eachent la croissance et la propagation des verrues.<\/p>\n<p>Notre traitement naturel pour d\u00e9truire les condylomes est compos\u00e9 de 2 \u00e9l\u00e9ments\u00a0: une pommade et une tisane. La pommade anti verrues est un rem\u00e8de naturel brulante, mais tr\u00e8s efficace pour \u00e9liminer les verrues. Ils contiennent des plantes qui permettent de bruler les verrues. Il emp\u00eache la croissance et la propagation des verrues. Ce rem\u00e8de naturel permet de r\u00e9duire aussi l\u2019inflammation, calme les d\u00e9mangeaisons, d\u00e9truit le virus et lutte contre les infections. Quant \u00e0 la tisane, elle permet de renforcer l\u2019action de la pommade. Notre rem\u00e8de qui est 100% naturel vous permettra d\u2019\u00e9viter la chirurgie, il est sans effets secondaires et traite efficacement les verrues chez les femmes comme chez les hommes.<\/p>\n<p>Notre traitement est d\u00e9finitif, contrairement \u00e0 la chirurgie contre les condylomes qui n\u2019emp\u00eache pas les verrues de repousser. C\u2019est le secret pour supprimer naturellement et durablement les condylomes sans craindre l\u2019apparition d\u2019effets secondaires. \u00c9tant des produits naturels \u00e0 base de plantes et d\u2019herbes, nos produits n\u2019entrainent aucun effet secondaire, que ce soit sur l\u2019organisme ou sur la sant\u00e9.<\/p>\n<h2><strong>Dur\u00e9e du traitement<\/strong><\/h2>\n<p>La dur\u00e9e de notre traitement naturel pour d\u00e9truire\u00a0les verrues\u00a0varie de 2 \u00e0 3 mois. Il d\u00e9pendra de l\u2019\u00e9tendu des condylomes. Une fois que les condylomes\u00a0disparaissent, vous pouvez r\u00e9duire la fr\u00e9quence ou arr\u00eater le traitement. Ce rem\u00e8de naturel est la solution pour \u00e9liminer les verrues\u00a0sans chirurgie. Notre prise en charge est individualis\u00e9e. Elle variera en fonction de vos sympt\u00f4mes et de vos attentes.<\/p>\n<p><strong>Commandez-le et commencez \u00e0 l&rsquo;avance le traitement naturel. Un soutien est propos\u00e9 pendant toute la dur\u00e9e de votre accueil. Pour nous contacter, cliquez sur le bouton WhatsApp dans le coin droit de l&rsquo;\u00e9cran ou contactez-nous au +229 01 63 75 44 65.<\/strong><\/p>\n<p>Nous sommes repr\u00e9sent\u00e9s dans tous les pays africains et sommes actifs en\u00a0<strong>France<\/strong>, au\u00a0<strong>Cameroun, en C\u00f4te d&rsquo;Ivoire, au Mali, au S\u00e9n\u00e9gal, au Burkina Faso, au Togo, au Kenya, au Nigeria, au Gabon, en R\u00e9publique centrafricaine, au B\u00e9nin, au Tchad, au Congo- Brazzaville et \u00e0 Kinshasa<\/strong>. Soyez donc s\u00fbr de recevoir vos produits imm\u00e9diatement apr\u00e8s votre commande.<\/p>\n<p><strong>La livraison est gratuite partout dans le monde.<\/strong><\/p>\n<h2><strong>Comment les verrues g\u00e9nitales apparaissent-elles dans le vagin\u202f?<\/strong><\/h2>\n<p>Les organes g\u00e9nitaux externes sont un endroit favori pour l&rsquo;apparition des verrues g\u00e9nitales.\u00a0Chez la femme, ils apparaissent sur le col de l&rsquo;ut\u00e9rus, dans l&rsquo;anus et sur les l\u00e8vres.\u00a0Chez les hommes &#8211; sur la t\u00eate du p\u00e9nis, la peau du pr\u00e9puce et autour de l&rsquo;anus.\u00a0D\u00e8s que le m\u00e9decin d\u00e9tecte des verrues g\u00e9nitales, le traitement doit commencer le plus t\u00f4t possible, car certains des types de virus du papillome humain ont des propri\u00e9t\u00e9s oncog\u00e8nes accrues.<\/p>\n<p>La maladie peut \u00eatre asymptomatique.\u00a0Lorsque les verrues sont bless\u00e9es par les v\u00eatements, pendant les selles ou pendant les rapports sexuels, des saignements \u00e0 court terme apparaissent souvent.\u00a0Les n\u00e9oplasmes enflamm\u00e9s peuvent d\u00e9manger et causer de l&rsquo;inconfort.\u00a0Il existe des souches de VPH qui pr\u00e9sentent des saignements vaginaux inhabituels.\u00a0Cela se produit souvent lorsque les verrues VPH\u00a0deviennent canc\u00e9reuses.<\/p>\n<h2><strong>Causes des verrues g\u00e9nitales dans le vagin<\/strong><\/h2>\n<p>Le principal mode de transmission du VPH qui conduit \u00e0 la formation de verrues g\u00e9nitales est g\u00e9nital.\u00a0Mais les experts estiment que le virus du papillome humain est pr\u00e9sent dans le corps de nombreuses personnes, mais qu&rsquo;il ne provoque pas tous le d\u00e9veloppement de maladies.<\/p>\n<p>Le VPH est transmis par tout type de rapport sexuel, que ce soit par contact anal, vaginal ou oral.\u00a0Un pr\u00e9servatif pendant les rapports sexuels peut aider \u00e0 pr\u00e9venir la transmission du virus, mais il n&rsquo;est pas protecteur \u00e0 100%.\u00a0Le VPH est souvent transmis par des blessures, des \u00e9raflures et des coupures &#8211; ce sont les principaux points d&rsquo;entr\u00e9e dans le corps du papillomavirus.<br \/>\nLa transmission de la m\u00e8re \u00e0 l&rsquo;enfant est possible.<\/p>\n<p>Une m\u00e8re peut transmettre le virus \u00e0 son b\u00e9b\u00e9 pendant l&rsquo;accouchement si le b\u00e9b\u00e9 a des microfissures dans la peau et les muqueuses.\u00a0Si un enfant est infect\u00e9 par une souche de VPH qui cause des verrues g\u00e9nitales, il peut \u00e9galement d\u00e9velopper une papillomatose respiratoire (excroissances sur les cordes vocales).<\/p>\n<p>L&rsquo;anxi\u00e9t\u00e9, le stress et la d\u00e9pression peuvent affecter la s\u00e9cr\u00e9tion d&rsquo;hormones et ainsi provoquer des d\u00e9s\u00e9quilibres hormonaux qui peuvent activer le papillomavirus pr\u00e9sent.\u00a0Lorsque la production d&rsquo;hormones est alt\u00e9r\u00e9e, l&rsquo;immunit\u00e9 humaine est sensiblement r\u00e9duite, ce qui cr\u00e9e un environnement id\u00e9al pour la reproduction du papillomavirus humain.\u00a0L&rsquo;utilisation de pilules contraceptives peut \u00e9galement perturber l&rsquo;\u00e9quilibre \u0153strog\u00e8ne et progest\u00e9rone et contribuer ainsi \u00e0 la propagation de l&rsquo;infection.<\/p>\n<p>Voici les facteurs qui provoquent l&rsquo;apparition de verrues g\u00e9nitales sur les organes g\u00e9nitaux des hommes et des femmes:<\/p>\n<ul>\n<li>maladie v\u00e9n\u00e9rienne, infections g\u00e9nito-urinaires (ureaplasmose, trichomonase);<\/li>\n<li>diminution de l&rsquo;immunit\u00e9;<\/li>\n<li>traumatisme de la muqueuse vaginale, du p\u00e9nis;<\/li>\n<li>le sexe promiscuit\u00e9;<\/li>\n<li>changements dans la microflore du vagin;<\/li>\n<li>dysbiose intestinale.<\/li>\n<\/ul>\n<p>Le plus souvent, les condylomes apparaissent avec des contacts intimes non prot\u00e9g\u00e9s en combinaison avec un affaiblissement des d\u00e9fenses naturelles de l&rsquo;organisme.<\/p>\n<h2><strong>La pr\u00e9vention<\/strong><\/h2>\n<p>Il est presque impossible d&rsquo;\u00e9viter l&rsquo;entr\u00e9e primaire du papillomavirus dans le corps humain.\u00a0Les experts sont arriv\u00e9s \u00e0 la conclusion que le VPH entre d&rsquo;abord dans la circulation sanguine pendant la pubert\u00e9 et le d\u00e9but actif de la vie intime.\u00a0Pendant longtemps, le virus peut ne pas se manifester de quelque mani\u00e8re que ce soit, mais avec une diminution de l&rsquo;immunit\u00e9, un d\u00e9s\u00e9quilibre hormonal, des l\u00e9sions des muqueuses des organes g\u00e9nitaux et l&rsquo;action d&rsquo;autres facteurs pr\u00e9disposants, une infection \u00e0 papillomavirus se d\u00e9veloppe.\u00a0Des contacts intimes non prot\u00e9g\u00e9s, des changements fr\u00e9quents de partenaires sexuels pr\u00e9disposent \u00e0 l&rsquo;apparition de la maladie.\u00a0\u00c0 la suite d&rsquo;un contact avec un homme qui a des verrues virales sur ses organes g\u00e9nitaux, une femme peut \u00eatre infect\u00e9e m\u00eame avec une forte immunit\u00e9.<\/p>\n<p>La pr\u00e9vention de l&rsquo;apparition de verrues g\u00e9nitales du vagin et des organes g\u00e9nitaux externes comprend, tout d&rsquo;abord, la pr\u00e9vention des contacts intimes accidentels sans l&rsquo;utilisation de la contraception barri\u00e8re.\u00a0Il est recommand\u00e9 de respecter les principes d&rsquo;un mode de vie sain, de surveiller attentivement la qualit\u00e9 de l&rsquo;hygi\u00e8ne intime et, si des signes de pathologies gyn\u00e9cologiques et de processus inflammatoires externes apparaissent, de contacter des sp\u00e9cialistes qualifi\u00e9s.<\/p>\n<p><strong>Commandez-le et commencez \u00e0 l&rsquo;avance le traitement naturel. Un soutien est propos\u00e9 pendant toute la dur\u00e9e de votre accueil. Pour nous contacter, cliquez sur le bouton WhatsApp dans le coin droit de l&rsquo;\u00e9cran ou contactez-nous au +229 01 63 75 44 65.<\/strong><\/p>\n<p>Nous sommes repr\u00e9sent\u00e9s dans tous les pays africains et sommes actifs en\u00a0<strong>France<\/strong>, au\u00a0<strong>Cameroun, en C\u00f4te d&rsquo;Ivoire, au Mali, au S\u00e9n\u00e9gal, au Burkina Faso, au Togo, au Kenya, au Nigeria, au Gabon, en R\u00e9publique centrafricaine, au B\u00e9nin, au Tchad, au Congo- Brazzaville et \u00e0 Kinshasa<\/strong>. Soyez donc s\u00fbr de recevoir vos produits imm\u00e9diatement apr\u00e8s votre commande.<\/p>\n<p><strong>La livraison est gratuite partout dans le monde.<\/strong><\/p>\n<h2>Conseils \u00e0 suivre si vous souffrez de condylomes<\/h2>\n<ul>\n<li>\n<h3><b>R\u00e9gime alimentaire<\/b><\/h3>\n<\/li>\n<\/ul>\n<p>Le r\u00e9gime alimentaire doit \u00eatre bas\u00e9 sur des aliments riches en vitamine C &#8211; agrumes, poivrons et fraises.\u00a0Aliments probiotiques tels que les\u00a0<b>l\u00e9gumes ferment\u00e9s\u00a0<\/b>&#8211; kimchi ou choucroute ou yogourt grec. L\u00e9gumes \u00e0 feuilles vertes qui fournissent de la vitamine A et des min\u00e9raux importants. Aliments riches en s\u00e9l\u00e9nium &#8211; noix du Br\u00e9sil et champignons.<\/p>\n<p>Fromages au lait de ch\u00e8vre, de brebis et de vache, th\u00e9 ferment\u00e9 riche en\u00a0probiotiques\u00a0et vitamines B. K\u00e9fir de lait de ch\u00e8vre ou k\u00e9fir de coco.<\/p>\n<ul>\n<li>\n<h3><b>\u00a0Herbes\u00a0antivirales<\/b><\/h3>\n<\/li>\n<\/ul>\n<p>Vous pouvez consommer des herbes antivirales sous forme de tisanes, d&rsquo;infusions ou d&rsquo;huiles telles que:<\/p>\n<ul>\n<li>\u00c9chinac\u00e9e<\/li>\n<li>Ail<\/li>\n<li>Racine d&rsquo;astragale<\/li>\n<li>Griffe de chat<\/li>\n<li>Gingembre<\/li>\n<li>Racine de r\u00e9glisse<\/li>\n<li>Huile d&rsquo;origan et d&rsquo;origan<\/li>\n<\/ul>\n<p><b>Les aliments \u00e0 \u00e9viter comprennent\u00a0:<\/b><\/p>\n<ul>\n<li>tout allerg\u00e8ne alimentaire possible<\/li>\n<li>\u00a0pain blanc et p\u00e2tes<\/li>\n<li>viande rouge<\/li>\n<li>aliments transform\u00e9s contenant des gras trans<\/li>\n<li>caf\u00e9ine et autres stimulants<\/li>\n<\/ul>\n<p><strong>Il est important de se rappeler que se d\u00e9barrasser de votre verrue externe ne signifie pas que vous n&rsquo;avez plus d&rsquo;infection.\u00a0Le virus peut rester longtemps dans le corps.\u00a0<\/strong><\/p>\n<p>&nbsp;<\/p>\n<p><strong>Commandez-le et commencez \u00e0 l&rsquo;avance le traitement naturel. Un soutien est propos\u00e9 pendant toute la dur\u00e9e de votre accueil. Pour nous contacter, cliquez sur le bouton WhatsApp dans le coin droit de l&rsquo;\u00e9cran ou contactez-nous au +229 01 63 75 44 65.<\/strong><\/p>\n<p>Nous sommes repr\u00e9sent\u00e9s dans tous les pays africains et sommes actifs en\u00a0<strong>France<\/strong>, au\u00a0<strong>Cameroun, en C\u00f4te d&rsquo;Ivoire, au Mali, au S\u00e9n\u00e9gal, au Burkina Faso, au Togo, au Kenya, au Nigeria, au Gabon, en R\u00e9publique centrafricaine, au B\u00e9nin, au Tchad, au Congo- Brazzaville et \u00e0 Kinshasa<\/strong>. Soyez donc s\u00fbr de recevoir vos produits imm\u00e9diatement apr\u00e8s votre commande.<\/p>\n<p><strong>La livraison est gratuite partout dans le monde.<\/strong><\/p>","protected":false},"featured_media":1397,"comment_status":"open","ping_status":"closed","template":"","meta":[],"product_brand":[],"product_cat":[124],"product_tag":[],"class_list":{"0":"post-1396","1":"product","2":"type-product","3":"status-publish","4":"has-post-thumbnail","6":"product_cat-condylome-traitement-sans-ordonnance","8":"first","9":"instock","10":"shipping-taxable","11":"purchasable","12":"product-type-simple"},"_links":{"self":[{"href":"https:\/\/santebio.bio\/ar\/wp-json\/wp\/v2\/product\/1396","targetHints":{"allow":["GET"]}}],"collection":[{"href":"https:\/\/santebio.bio\/ar\/wp-json\/wp\/v2\/product"}],"about":[{"href":"https:\/\/santebio.bio\/ar\/wp-json\/wp\/v2\/types\/product"}],"replies":[{"embeddable":true,"href":"https:\/\/santebio.bio\/ar\/wp-json\/wp\/v2\/comments?post=1396"}],"version-history":[{"count":0,"href":"https:\/\/santebio.bio\/ar\/wp-json\/wp\/v2\/product\/1396\/revisions"}],"wp:featuredmedia":[{"embeddable":true,"href":"https:\/\/santebio.bio\/ar\/wp-json\/wp\/v2\/media\/1397"}],"wp:attachment":[{"href":"https:\/\/santebio.bio\/ar\/wp-json\/wp\/v2\/media?parent=1396"}],"wp:term":[{"taxonomy":"product_brand","embeddable":true,"href":"https:\/\/santebio.bio\/ar\/wp-json\/wp\/v2\/product_brand?post=1396"},{"taxonomy":"product_cat","embeddable":true,"href":"https:\/\/santebio.bio\/ar\/wp-json\/wp\/v2\/product_cat?post=1396"},{"taxonomy":"product_tag","embeddable":true,"href":"https:\/\/santebio.bio\/ar\/wp-json\/wp\/v2\/product_tag?post=1396"}],"curies":[{"name":"wp","href":"https:\/\/api.w.org\/{rel}","templated":true}]}}