{"id":1403,"date":"2026-03-09T09:24:39","date_gmt":"2026-03-09T09:24:39","guid":{"rendered":"https:\/\/herbs.thewebexperts.net\/?post_type=product&#038;p=1403"},"modified":"2026-03-19T11:33:11","modified_gmt":"2026-03-19T10:33:11","slug":"tisane-plantes-et-herbes-contre-le-diabete-traitement-naturel","status":"publish","type":"product","link":"https:\/\/santebio.bio\/ar\/product\/tisane-plantes-et-herbes-contre-le-diabete-traitement-naturel\/","title":{"rendered":"Tisane, plantes et herbes contre le diab\u00e8te (traitement naturel)"},"content":{"rendered":"<p>Le traitement naturel que nous vous proposons pour traiter avec succ\u00e8s le diab\u00e8te est compos\u00e9 de plusieurs herbes et plantes m\u00e9dicinales. Les principes actifs contenus dans ces plantes diminuent le taux de sucre dans le sang chez les personnes diab\u00e9tiques. Il est tr\u00e8s efficace contre les diab\u00e8te de type 1 et 2.<\/p>\n<p>&nbsp;<\/p>\n<p><strong>Commandez-le et commencez \u00e0 l&rsquo;avance le traitement naturel. Un soutien est propos\u00e9 pendant toute la dur\u00e9e de votre accueil. Pour nous contacter, cliquez sur le bouton WhatsApp dans le coin droit de l&rsquo;\u00e9cran ou contactez-nous au +229 01 63 75 44 65.<\/strong><\/p>\n<p>Nous sommes repr\u00e9sent\u00e9s dans tous les pays africains et sommes actifs en\u00a0<strong>France<\/strong>, au\u00a0<strong>Cameroun, en C\u00f4te d&rsquo;Ivoire, au Mali, au S\u00e9n\u00e9gal, au Burkina Faso, au Togo, au Kenya, au Nigeria, au Gabon, en R\u00e9publique centrafricaine, au B\u00e9nin, au Tchad, au Congo- Brazzaville et \u00e0 Kinshasa<\/strong>. Soyez donc s\u00fbr de recevoir vos produits imm\u00e9diatement apr\u00e8s votre commande.<\/p>\n<p><strong>La livraison est gratuite partout dans le monde.<\/strong><\/p>","protected":false},"excerpt":{"rendered":"<h2>Rem\u00e8de naturel par les plantes m\u00e9dicinales contre le diab\u00e8te<\/h2>\n<p>Vous trouverez ici comment\u00a0gu\u00e9rir de votre diab\u00e8te naturellement, loin des m\u00e9dicaments chimiques qu\u2019il faut prendre \u00e0 vie. Les m\u00e9dicaments qui sont sur le march\u00e9 ne font que lutter contre les sympt\u00f4mes du diab\u00e8te, plut\u00f4t que de le combattre \u00e0 la source. Avec notre traitement naturel, ce n\u2019est pas le cas.<\/p>\n<p><strong>Faites-nous confiance\u00a0!\u00a0C\u2019est le secret pour gu\u00e9rir du diab\u00e8te (type 1 et type 2) par les plantes.<\/strong><\/p>\n<p>Le\u00a0traitement naturel\u00a0que nous vous proposons pour traiter avec succ\u00e8s le diab\u00e8te est essentiellement compos\u00e9 de tisane naturelles. Cette tisane est compos\u00e9e de plantes mondialement r\u00e9put\u00e9s pour leur capacit\u00e9 \u00e0 faire baisser durablement la glyc\u00e9mie.<\/p>\n<p>Les principes actifs contenus dans ces plantes permettent de diminuer le taux de sucre dans le sang chez les personnes diab\u00e9tiques. Notre rem\u00e8de naturel est aussi efficace pour stimuler la production d\u2019insuline (l\u2019hormone qui contribue \u00e0 abaisser la glyc\u00e9mie) chez les personnes diab\u00e9tiques. C\u2019est un rem\u00e8de naturel efficace, rapide et durable qui vous permettra de retrouver une glyc\u00e9mie normale.<\/p>\n<p>Notre rem\u00e8de naturel contre le diab\u00e8te est tr\u00e8s efficace pour r\u00e9guler la glyc\u00e9mie dans le traitement du diab\u00e8te de type 2, et son succ\u00e8s d\u00e9passe largement celui du principal m\u00e9dicament antidiab\u00e9tique (la metformine). Il a d\u00e9j\u00e0 fait baisser la glyc\u00e9mie de tr\u00e8s nombreux patients. Il est aussi tr\u00e8s efficace dans le traitement du diab\u00e8te de type 1.<\/p>\n<p>En effet, il agit en augmentant la production d\u2019insuline et en r\u00e9duisant la destruction des cellules b\u00eata du pancr\u00e9as, ce qui est tr\u00e8s important en cas de diab\u00e8te de type 1. Que ce vous souffrez de diab\u00e8te de type 1 ou 2 ce rem\u00e8de naturel vous permettra de gu\u00e9rir.<\/p>\n<p>L\u2019utilisation de plantes naturels pour gu\u00e9rir du Diab\u00e8te(type 1 et type 2) donnent tr\u00e8s souvent d\u2019excellents r\u00e9sultats car elles agissent significativement sur la baisse de la glyc\u00e9mie. La solution pour gu\u00e9rir du diab\u00e8te se trouve dans les plantes\u00a0!<\/p>\n<p>Malheureusement, les m\u00e9dicaments hypoglyc\u00e9miants (ceux qui font baisser le taux de sucre dans le sang) ont tr\u00e8s souvent des effets secondaires tr\u00e8s lourds. Selon de nombreuses \u00e9tudes sur les effets des m\u00e9dicaments contre le diab\u00e8te, les patients diab\u00e9tiques qui prennent le plus de m\u00e9dicaments ont le plus fort risque d\u2019infarctus, d\u2019accident cardiovasculaire et de mort par maladie cardiaque.<\/p>\n<p>Avec nous, ce n\u2019est pas le cas. \u00c9tant des produits naturels \u00e0 base de plantes et d\u2019herbes, nos tisanes n\u2019entrainent aucun effet secondaire, que ce soit sur l\u2019organisme ou sur la sant\u00e9. Notre traitement naturel contre le diab\u00e8te n\u2019est pas dangereux. C\u2019est la solution pour faire baisser votre glyc\u00e9mie sans craindre l\u2019apparition d\u2019effets secondaires.<\/p>\n<p><strong>NB\u00a0:<\/strong>\u00a0\u00c9videmment, en plus du traitement naturel que nous vous proposons, si vous voulez gu\u00e9rir du diab\u00e8te, vous devez adopter un mode de vie plus sain qui tient principalement en trois points : un r\u00e9gime alimentaire \u00e9quilibr\u00e9, de l\u2019exercice physique et une meilleure gestion du stress.<\/p>\n<p>D\u00e8s le d\u00e9but de votre traitement naturel, nous souhaitons avoir les r\u00e9sultats de votre indice glyc\u00e9mique et \u00eatre au courant de vos ant\u00e9c\u00e9dents. Cela nous permettra de d\u00e9terminer la prise en charge la mieux adapt\u00e9e pour faire baisser votre glyc\u00e9mie. Nous vous fournirons la prise en charge qui correspond le mieux \u00e0 votre cas personnel.<\/p>\n<p><strong>Dur\u00e9e du traitement\u00a0:\u00a0<\/strong>La dur\u00e9e du traitement pour gu\u00e9rir du diab\u00e8te est g\u00e9n\u00e9ralement de 2 \u00e0 3\u00a0mois. Elle variera selon vos besoins et vos attentes. Une fois que votre indice glyc\u00e9mique aura baiss\u00e9e \u00e0 un niveau satisfaisant, vous pouvez r\u00e9duire la dose.<\/p>\n<p>Toutefois nous vous conseillons de ne pas arr\u00eater le traitement juste apr\u00e8s l\u2019arr\u00eat des sympt\u00f4mes. Patienter quelques semaines afin que votre corps s\u2019adapte totalement. Et surtout, conserver de bonnes habitudes alimentaires m\u00eame apr\u00e8s le traitement.<\/p>\n<p><strong>Commandez-le et commencez \u00e0 l&rsquo;avance le traitement naturel. Un soutien est propos\u00e9 pendant toute la dur\u00e9e de votre accueil. Pour nous contacter, cliquez sur le bouton WhatsApp dans le coin droit de l&rsquo;\u00e9cran ou contactez-nous au +229 01 63 75 44 65.<\/strong><\/p>\n<p>Nous sommes repr\u00e9sent\u00e9s dans tous les pays africains et sommes actifs en\u00a0<strong>France<\/strong>, au\u00a0<strong>Cameroun, en C\u00f4te d&rsquo;Ivoire, au Mali, au S\u00e9n\u00e9gal, au Burkina Faso, au Togo, au Kenya, au Nigeria, au Gabon, en R\u00e9publique centrafricaine, au B\u00e9nin, au Tchad, au Congo- Brazzaville et \u00e0 Kinshasa<\/strong>. Soyez donc s\u00fbr de recevoir vos produits imm\u00e9diatement apr\u00e8s votre commande.<\/p>\n<p><strong>La livraison est gratuite partout dans le monde.<\/strong><\/p>\n<h2>Conseils aux diab\u00e9tiques<\/h2>\n<p>Afin de faciliter une\u00a0alimentation ad\u00e9quate\u00a0, il existe certaines habitudes que le diab\u00e9tique peut et doit acqu\u00e9rir, parmi lesquelles:<\/p>\n<blockquote><p>1.\u00a0Ajoutez plus de l\u00e9gumes \u00e0 votre alimentation\u00a0&#8211; la consommation de l\u00e9gumes contribue \u00e0 une absorption plus lente des sucres.\u00a0Au moins \u00bc \u200b\u200bdu plat doit correspondre \u00e0 ce groupe alimentaire;<\/p>\n<p>2.\u00a0\u00c9vitez les aliments sucr\u00e9s et les graisses\u00a0&#8211; consommez mod\u00e9r\u00e9ment et en petites portions \u00e0 la fois, en privil\u00e9giant les produits entiers;<\/p>\n<p>3.\u00a0Faites attention au choix des prot\u00e9ines\u00a0&#8211; la viande et le poisson sont les bienvenus dans l&rsquo;alimentation diab\u00e9tique.\u00a0Cependant, ils doivent \u00eatre consomm\u00e9s avec mod\u00e9ration, en privil\u00e9giant le poisson pour ses effets b\u00e9n\u00e9fiques (notamment au niveau cardiovasculaire);<\/p>\n<p>4.\u00a0Buvez de l&rsquo;eau r\u00e9guli\u00e8rement,\u00a0m\u00eame sans soif;<\/p>\n<p>5.\u00a0Mangez 5 \u00e0 6 repas par jour et m\u00e2chez lentement votre nourriture;<\/p>\n<p>6.\u00a0Lavez les l\u00e9gumes et les fruits en conserve avant m\u00eame la cuisson\u00a0&#8211; de cette fa\u00e7on, il est possible de r\u00e9duire la teneur en sodium (sel) et en sucre;<\/p>\n<p>7.\u00a0Commencez le repas avec une salade ou une soupe\u00a0&#8211; c&rsquo;est un moyen simple de manger plus de l\u00e9gumes, en plus de diminuer l&rsquo;app\u00e9tit pour le plat principal;<\/p>\n<p>8.\u00a0Les fruits et l\u00e9gumes frais sont plus sains que les surgel\u00e9s.\u00a0Cependant, il vaut mieux consommer des aliments surgel\u00e9s que de ne pas consommer du tout;<\/p>\n<p>9.\u00a0Pr\u00e9parez\u00a0des\u00a0collations\u00a0saines et stockez-les dans des endroits strat\u00e9giques\u00a0&#8211; de cette fa\u00e7on, lorsque la faim \u00abfrappe\u00bb, il est possible d&rsquo;\u00e9chapper aux\u00a0collations\u00a0. \u0153uf \u00e0 la coque, etc.<\/p>\n<p>10. \u00c0 l&rsquo;ext\u00e9rieur de la maison, optez pour des grillades &#8211; commandez des sauces et des accompagnements et \u00e9conomisez de l&rsquo;argent en sautant le dessert.<\/p><\/blockquote>\n<p><strong>Commandez-le et commencez \u00e0 l&rsquo;avance le traitement naturel. Un soutien est propos\u00e9 pendant toute la dur\u00e9e de votre accueil. Pour nous contacter, cliquez sur le bouton WhatsApp dans le coin droit de l&rsquo;\u00e9cran ou contactez-nous au +229 01 63 75 44 65.<\/strong><\/p>\n<p>Nous sommes repr\u00e9sent\u00e9s dans tous les pays africains et sommes actifs en\u00a0<strong>France<\/strong>, au\u00a0<strong>Cameroun, en C\u00f4te d&rsquo;Ivoire, au Mali, au S\u00e9n\u00e9gal, au Burkina Faso, au Togo, au Kenya, au Nigeria, au Gabon, en R\u00e9publique centrafricaine, au B\u00e9nin, au Tchad, au Congo- Brazzaville et \u00e0 Kinshasa<\/strong>. Soyez donc s\u00fbr de recevoir vos produits imm\u00e9diatement apr\u00e8s votre commande.<\/p>\n<p><strong>La livraison est gratuite partout dans le monde.<\/strong><\/p>","protected":false},"featured_media":1404,"comment_status":"open","ping_status":"closed","template":"","meta":[],"product_brand":[],"product_cat":[126],"product_tag":[],"class_list":{"0":"post-1403","1":"product","2":"type-product","3":"status-publish","4":"has-post-thumbnail","6":"product_cat-traitement-diabete-sans-medicament","8":"first","9":"instock","10":"shipping-taxable","11":"purchasable","12":"product-type-simple"},"_links":{"self":[{"href":"https:\/\/santebio.bio\/ar\/wp-json\/wp\/v2\/product\/1403","targetHints":{"allow":["GET"]}}],"collection":[{"href":"https:\/\/santebio.bio\/ar\/wp-json\/wp\/v2\/product"}],"about":[{"href":"https:\/\/santebio.bio\/ar\/wp-json\/wp\/v2\/types\/product"}],"replies":[{"embeddable":true,"href":"https:\/\/santebio.bio\/ar\/wp-json\/wp\/v2\/comments?post=1403"}],"version-history":[{"count":0,"href":"https:\/\/santebio.bio\/ar\/wp-json\/wp\/v2\/product\/1403\/revisions"}],"wp:featuredmedia":[{"embeddable":true,"href":"https:\/\/santebio.bio\/ar\/wp-json\/wp\/v2\/media\/1404"}],"wp:attachment":[{"href":"https:\/\/santebio.bio\/ar\/wp-json\/wp\/v2\/media?parent=1403"}],"wp:term":[{"taxonomy":"product_brand","embeddable":true,"href":"https:\/\/santebio.bio\/ar\/wp-json\/wp\/v2\/product_brand?post=1403"},{"taxonomy":"product_cat","embeddable":true,"href":"https:\/\/santebio.bio\/ar\/wp-json\/wp\/v2\/product_cat?post=1403"},{"taxonomy":"product_tag","embeddable":true,"href":"https:\/\/santebio.bio\/ar\/wp-json\/wp\/v2\/product_tag?post=1403"}],"curies":[{"name":"wp","href":"https:\/\/api.w.org\/{rel}","templated":true}]}}