{"id":1415,"date":"2026-03-09T09:38:58","date_gmt":"2026-03-09T09:38:58","guid":{"rendered":"https:\/\/herbs.thewebexperts.net\/?post_type=product&#038;p=1415"},"modified":"2026-03-19T11:30:11","modified_gmt":"2026-03-19T10:30:11","slug":"traitement-naturel-de-lejaculation-precoce-et-de-la-faiblesse-sexuelle","status":"publish","type":"product","link":"https:\/\/santebio.bio\/ar\/product\/traitement-naturel-de-lejaculation-precoce-et-de-la-faiblesse-sexuelle\/","title":{"rendered":"Traitement naturel de l&rsquo;\u00e9jaculation pr\u00e9coce et de la faiblesse sexuelle"},"content":{"rendered":"<p>C\u2019est l\u2019un des meilleurs rem\u00e8des naturels au monde pour gu\u00e9rir de l\u2019\u00e9jaculation pr\u00e9coce. Contrairement aux autres traitements d\u2019\u00e9jaculation pr\u00e9coce, le n\u00f4tre agit rapidement. D\u00e8s les premiers jours d\u2019utilisation, vous en ressentirez les effets positifs. Faites-nous donc confiance ! C\u2019est le secret pour gu\u00e9rir de l\u2019\u00e9jaculation pr\u00e9coce par les plantes.<\/p>\n<p><strong>Commandez-le et commencez \u00e0 l&rsquo;avance le traitement naturel. Un soutien est propos\u00e9 pendant toute la dur\u00e9e de votre accueil. Pour nous contacter, cliquez sur le bouton WhatsApp dans le coin droit de l&rsquo;\u00e9cran ou contactez-nous au +229 01 63 75 44 65.<\/strong><\/p>\n<p>Nous sommes repr\u00e9sent\u00e9s dans tous les pays africains et sommes actifs en\u00a0<strong>France<\/strong>, au\u00a0<strong>Cameroun, en C\u00f4te d&rsquo;Ivoire, au Mali, au S\u00e9n\u00e9gal, au Burkina Faso, au Togo, au Kenya, au Nigeria, au Gabon, en R\u00e9publique centrafricaine, au B\u00e9nin, au Tchad, au Congo- Brazzaville et \u00e0 Kinshasa<\/strong>. Soyez donc s\u00fbr de recevoir vos produits imm\u00e9diatement apr\u00e8s votre commande.<\/p>\n<p><strong>La livraison est gratuite partout dans le monde.<\/strong><\/p>","protected":false},"excerpt":{"rendered":"<h1><u>Rem\u00e8de naturel par les plantes pour soigner l\u2019\u00e9jaculation pr\u00e9coce<\/u><\/h1>\n<p>Si vous souffrez d\u2019\u00e9jaculation pr\u00e9coce, rassurez-vous\u00a0? Vous \u00eates loin d\u2019\u00eatre le seul homme qui en souffre. L\u2019\u00e9jaculation pr\u00e9coce\u00a0est l\u2019un\u00a0 des probl\u00e8mes les plus courants et ind\u00e9sirables chez les hommes. Mais notre traitement naturel permet d\u2019y rem\u00e9dier rapidement car il permet de retarder l\u2019\u00e9jaculation. C\u2019est l\u2019un des meilleurs\u00a0rem\u00e8des naturels\u00a0au monde pour gu\u00e9rir de l\u2019\u00e9jaculation pr\u00e9coce.<\/p>\n<p>Contrairement aux autres\u00a0traitements d\u2019\u00e9jaculation pr\u00e9coce, le n\u00f4tre agit rapidement. D\u00e8s les premiers jours d\u2019utilisation, vous en ressentirez les effets positifs. Faites-nous donc confiance\u00a0! C\u2019est le\u00a0secret pour gu\u00e9rir de l\u2019\u00e9jaculation pr\u00e9coce par les plantes.<\/p>\n<p><img loading=\"lazy\" decoding=\"async\" class=\"img-center\" src=\"https:\/\/www.lesplantesafricaines.com\/medias\/images\/penis.jpg\" alt=\"Penis\" width=\"1920\" height=\"1600\" \/><\/p>\n<p>&nbsp;<\/p>\n<p><strong>CET ARTICLE POURRAIT AUSSI VOUS INTERESSER :<\/strong>\u00a0Ejaculation pr\u00e9coce traitement naturel<\/p>\n<p>Le traitement naturel\u00a0pour lutter contre l\u2019\u00e9jaculation pr\u00e9coce\u00a0que nous vous proposons est compos\u00e9 de tisanes.\u00a0La tisane est un rem\u00e8de naturel\u00a0qui contient des plantes dont les principes actifs \u00e9liminent l\u2019anxi\u00e9t\u00e9 que vous ressentez avant et pendant les rapports sexuels. C\u2019est cette anxi\u00e9t\u00e9 qui vous emp\u00eache de contr\u00f4ler l\u2019\u00e9jaculation et donc de tenir plus longtemps au lit.<\/p>\n<p>Ainsi,\u00a0<strong>ce rem\u00e8de naturel vous aidera \u00e0 maintenir d\u2019excellentes \u00e9rections aussi longtemps que vous voudriez tenir<\/strong>. En utilisant nos produits, vous entra\u00eenez une synergie puissante, vous pouvez rester calme et en contr\u00f4le tout au long du rapport sexuel, et vous serez \u00e0 m\u00eame de tenir naturellement beaucoup plus longtemps au lit.\u00a0<strong>C\u2019est la\u00a0solution miracle pour en\u00a0finir d\u00e9finitivement avec l\u2019\u00e9jaculation pr\u00e9coce et la faiblesse sexuelle<\/strong>.<\/p>\n<p>Gr\u00e2ce aux principes actifs du\u00a0rem\u00e8de naturel contre l\u2019\u00e9jaculation pr\u00e9coce, vous pourrez profiter d\u2019un sexe de longue dur\u00e9e et satisfaire d\u2019avantage votre partenaire. L\u2019utilisation du rem\u00e8de \u00e0 base de plantes pour\u00a0gu\u00e9rir de l\u2019\u00e9jaculation pr\u00e9coce\u00a0donne souvent d\u2019excellents r\u00e9sultats. La solution se trouve dans la nature.<\/p>\n<p>Etant un produit naturel fait \u00e0 base de plantes et d\u2019herbes, notre\u00a0tisane contre l\u2019\u00e9jaculation pr\u00e9coce\u00a0n\u2019entraine aucun effet secondaire. A l\u2019inverse de certains cr\u00e8mes miracles qui peuvent vous causer des probl\u00e8mes cardiovasculaires. Notre traitement n\u2019est donc pas dangereux. Vous pourrez donc\u00a0gu\u00e9rir de votre \u00e9jaculation pr\u00e9coce sans craindre l\u2019apparition d\u2019effets secondaires.<\/p>\n<p><strong><u>NB\u00a0<\/u>:<\/strong>\u00a0Cependant, l\u2019\u00e9jaculation pr\u00e9coce, lors des premiers rapports sexuels ou d\u2019une nouvelle relation, est tout \u00e0 fait normale. Elle ne devient probl\u00e9matique que si elle persiste et qu\u2019elle constitue une g\u00eane r\u00e9elle.<\/p>\n<p>N\u00e9anmoins, certains hommes qui veulent gu\u00e9rir d\u2019\u00e9jaculation pr\u00e9coce\u00a0souhaitent garder\u00a0l\u2019anonymat dans leur traitement. On peut le comprendre. Toutefois, soyez sans crainte ! La discr\u00e9tion est l\u2019une de nos priorit\u00e9s. Si vous souhaitez\u00a0grossir et allonger le p\u00e9nis,\u00a0<u><strong>CLIQUEZ ICI<\/strong><\/u>.<\/p>\n<p><strong>Commandez-le et commencez \u00e0 l&rsquo;avance le traitement naturel. Un soutien est propos\u00e9 pendant toute la dur\u00e9e de votre accueil. Pour nous contacter, cliquez sur le bouton WhatsApp dans le coin droit de l&rsquo;\u00e9cran ou contactez-nous au +229 01 63 75 44 65.<\/strong><\/p>\n<p>Nous sommes repr\u00e9sent\u00e9s dans tous les pays africains et sommes actifs en\u00a0<strong>France<\/strong>, au\u00a0<strong>Cameroun, en C\u00f4te d&rsquo;Ivoire, au Mali, au S\u00e9n\u00e9gal, au Burkina Faso, au Togo, au Kenya, au Nigeria, au Gabon, en R\u00e9publique centrafricaine, au B\u00e9nin, au Tchad, au Congo- Brazzaville et \u00e0 Kinshasa<\/strong>. Soyez donc s\u00fbr de recevoir vos produits imm\u00e9diatement apr\u00e8s votre commande.<\/p>\n<p><strong>La livraison est gratuite partout dans le monde.<\/strong><\/p>\n<h2><u>Dur\u00e9e du traitement<\/u><\/h2>\n<p>La dur\u00e9e du\u00a0traitement naturel contre l\u2019\u00e9jaculation pr\u00e9coce\u00a0varie de 1\u00a0\u00e0 2\u00a0mois. Mais notre prise en charge est individuelle. Elle varie en fonction de vos sympt\u00f4mes et de vos attentes. Rassurez-vous\u00a0! Ce rem\u00e8de naturel est le\u00a0secret pour gu\u00e9rir d\u00e9finitivement d\u2019\u00e9jaculation pr\u00e9coce et la faiblesse sexuelle.<\/p>\n<p>&nbsp;<\/p>\n<p><strong>CET ARTICLE POURRAIT AUSSI VOUS INTERESSER :<\/strong>\u00a0Rem\u00e8des populaires pour le traitement de l&rsquo;\u00e9jaculation pr\u00e9coce<\/p>\n<p>Nous avons un rem\u00e8de naturel tr\u00e8s efficace pour gu\u00e9rir la faiblesse sexuelle et l&rsquo;\u00e9jaculation pr\u00e9coce.<\/p>\n<p><strong>Commandez-le et commencez \u00e0 l&rsquo;avance le traitement naturel. Un soutien est propos\u00e9 pendant toute la dur\u00e9e de votre accueil. Pour nous contacter, cliquez sur le bouton WhatsApp dans le coin droit de l&rsquo;\u00e9cran ou contactez-nous au +229 01 63 75 44 65.<\/strong><\/p>\n<p>Nous sommes repr\u00e9sent\u00e9s dans tous les pays africains et sommes actifs en\u00a0<strong>France<\/strong>, au\u00a0<strong>Cameroun, en C\u00f4te d&rsquo;Ivoire, au Mali, au S\u00e9n\u00e9gal, au Burkina Faso, au Togo, au Kenya, au Nigeria, au Gabon, en R\u00e9publique centrafricaine, au B\u00e9nin, au Tchad, au Congo- Brazzaville et \u00e0 Kinshasa<\/strong>. Soyez donc s\u00fbr de recevoir vos produits imm\u00e9diatement apr\u00e8s votre commande.<\/p>\n<p><strong>La livraison est gratuite partout dans le monde.<\/strong><\/p>\n<p>&nbsp;<\/p>\n<p><u><strong>CLIQUEZ ICI POUR L\u2019OBTENIR<\/strong><\/u><\/p>\n<p>Nous sommes repr\u00e9sent\u00e9s dans tous les pays africains et sommes actifs au\u00a0<b>Cameroun, en C\u00f4te d&rsquo;Ivoire, au Mali, au S\u00e9n\u00e9gal, au Burkina Faso, au Togo, au Kenya, au Nigeria, au Gabon, en R\u00e9publique centrafricaine, au B\u00e9nin, au Tchad, au Congo- Brazzaville et \u00e0 Kinshasa<\/b>. Soyez donc s\u00fbr de recevoir vos produits imm\u00e9diatement apr\u00e8s votre commande.<\/p>\n<p><b>La livraison est gratuite partout dans le monde.<\/b><\/p>\n<h3><u>Conseils pour contr\u00f4ler l&rsquo;\u00e9jaculation pr\u00e9coce<\/u><\/h3>\n<ul>\n<li><u><strong>Evitez de vous mettre la pression<\/strong><\/u><\/li>\n<\/ul>\n<p>L\u2019anxi\u00e9t\u00e9 li\u00e9e \u00e0 la performance a tendance \u00e0 acc\u00e9l\u00e9rer la survenue de l\u2019\u00e9jaculation par la simple action de l\u2019hormone du stress, l\u2019adr\u00e9naline. Faites votre possible pour rester relax\u00e9. Cessez de vous focaliser sur la dur\u00e9e de la relation sexuelle. Concentrez votre attention sur vos sensations corporelles et \u00e9rotiques, ainsi que sur les r\u00e9actions de votre partenaire.<\/p>\n<ul>\n<li><u><strong>Parlez-en \u00e0 votre partenaire<\/strong><\/u><\/li>\n<\/ul>\n<p>Plus de la moiti\u00e9\u00a0des hommes concern\u00e9s d\u00e9clarent n\u2019avoir jamais parl\u00e9 de leur trouble avec leur partenaire. Or \u00e9changer sur vos difficult\u00e9s va contribuer \u00e0 instaurer un climat de confiance entre vous deux. Votre compagne vous dira en quoi cette situation peut la g\u00eaner. Mais elle contribuera aussi \u00e0 vous rassurer et \u00e0 vous mettre en confiance en vous indiquant ce que vous pouvez mettre en place ensemble.<\/p>\n<ul>\n<li><u><strong>Consultez ensemble<\/strong><\/u><\/li>\n<\/ul>\n<p>Proposez \u00e0 votre partenaire de venir consulter un m\u00e9decin avec vous. Vous pourrez \u00e9changer \u00e0 propos des conseils donn\u00e9s par le m\u00e9decin, qui vous proposera des solutions adapt\u00e9es \u00e0 votre situation. Deux prises en charge compl\u00e9mentaires sont possibles : une prise en charge sexo-comportementale.<\/p>\n<ul>\n<li><u><strong>Exercices de Pompoir<\/strong><\/u><\/li>\n<\/ul>\n<p>Oui c&rsquo;est vrai!\u00a0Les hommes peuvent \u00e9galement pratiquer des exercices de\u00a0pompoir.\u00a0Le renforcement des muscles pelviens par pompoarisme est l&rsquo;un des moyens les plus efficaces de pr\u00e9venir l&rsquo;apparition de l&rsquo;\u00e9jaculation pr\u00e9coce.<\/p>\n<p>Les muscles pelviens, qui soutiennent et aident \u00e0 contr\u00f4ler le p\u00e9nis, ont la capacit\u00e9 de provoquer un court-circuit lors de l&rsquo;\u00e9jaculation pr\u00e9coce lorsqu&rsquo;ils sont correctement renforc\u00e9s.\u00a0Pour la plupart des hommes, ces muscles sont faibles et s&rsquo;affaiblissent avec l&rsquo;\u00e2ge, ce qui augmente le risque d&rsquo;\u00e9jaculation pr\u00e9matur\u00e9e.\u00a0Une \u00e9tude r\u00e9cente a r\u00e9v\u00e9l\u00e9 que l&rsquo;exercice des muscles pelviens est plus efficace que les m\u00e9dicaments pour traiter le probl\u00e8me.<\/p>\n<ul>\n<li><u><strong>Masturbation<\/strong><\/u><\/li>\n<\/ul>\n<p>La masturbation est une sorte de traitement naturel pour contr\u00f4ler l&rsquo;\u00e9jaculation pr\u00e9coce.\u00a0Lorsque vous vous masturbez seul ou avec votre partenaire, essayez de ressentir tr\u00e8s soigneusement quelles sont les sensations avant l&rsquo;\u00e9jaculation.\u00a0Cela vous permettra de prendre conscience de ce que votre corps vous dit et comment vous arr\u00eater si vous ne voulez pas encore avoir d&rsquo;orgasme.<\/p>\n<p>Vous pouvez \u00e9galement faire de la masturbation comme routine quotidienne pour pratiquer l&rsquo;interruption juste avant l&rsquo;orgasme.\u00a0En d&rsquo;autres termes, masturbez-vous et arr\u00eatez l&rsquo;activit\u00e9 lorsque vous avez d\u00e9j\u00e0 envie d&rsquo;\u00e9jaculer.\u00a0Faites cela plusieurs fois et \u00e9jaculez toujours \u00e0 la fin de la s\u00e9ance.<\/p>\n<p>&nbsp;<\/p>\n<p><strong>CET ARTICLE POURRAIT AUSSI VOUS INTERESSER :<\/strong>\u00a0Ejaculation pr\u00e9coce et clou de girofle : RECETTE NATURELLE<\/p>\n<p>Nous avons un rem\u00e8de naturel tr\u00e8s efficace pour gu\u00e9rir la faiblesse sexuelle et l&rsquo;\u00e9jaculation pr\u00e9coce.<\/p>\n<p><strong>Commandez-le et commencez \u00e0 l&rsquo;avance le traitement naturel. Un soutien est propos\u00e9 pendant toute la dur\u00e9e de votre accueil. Pour nous contacter, cliquez sur le bouton WhatsApp dans le coin droit de l&rsquo;\u00e9cran ou contactez-nous au +229 01 63 75 44 65.<\/strong><\/p>\n<p>Nous sommes repr\u00e9sent\u00e9s dans tous les pays africains et sommes actifs en\u00a0<strong>France<\/strong>, au\u00a0<strong>Cameroun, en C\u00f4te d&rsquo;Ivoire, au Mali, au S\u00e9n\u00e9gal, au Burkina Faso, au Togo, au Kenya, au Nigeria, au Gabon, en R\u00e9publique centrafricaine, au B\u00e9nin, au Tchad, au Congo- Brazzaville et \u00e0 Kinshasa<\/strong>. Soyez donc s\u00fbr de recevoir vos produits imm\u00e9diatement apr\u00e8s votre commande.<\/p>\n<p><strong>La livraison est gratuite partout dans le monde.<\/strong><\/p>\n<p><u><strong>CLIQUEZ ICI POUR L\u2019OBTENIR<\/strong><\/u><\/p>\n<p>Nous sommes repr\u00e9sent\u00e9s dans tous les pays africains et sommes actifs au\u00a0<b>Cameroun, en C\u00f4te d&rsquo;Ivoire, au Mali, au S\u00e9n\u00e9gal, au Burkina Faso, au Togo, au Kenya, au Nigeria, au Gabon, en R\u00e9publique centrafricaine, au B\u00e9nin, au Tchad, au Congo- Brazzaville et \u00e0 Kinshasa<\/b>. Soyez donc s\u00fbr de recevoir vos produits imm\u00e9diatement apr\u00e8s votre commande.<\/p>\n<p><b>La livraison est gratuite partout dans le monde.<\/b><\/p>\n<ul>\n<li><u><strong>Utilisez des pr\u00e9servatifs (sp\u00e9ciaux)<\/strong><\/u><\/li>\n<\/ul>\n<p>Certains hommes se plaignent que le sexe n&rsquo;est pas si beau avec un pr\u00e9servatif.\u00a0Mais si vous souffrez d&rsquo;\u00e9jaculation pr\u00e9coce, cette plainte peut en fait jouer en votre faveur.\u00a0Certains pr\u00e9servatifs peuvent vous aider \u00e0 durer plus longtemps au lit.\u00a0Si cela ne suffit pas, vous pouvez essayer un pr\u00e9servatif sp\u00e9cial.<\/p>\n<p>De nombreuses marques vendent des produits contenant de la benzoca\u00efne, un anesth\u00e9sique topique, pour r\u00e9duire leur sensibilit\u00e9.\u00a0Si vous essayez cela, votre partenaire doit faire attention \u00e0 toute r\u00e9duction du plaisir, car certains pr\u00e9servatifs peuvent \u00e9galement r\u00e9duire la sensibilit\u00e9 des femmes.<\/p>\n<ul>\n<li><u><strong>Essayez de respirer profond\u00e9ment<\/strong><\/u><\/li>\n<\/ul>\n<p>Prendre une profonde respiration peut aider \u00e0 calmer votre syst\u00e8me nerveux et \u00e0 contr\u00f4ler l&rsquo;\u00e9jaculation pr\u00e9coce.\u00a0Essayez d&rsquo;inhaler par le nez, retenez votre souffle pendant au moins trois secondes, puis expirez lentement par la bouche.<\/p>\n<p>En respirant profond\u00e9ment, nous oxyg\u00e9nons davantage le sang, ce qui am\u00e8ne notre cerveau \u00e0 lib\u00e9rer des endorphines, cr\u00e9ant une sensation de bien-\u00eatre et, en m\u00eame temps, r\u00e9duisant le stress dans le corps.\u00a0Pratiquez la respiration profonde deux \u00e0 trois fois par jour jusqu&rsquo;\u00e0 ce que cela devienne une habitude.<\/p>\n<ul>\n<li><u><strong>Technique Stop-and-Start<\/strong><\/u><\/li>\n<\/ul>\n<p>La technique d&rsquo;arr\u00eat et de d\u00e9marrage consiste \u00e0 stimuler votre p\u00e9nis jusqu&rsquo;\u00e0 ce que vous soyez sur le point d&rsquo;\u00e9jaculer, puis de vous arr\u00eater.\u00a0Vous pouvez faire une pause simplement en arr\u00eatant le mouvement ou en retirant compl\u00e8tement votre p\u00e9nis pour r\u00e9duire un peu votre \u00e9rection.\u00a0Apr\u00e8s quelques secondes (ou minutes) de r\u00e9cup\u00e9ration, vous pouvez reprendre vos rapports sexuels et prolonger les rapports sexuels.<\/p>\n<ul>\n<li><u><strong>Pressez et rel\u00e2chez<\/strong><\/u><\/li>\n<\/ul>\n<p>Comme dans le cas pr\u00e9c\u00e9dent, vous devez avertir lorsque vous \u00eates sur le point d&rsquo;\u00e9jaculer pour arr\u00eater la stimulation sexuelle, puis presser doucement (vous ou votre partenaire) l&rsquo;extr\u00e9mit\u00e9 du p\u00e9nis (o\u00f9 elle rejoint le gland) pendant quelques secondes.\u00a0Cela peut \u00eatre fait plusieurs fois jusqu&rsquo;\u00e0 ce que vous vouliez \u00e9jaculer.<\/p>\n<ul>\n<li><u><strong>Changez la position o\u00f9 vous avez des relations sexuelles<\/strong><\/u><\/li>\n<\/ul>\n<p>Si vous \u00eates g\u00e9n\u00e9ralement au top, pensez \u00e0 passer \u00e0 une position qui permettra \u00e0 votre partenaire de vous quitter lorsque vous \u00eates sur le point d&rsquo;\u00e9jaculer.\u00a0Puis reprenez le sexe une fois que l&rsquo;envie d&rsquo;\u00e9jaculer\u00a0est pass\u00e9e.<\/p>\n<p>&nbsp;<\/p>\n<p><strong>CET ARTICLE POURRAIT AUSSI VOUS INTERESSER :<\/strong>\u00a0Pasth\u00e8que : fruit miracle contre l&rsquo;\u00e9jaculation pr\u00e9coce<\/p>\n<p>Nous avons un rem\u00e8de naturel tr\u00e8s efficace pour gu\u00e9rir la faiblesse sexuelle et l&rsquo;\u00e9jaculation pr\u00e9coce.<\/p>\n<p><strong>Commandez-le et commencez \u00e0 l&rsquo;avance le traitement naturel. Un soutien est propos\u00e9 pendant toute la dur\u00e9e de votre accueil. Pour nous contacter, cliquez sur le bouton WhatsApp dans le coin droit de l&rsquo;\u00e9cran ou contactez-nous au +229 01 63 75 44 65.<\/strong><\/p>\n<p>Nous sommes repr\u00e9sent\u00e9s dans tous les pays africains et sommes actifs en\u00a0<strong>France<\/strong>, au\u00a0<strong>Cameroun, en C\u00f4te d&rsquo;Ivoire, au Mali, au S\u00e9n\u00e9gal, au Burkina Faso, au Togo, au Kenya, au Nigeria, au Gabon, en R\u00e9publique centrafricaine, au B\u00e9nin, au Tchad, au Congo- Brazzaville et \u00e0 Kinshasa<\/strong>. Soyez donc s\u00fbr de recevoir vos produits imm\u00e9diatement apr\u00e8s votre commande.<\/p>\n<p><strong>La livraison est gratuite partout dans le monde.<\/strong><\/p>\n<p>&nbsp;<\/p>\n<p><u><strong>CLIQUEZ ICI POUR L\u2019OBTENIR<\/strong><\/u><\/p>\n<p>Nous sommes repr\u00e9sent\u00e9s dans tous les pays africains et sommes actifs au\u00a0<b>Cameroun, en C\u00f4te d&rsquo;Ivoire, au Mali, au S\u00e9n\u00e9gal, au Burkina Faso, au Togo, au Kenya, au Nigeria, au Gabon, en R\u00e9publique centrafricaine, au B\u00e9nin, au Tchad, au Congo- Brazzaville et \u00e0 Kinshasa<\/b>. Soyez donc s\u00fbr de recevoir vos produits imm\u00e9diatement apr\u00e8s votre commande.<\/p>\n<p><b>La livraison est gratuite partout dans le monde.<\/b><\/p>","protected":false},"featured_media":1416,"comment_status":"open","ping_status":"closed","template":"","meta":[],"product_brand":[],"product_cat":[129],"product_tag":[],"class_list":{"0":"post-1415","1":"product","2":"type-product","3":"status-publish","4":"has-post-thumbnail","6":"product_cat-traitement-naturel-contre-l-ejaculation-precoce","8":"first","9":"instock","10":"shipping-taxable","11":"purchasable","12":"product-type-simple"},"_links":{"self":[{"href":"https:\/\/santebio.bio\/ar\/wp-json\/wp\/v2\/product\/1415","targetHints":{"allow":["GET"]}}],"collection":[{"href":"https:\/\/santebio.bio\/ar\/wp-json\/wp\/v2\/product"}],"about":[{"href":"https:\/\/santebio.bio\/ar\/wp-json\/wp\/v2\/types\/product"}],"replies":[{"embeddable":true,"href":"https:\/\/santebio.bio\/ar\/wp-json\/wp\/v2\/comments?post=1415"}],"version-history":[{"count":0,"href":"https:\/\/santebio.bio\/ar\/wp-json\/wp\/v2\/product\/1415\/revisions"}],"wp:featuredmedia":[{"embeddable":true,"href":"https:\/\/santebio.bio\/ar\/wp-json\/wp\/v2\/media\/1416"}],"wp:attachment":[{"href":"https:\/\/santebio.bio\/ar\/wp-json\/wp\/v2\/media?parent=1415"}],"wp:term":[{"taxonomy":"product_brand","embeddable":true,"href":"https:\/\/santebio.bio\/ar\/wp-json\/wp\/v2\/product_brand?post=1415"},{"taxonomy":"product_cat","embeddable":true,"href":"https:\/\/santebio.bio\/ar\/wp-json\/wp\/v2\/product_cat?post=1415"},{"taxonomy":"product_tag","embeddable":true,"href":"https:\/\/santebio.bio\/ar\/wp-json\/wp\/v2\/product_tag?post=1415"}],"curies":[{"name":"wp","href":"https:\/\/api.w.org\/{rel}","templated":true}]}}