{"id":1421,"date":"2026-03-09T09:49:18","date_gmt":"2026-03-09T09:49:18","guid":{"rendered":"https:\/\/herbs.thewebexperts.net\/?post_type=product&#038;p=1421"},"modified":"2026-03-19T11:26:19","modified_gmt":"2026-03-19T10:26:19","slug":"remede-naturel-jambes-lourdes-insuffisance-veineuse","status":"publish","type":"product","link":"https:\/\/santebio.bio\/ar\/product\/remede-naturel-jambes-lourdes-insuffisance-veineuse\/","title":{"rendered":"Rem\u00e8de naturel jambes lourdes \/ insuffisance veineuse"},"content":{"rendered":"<p>Notre solution naturel pour gu\u00e9rir de l\u2019insuffisance veineuse\/jambes lourdes est un rem\u00e8de fait \u00e0 base de plantes et plusieurs baumes. Il dilate les vaisseaux sanguins et favorise l\u2019engorgement veineux, \u00e0 l\u2019origine de sensations d\u00e9sagr\u00e9ables de jambes lourdes.<\/p>\n<p><strong>Commandez-le et commencez \u00e0 l&rsquo;avance le traitement naturel. Un soutien est propos\u00e9 pendant toute la dur\u00e9e de votre accueil. Pour nous contacter, cliquez sur le bouton WhatsApp dans le coin droit de l&rsquo;\u00e9cran ou contactez-nous au +229 01 63 75 44 65.<\/strong><\/p>\n<p>Nous sommes repr\u00e9sent\u00e9s dans tous les pays africains et sommes actifs en\u00a0<strong>France<\/strong>, au\u00a0<strong>Cameroun, en C\u00f4te d&rsquo;Ivoire, au Mali, au S\u00e9n\u00e9gal, au Burkina Faso, au Togo, au Kenya, au Nigeria, au Gabon, en R\u00e9publique centrafricaine, au B\u00e9nin, au Tchad, au Congo- Brazzaville et \u00e0 Kinshasa<\/strong>. Soyez donc s\u00fbr de recevoir vos produits imm\u00e9diatement apr\u00e8s votre commande.<\/p>\n<p><strong>La livraison est gratuite partout dans le monde.<\/strong><\/p>","protected":false},"excerpt":{"rendered":"<div class=\"container\">\n<div class=\"row\">\n<div class=\"col-12 col-md-6\" data-gtag-item-id=\"REF5f257eb22721294fdbd0332b\">\n<p class=\"tag-line\">\n<\/div>\n<\/div>\n<\/div>\n<div id=\"rows-60c5f3bf8817c5eadfe4dee1\" class=\"rows\" data-total-pages=\"1\" data-current-page=\"1\">\n<div id=\"row-60c5f3bf8817c5eadfe4dee1-1\" class=\"row-container pos-1 page_1 container\" data-mcp-line-id=\"5faaa15cb95ec5eadd17bf04\">\n<div class=\"row-content\">\n<div class=\"row\" data-role=\"line\">\n<div id=\"cell-5faaa15cb961c5eadd17f096\" class=\"col\" data-role=\"cell\" data-mcp-cell-id=\"5faaa15cb961c5eadd17f096\" data-size=\"lg\">\n<div class=\"col-content col-no-widget\">\n<p><img decoding=\"async\" src=\"https:\/\/fac.img.pmdstatic.net\/fit\/http.3A.2F.2Fprd2-bone-image.2Es3-website-eu-west-1.2Eamazonaws.2Ecom.2Ffac.2F2019.2F06.2F12.2F8072ee85-3dbc-4ec1-8ffb-4f2c92786804.2Ejpeg\/1200x900\/quality\/80\/crop-from\/center\/jambes-lourdes-10-traitements-innovants-et-efficaces.jpeg\" alt=\"Jambes lourdes : 10 traitements innovants et efficaces : Femme ...\" \/><\/p>\n<p>Notre solution naturelle pour gu\u00e9rir de l\u2019insuffisance veineuse\/jambes lourdes est un rem\u00e8de fait \u00e0 base de plantes et plusieurs baumes. Il dilate les vaisseaux sanguins et favorise l\u2019engorgement veineux, \u00e0 l\u2019origine de sensations d\u00e9sagr\u00e9ables de\u00a0jambes lourdes.<\/p>\n<h2>Rem\u00e8de naturel jambes lourdes\/insuffisance veineuse<\/h2>\n<p>Vous avez une sensation de poids dans les jambes, surtout en fin de journ\u00e9e et vous \u00eates incapables de rester longtemps debout sans bouger. Vous souffrez de crampes la nuit, sensations de br\u00fblures, picotement, ou \u0153d\u00e8mes dans les jambes. Vos jambes vous vont souffrir et votre vie devient un calvaire. Vous souffrez peut \u00eatre du syndrome des\u00a0jambes lourdes.<\/p>\n<p>&nbsp;<\/p>\n<p><strong>Commandez-le et commencez \u00e0 l&rsquo;avance le traitement naturel. Un soutien est propos\u00e9 pendant toute la dur\u00e9e de votre accueil. Pour nous contacter, cliquez sur le bouton WhatsApp dans le coin droit de l&rsquo;\u00e9cran ou contactez-nous au +229 01 63 75 44 65.<\/strong><\/p>\n<p>Nous sommes repr\u00e9sent\u00e9s dans tous les pays africains et sommes actifs en\u00a0<strong>France<\/strong>, au\u00a0<strong>Cameroun, en C\u00f4te d&rsquo;Ivoire, au Mali, au S\u00e9n\u00e9gal, au Burkina Faso, au Togo, au Kenya, au Nigeria, au Gabon, en R\u00e9publique centrafricaine, au B\u00e9nin, au Tchad, au Congo- Brazzaville et \u00e0 Kinshasa<\/strong>. Soyez donc s\u00fbr de recevoir vos produits imm\u00e9diatement apr\u00e8s votre commande.<\/p>\n<p><strong>La livraison est gratuite partout dans le monde.<\/strong><\/p>\n<p>Ce n\u2019est pas grave\u00a0! Vous n\u2019\u00eates pas la\/le seul. Pr\u00e8s de 70% des femmes sont concern\u00e9es par les probl\u00e8mes de jambes lourdes. Ces d\u00e9sagr\u00e9ments sont li\u00e9s \u00e0 une mauvaise circulation sanguine (insuffisance veineuse).<\/p>\n<p>Nous vous proposons un traitement naturel \u00e0 base de plantes qui emp\u00eachera l\u2019inflammation et les gonflements. Cela vous permettra de retrouv\u00e9 votre mobilit\u00e9 d\u2019il y a 30 ans. Ce rem\u00e8de naturel est le secret pour gu\u00e9rir des jambes lourdes par les plantes. Il est beaucoup plus efficace que les m\u00e9dicaments conventionnels. En effet, les plantes ont de vrais atouts pour soulager les sympt\u00f4mes de la maladie veineuse, et \u00e0 tous les stades. Il serait dommage pour vous de rater cette occasion.<\/p>\n<p>Notre solution naturelle pour soigner l\u2019insuffisance veineuse\/jambes lourdes est un rem\u00e8de fait \u00e0 base de plantes et un baume. Notre traitement naturel contre les jambes lourdes est compos\u00e9 de plantes qui ont un effet protecteur et qui stimulent des parois des veines et des petits vaisseaux sanguins, ce qui r\u00e9duise l\u2019inflammation et les gonflements. Il dilate les vaisseaux sanguins et favorise l\u2019engorgement veineux, \u00e0 l\u2019origine de sensations d\u00e9sagr\u00e9ables de jambes lourdes.<\/p>\n<p>Ce rem\u00e8de naturel contient aussi des tanins et des flavono\u00efdes, ce qui lui donne des effets veinotonique et protecteurs capillaires. Notre baume d\u00e9congestionne et fluidifie le sang. Ce qui permet de renforcer les parois des veines. Il aura donc des effets tr\u00e8s positifs sur les jambes lourdes. D\u00e8s les premi\u00e8res semaines du traitement naturel anti jambes lourdes, vous sentirez une diminution significative de douleurs, gonflements et picotements. Vous vous sentirez beaucoup mieux.<\/p>\n<p>Les plantes sont au centre des traitements symptomatiques de l\u2019insuffisance veineuse\/jambes lourdes \u00e0 cause de leur efficacit\u00e9 qui surpasse celle des m\u00e9dicaments. Faites confiances aux plantes, qui sont des rem\u00e8des efficaces et surtout naturels ! L\u2019utilisation des plantes offre un avantage de taille, la gu\u00e9rison est d\u00e9finitive.<\/p>\n<p>Contrairement aux autres m\u00e9dicaments \u00e0 prendre \u00e0 vie. Ce traitement naturel est le secret pour gu\u00e9rir des jambes lourde\/ insuffisance veineuse par les plantes. Etant des produits faits \u00e0 base de plantes 100% naturelles et d\u2019herbes, le rem\u00e8de naturel et le baume n\u2019auront aucun effet secondaire, que ce soit sur votre organisme ou sur votre sant\u00e9. Notre traitement naturel pour gu\u00e9rir des jambes lourdes est s\u00e9curis\u00e9. C\u2019est la solution parfaite pour gu\u00e9rir l\u2019insuffisance veineuse.<\/p>\n<p>Dur\u00e9e du traitement\u00a0:\u00a0La dur\u00e9e de notre traitement naturel pour gu\u00e9rir les jambes lourdes\/insuffisance veineuse varie de 1 \u00e0 2 mois. La dur\u00e9e de notre traitement naturel contre les jambes lourdes varie surtout en fonction de vos sympt\u00f4mes et de vos attentes. Ce rem\u00e8de est la solution miracle pour gu\u00e9rir des jambes lourdes\/insuffisance veineuse.<\/p>\n<p><strong>Commandez-le et commencez \u00e0 l&rsquo;avance le traitement naturel. Un soutien est propos\u00e9 pendant toute la dur\u00e9e de votre accueil. Pour nous contacter, cliquez sur le bouton WhatsApp dans le coin droit de l&rsquo;\u00e9cran ou contactez-nous au +229 01 63 75 44 65.<\/strong><\/p>\n<p>Nous sommes repr\u00e9sent\u00e9s dans tous les pays africains et sommes actifs en\u00a0<strong>France<\/strong>, au\u00a0<strong>Cameroun, en C\u00f4te d&rsquo;Ivoire, au Mali, au S\u00e9n\u00e9gal, au Burkina Faso, au Togo, au Kenya, au Nigeria, au Gabon, en R\u00e9publique centrafricaine, au B\u00e9nin, au Tchad, au Congo- Brazzaville et \u00e0 Kinshasa<\/strong>. Soyez donc s\u00fbr de recevoir vos produits imm\u00e9diatement apr\u00e8s votre commande.<\/p>\n<p><strong>La livraison est gratuite partout dans le monde.<\/strong><\/p>\n<h2>L\u2019avis de notre m\u00e9decin<\/h2>\n<p>Comment reconnaitre le sympt\u00f4me des jambes lourdes ?<\/p>\n<p>Les jambes lourdes sont dues \u00e0 un probl\u00e8me\u00a0d\u2019insuffisance veineuse. Le sang stagne dans les jambes car les veines deviennent moins performantes \u00e0 cause de leur paroi qui se dilate et qui ne permet pas un renvoi suffisant du sang vers le c\u0153ur.<\/p>\n<p>Les jambes lourdes se traduisent par une sensation d\u00e9sagr\u00e9able de picotements, de fourmillements, d\u2019engourdissement.<\/p>\n<h3>Quelles sont les causes du sympt\u00f4me des jambes lourdes\u00a0?<\/h3>\n<p>Le sympt\u00f4me de jambes lourdes peut \u00eatre caus\u00e9 par plusieurs raisons :<\/p>\n<p>Rester en position assise ou debout trop longtemps rend difficile la circulation du sang jusqu\u2019au c\u0153ur, il stagne alors dans les veines et peut cr\u00e9er une pression, c\u2019est-\u00e0-dire une sensation de jambes lourdes. Une forte chaleur favorise \u00e9galement ce ph\u00e9nom\u00e8ne car elle dilate les vaisseaux sanguins.<br \/>\nDans le cas d\u2019une insuffisance veineuse, les veines des jambes ne renvoient plus efficacement le sang jusqu\u2019au c\u0153ur. Il peut alors stagner dans les veines et rendre les jambes lourdes.<\/p>\n<p>Le sympt\u00f4me des jambes lourdes peut \u00eatre caus\u00e9 par des d\u00e9r\u00e8glements hormonaux\u00a0(menstruations, grossesse, m\u00e9nopause, etc.)\u00a0car le taux d\u2019\u0153strog\u00e8nes est plus \u00e9lev\u00e9 et peut agir sur la perm\u00e9abilit\u00e9 des vaisseau (hypertension art\u00e9rielle). Le sang circule alors difficilement et \u00e0 tendance \u00e0 stagner.<\/p>\n<p>Avec l\u2019\u00e2ge, les veines vieillissent et fonctionnent moins bien. Le sang peut alors circuler moins bien et provoquer le ph\u00e9nom\u00e8ne de jambes lourdes.<br \/>\nCe ph\u00e9nom\u00e8ne peut \u00e9galement \u00eatre favoris\u00e9 par\u00a0le surpoids et l\u2019ob\u00e9sit\u00e9\u00a0qui sont souvent accompagn\u00e9s d\u2019un taux de cholest\u00e9rol \u00e9lev\u00e9 alt\u00e9rant et fragilisant les vaisseaux sanguins.<br \/>\nLe tabagisme\u00a0peut aussi faciliter l\u2019apparition de lourdeurs dans les jambes car il affaiblit la tonicit\u00e9 des veines.<br \/>\nEnfin, ces lourdeurs sont \u00e9galement h\u00e9r\u00e9ditaires.<\/p>\n<p><strong>Quelles sont les cons\u00e9quences du sympt\u00f4me des jambes lourdes?<\/strong><\/p>\n<p>Avoir les jambes lourdes peut g\u00eaner la marche \u00e0 cause de la douleur et de l\u2019inconfort. Des varices (= veines dilat\u00e9es) peuvent \u00e9galement appara\u00eetre, la peau peut se fragiliser \u00e0 cause de la formation de ces varices et des infections cutan\u00e9es peuvent se manifester, ou encore des infections sous-cutan\u00e9es ou m\u00eame un ulc\u00e8re de la peau.<br \/>\nDans le cas des jambes lourdes, le sang peut coaguler, boucher la veine et former un caillot. La veine est alors dure, rouge, chaude et la jambe est douloureuse. Il s\u2019agit alors d\u2019une phl\u00e9bite. Dans ce cas, il est recommand\u00e9 de consulter rapidement un m\u00e9decin.<br \/>\nUn \u0153d\u00e8me peut aussi se former, c\u2019est-\u00e0-dire un gonflement important du pied ou du mollet.<\/p>\n<p><strong>Quelles sont les solutions pour soulager les jambes lourdes\u00a0?<\/strong><\/p>\n<p><img decoding=\"async\" src=\"https:\/\/www.france-assos-sante.org\/wp-content\/uploads\/2019\/02\/APA-seniors.jpg\" alt=\"Activit\u00e9 physique adapt\u00e9e chez les seniors - France Assos Sant\u00e9\" \/><\/p>\n<p>Pour \u00e9viter d\u2019avoir les jambes lourdes, il est recommand\u00e9 d\u2019avoir une activit\u00e9 physique r\u00e9guli\u00e8re afin de remobiliser les muscles de la jambe et de faire circuler le sang, d\u2019\u00e9viter de porter des v\u00eatements trop serr\u00e9s et d\u2019\u00e9viter les bains chauds car ils favorisent la dilatation des veines.<br \/>\nUn massage des jambes peut permettre de\u00a0soulager et de stimuler la circulation veineuse, ainsi que de les passer sous un jet d\u2019eau froide.<br \/>\nL\u2019aromath\u00e9rapie\u00a0peut \u00eatre une solution contre les jambes lourdes, par exemple l\u2019huile essentielle de cypr\u00e8s est recommand\u00e9e pour lutter contre ce ph\u00e9nom\u00e8ne.<br \/>\nEnfin, n\u2019h\u00e9sitez pas \u00e0 consulter un m\u00e9decin si vos probl\u00e8mes de jambes lourdes persistent.<\/p>\n<p><strong>Commandez-le et commencez \u00e0 l&rsquo;avance le traitement naturel. Un soutien est propos\u00e9 pendant toute la dur\u00e9e de votre accueil. Pour nous contacter, cliquez sur le bouton WhatsApp dans le coin droit de l&rsquo;\u00e9cran ou contactez-nous au +229 01 63 75 44 65.<\/strong><\/p>\n<p>Nous sommes repr\u00e9sent\u00e9s dans tous les pays africains et sommes actifs en\u00a0<strong>France<\/strong>, au\u00a0<strong>Cameroun, en C\u00f4te d&rsquo;Ivoire, au Mali, au S\u00e9n\u00e9gal, au Burkina Faso, au Togo, au Kenya, au Nigeria, au Gabon, en R\u00e9publique centrafricaine, au B\u00e9nin, au Tchad, au Congo- Brazzaville et \u00e0 Kinshasa<\/strong>. Soyez donc s\u00fbr de recevoir vos produits imm\u00e9diatement apr\u00e8s votre commande.<\/p>\n<p><strong>La livraison est gratuite partout dans le monde.<\/strong><\/p>\n<\/div>\n<\/div>\n<\/div>\n<\/div>\n<\/div>\n<\/div>","protected":false},"featured_media":1422,"comment_status":"open","ping_status":"closed","template":"","meta":[],"product_brand":[],"product_cat":[131],"product_tag":[],"class_list":{"0":"post-1421","1":"product","2":"type-product","3":"status-publish","4":"has-post-thumbnail","6":"product_cat-jambes-lourdes-traitement-efficace","8":"first","9":"instock","10":"shipping-taxable","11":"purchasable","12":"product-type-simple"},"_links":{"self":[{"href":"https:\/\/santebio.bio\/ar\/wp-json\/wp\/v2\/product\/1421","targetHints":{"allow":["GET"]}}],"collection":[{"href":"https:\/\/santebio.bio\/ar\/wp-json\/wp\/v2\/product"}],"about":[{"href":"https:\/\/santebio.bio\/ar\/wp-json\/wp\/v2\/types\/product"}],"replies":[{"embeddable":true,"href":"https:\/\/santebio.bio\/ar\/wp-json\/wp\/v2\/comments?post=1421"}],"version-history":[{"count":0,"href":"https:\/\/santebio.bio\/ar\/wp-json\/wp\/v2\/product\/1421\/revisions"}],"wp:featuredmedia":[{"embeddable":true,"href":"https:\/\/santebio.bio\/ar\/wp-json\/wp\/v2\/media\/1422"}],"wp:attachment":[{"href":"https:\/\/santebio.bio\/ar\/wp-json\/wp\/v2\/media?parent=1421"}],"wp:term":[{"taxonomy":"product_brand","embeddable":true,"href":"https:\/\/santebio.bio\/ar\/wp-json\/wp\/v2\/product_brand?post=1421"},{"taxonomy":"product_cat","embeddable":true,"href":"https:\/\/santebio.bio\/ar\/wp-json\/wp\/v2\/product_cat?post=1421"},{"taxonomy":"product_tag","embeddable":true,"href":"https:\/\/santebio.bio\/ar\/wp-json\/wp\/v2\/product_tag?post=1421"}],"curies":[{"name":"wp","href":"https:\/\/api.w.org\/{rel}","templated":true}]}}