{"id":1427,"date":"2026-03-09T09:59:27","date_gmt":"2026-03-09T09:59:27","guid":{"rendered":"https:\/\/herbs.thewebexperts.net\/?post_type=product&#038;p=1427"},"modified":"2026-03-19T11:24:06","modified_gmt":"2026-03-19T10:24:06","slug":"traitement-africain-de-losteonecrose","status":"publish","type":"product","link":"https:\/\/santebio.bio\/ar\/product\/traitement-africain-de-losteonecrose\/","title":{"rendered":"Traitement africain de l&rsquo;ost\u00e9on\u00e9crose"},"content":{"rendered":"<p>L&rsquo;ost\u00e9on\u00e9crose de la t\u00eate f\u00e9morale est une maladie caract\u00e9ris\u00e9e par la mort des cellules osseuses (ost\u00e9on\u00e9crose) de la t\u00eate du f\u00e9mur, due \u00e0 une alt\u00e9ration de la circulation sanguine. Elle est le plus souvent d&rsquo;origine traumatique. Si vous souffrez d&rsquo;ost\u00e9on\u00e9crose et que vous voulez gu\u00e9rir naturellement, sans op\u00e9ration, notre traitement naturel \u00e0 base de plantes d&rsquo;Afrique est ce qu&rsquo;il vous faut.<\/p>\n<p><strong>Commandez-le et commencez \u00e0 l&rsquo;avance le traitement naturel. Un soutien est propos\u00e9 pendant toute la dur\u00e9e de votre accueil. Pour nous contacter, cliquez sur le bouton WhatsApp dans le coin droit de l&rsquo;\u00e9cran ou contactez-nous au +229 01 63 75 44 65.<\/strong><\/p>\n<p>Nous sommes repr\u00e9sent\u00e9s dans tous les pays africains et sommes actifs en\u00a0<strong>France<\/strong>, au\u00a0<strong>Cameroun, en C\u00f4te d&rsquo;Ivoire, au Mali, au S\u00e9n\u00e9gal, au Burkina Faso, au Togo, au Kenya, au Nigeria, au Gabon, en R\u00e9publique centrafricaine, au B\u00e9nin, au Tchad, au Congo- Brazzaville et \u00e0 Kinshasa<\/strong>. Soyez donc s\u00fbr de recevoir vos produits imm\u00e9diatement apr\u00e8s votre commande.<\/p>\n<p><strong>La livraison est gratuite partout dans le monde.<\/strong><\/p>","protected":false},"excerpt":{"rendered":"<p>L&rsquo;ost\u00e9oporose est une maladie qui affecte des millions de personnes dans le monde.\u00a0Aussi appel\u00e9\u00a0\u00a0\u00ab maladie des os fragiles\u00a0,\u00a0\u00a0\u00bb\u00a0un\u00a0stenoporosis\u00a0est caract\u00e9ris\u00e9e par une\u00a0diminution de la\u00a0densit\u00e9 osseuse, caus\u00e9e par un proc\u00e9d\u00e9 de d\u00e9min\u00e9ralisation (absorption du calcium et du\u00a0phosphore de l&rsquo;os).\u00a0Les os normaux sont constitu\u00e9s de prot\u00e9ines, de collag\u00e8ne et de calcium, qui donnent tous de la force aux os.<\/p>\n<p>En modifiant la microarchitecture du tissu osseux, la fragilit\u00e9 des os augmente et, par cons\u00e9quent, le risque de fracture augmente \u00e9galement.\u00a0La fracture peut prendre la forme d&rsquo;une fissure (comme dans le cas d&rsquo;une fracture de la hanche) ou d&rsquo;un effondrement (fracture par compression de la colonne vert\u00e9brale), mais des fractures li\u00e9es \u00e0 l&rsquo;ost\u00e9oporose peuvent survenir dans n&rsquo;importe quel os squelettique.<\/p>\n<h2>Notre rem\u00e8de africain pour gu\u00e9rir de l&rsquo;ost\u00e9oporose<\/h2>\n<p>Si vous souffrez d&rsquo;ost\u00e9on\u00e9crose et que vous voulez gu\u00e9rir naturellement, sans op\u00e9ration, nous avons ce qu&rsquo;il vous faut. Notre rem\u00e8de naturel pour gu\u00e9rir de l&rsquo;ost\u00e9on\u00e9crose permet de\u00a0garder vos os solides en\u00a0augmentant l&rsquo;apport en min\u00e9raux (surtout en calcium).<\/p>\n<p>Les min\u00e9raux sont des composants essentiels des os qui doivent \u00eatre constamment assimil\u00e9s par l&rsquo;organisme.\u00a0Surtout \u00e0 un \u00e2ge avanc\u00e9, nous avons besoin d&rsquo;une dose optimale de ces produits. Il contient\u00a0du cartilage de requin, de l&rsquo;extrait d&rsquo;\u00e9corce de saule, de la chlorella et de la spiruline.<\/p>\n<p>Gr\u00e2ce \u00e0 ce traitement vos os retrouveront progressivement leur structure normale. Ce traitement contribue \u00e0 :<\/p>\n<ul>\n<li>maintenir la sant\u00e9 du syst\u00e8me osseux en favorisant le processus de r\u00e9g\u00e9n\u00e9ration et de diff\u00e9renciation cellulaire<\/li>\n<li>soulagement de la douleur<\/li>\n<li>maintenir la mobilit\u00e9 et la flexibilit\u00e9 des articulations<\/li>\n<li>maintenir la structure normale des articulations<\/li>\n<\/ul>\n<p><strong>Notre traitement naturel permet de\u00a0traiter l&rsquo;osteon\u00e9crose tr\u00e8s efficacement chez les femmes.\u00a0La raison en est sa forte teneur en phytoestrog\u00e8nes.\u00a0Il ressemble \u00e0 l&rsquo;\u0153strog\u00e8ne n\u00e9cessaire pour maintenir un \u00e9quilibre hormonal optimal et augmenter la densit\u00e9 osseuse.\u00a0<\/strong><\/p>\n<p><strong>Commandez-le et commencez \u00e0 l&rsquo;avance le traitement naturel. Un soutien est propos\u00e9 pendant toute la dur\u00e9e de votre accueil. Pour nous contacter, cliquez sur le bouton WhatsApp dans le coin droit de l&rsquo;\u00e9cran ou contactez-nous au +229 01 63 75 44 65.<\/strong><\/p>\n<p>Nous sommes repr\u00e9sent\u00e9s dans tous les pays africains et sommes actifs en\u00a0<strong>France<\/strong>, au\u00a0<strong>Cameroun, en C\u00f4te d&rsquo;Ivoire, au Mali, au S\u00e9n\u00e9gal, au Burkina Faso, au Togo, au Kenya, au Nigeria, au Gabon, en R\u00e9publique centrafricaine, au B\u00e9nin, au Tchad, au Congo- Brazzaville et \u00e0 Kinshasa<\/strong>. Soyez donc s\u00fbr de recevoir vos produits imm\u00e9diatement apr\u00e8s votre commande.<\/p>\n<p><strong>La livraison est gratuite partout dans le monde.<\/strong><\/p>\n<h2>Les facteurs de risque de l&rsquo;ost\u00e9oporose<\/h2>\n<p>Les facteurs les plus importants qui d\u00e9terminent le\u00a0risque d&rsquo;ost\u00e9oporose\u00a0sont:<\/p>\n<ul>\n<li>Conformation mignonne<\/li>\n<li>Fractures \u00e0 l&rsquo;\u00e2ge adulte<\/li>\n<li>Fumer<\/li>\n<li>Sexe f\u00e9minin<\/li>\n<li>Consommation \u00e9lev\u00e9e d&rsquo;alcool<\/li>\n<li>S\u00e9dentarisme<\/li>\n<li>Chimioth\u00e9rapie<\/li>\n<li>Hyperthyro\u00efdie<\/li>\n<li>Faible taux de testost\u00e9rone<\/li>\n<li>Faible niveau d&rsquo;oestrog\u00e8ne<\/li>\n<li>Carence en calcium<\/li>\n<\/ul>\n<p>Les femmes m\u00e9nopaus\u00e9es pr\u00e9sentent le risque d&rsquo;ost\u00e9oporose le plus \u00e9lev\u00e9 en raison de la diminution des niveaux d&rsquo;oestrog\u00e8ne.\u00a0Il prot\u00e8ge les femmes contre la perte osseuse.<\/p>\n<h3>Les rem\u00e8des de grand m\u00e8re pour gu\u00e9rir de l&rsquo;ost\u00e9oporose<\/h3>\n<p>Une premi\u00e8re \u00e9tape dans le\u00a0traitement de l&rsquo;ost\u00e9oporose\u00a0est l&rsquo;adoption d&rsquo;un mode de vie \u00e9quilibr\u00e9, qui comprend un r\u00e9gime riche en calcium, de l&rsquo;exercice r\u00e9gulier, ainsi qu&rsquo;un suppl\u00e9ment m\u00e9dicamenteux \u00e0 base de calcium, d&rsquo;oestrog\u00e8ne et de testost\u00e9rone.<\/p>\n<p>Le v\u00e9lo, la course, la natation et l&rsquo;entra\u00eenement en force stimulent les os et soutiennent ainsi la formation osseuse.<\/p>\n<p>&#8211; La queue du cheval\u00a0est une plante m\u00e9dicinale dont les effets th\u00e9rapeutiques ont \u00e9t\u00e9 d\u00e9montr\u00e9s par de nombreuses \u00e9tudes cliniques.\u00a0En raison de la richesse en sels de silicium, de calcium et de magn\u00e9sium, l&rsquo;extrait de queue de cheval a de tr\u00e8s bons effets en termes de consolidation osseuse et de gu\u00e9rison rapide des fractures.<\/p>\n<p>&#8211;\u00a0\u00a0Le\u00a0vinaigre de pomme\u00a0est efficace, selon des \u00e9tudes, avec une augmentation des niveaux de calcium dans le corps.\u00a0Le vinaigre a \u00e9galement pour r\u00f4le d&rsquo;augmenter l&rsquo;assimilation du calcium dans le corps \u00e0 partir d&rsquo;autres aliments que nous consommons.\u00a0Par cons\u00e9quent, consommez autant de salade avec du vinaigre que de vinaigre ou dissolvez une cuill\u00e8re \u00e0 soupe de vinaigre dans un verre d&rsquo;eau et buvez ce m\u00e9lange quotidiennement pour avoir des os r\u00e9sistants.<\/p>\n<p>&#8211;\u00a0L&rsquo;\u00e9pinard\u00a0est l&rsquo;une des sources de calcium les plus riches au monde.\u00a0Consommez des \u00e9pinards frais en salade.\u00a0Vous pouvez \u00e9galement chauffer doucement les \u00e9pinards ou les cuire \u00e0 la vapeur dans un peu d&rsquo;huile d&rsquo;olive.\u00a0C&rsquo;est un excellent aliment pour assurer un apport optimal en calcium pour maintenir la densit\u00e9 osseuse.<\/p>\n<p>&#8211;\u00a0Le\u00a0soja\u00a0est l&rsquo;un des aliments r\u00e9cemment d\u00e9couverts qui pourrait traiter l&rsquo;ost\u00e9oporose tr\u00e8s efficacement chez les femmes.\u00a0La raison en est sa forte teneur en phytoestrog\u00e8nes.\u00a0Il ressemble \u00e0 l&rsquo;\u0153strog\u00e8ne n\u00e9cessaire pour maintenir un \u00e9quilibre hormonal optimal et augmenter la densit\u00e9 osseuse.\u00a0Mangez-le sous forme de baies, de tofu ou de tout autre produit \u00e0 base de soja.<\/p>\n<p>&#8211;\u00a0Le silicium organique\u00a0est un excellent support pour les os et le tissu conjonctif, cette derni\u00e8re d\u00e9gradation entra\u00eenant la perte d&rsquo;\u00e9lasticit\u00e9 de la peau.\u00a0Tous les tissus \u00e9lastiques qui entrent dans la composition des os, tendons, ligaments, vaisseaux sanguins sont constitu\u00e9s d&rsquo;une v\u00e9ritable matrice de silicium, \u00e0 partir de laquelle les autres \u00e9l\u00e9ments sont ensuite fix\u00e9s.<\/p>\n<p>&#8211; La vitamine D\u00a0aide le corps \u00e0 absorber, \u00e0 retenir et \u00e0 utiliser le calcium.\u00a0La meilleure source de vitamine D est la lumi\u00e8re du soleil, et en termes de nutrition, elle se trouve dans le lait, le jus d&rsquo;orange, les c\u00e9r\u00e9ales, etc.<\/p>\n<p>&#8211;\u00a0\u00a0 La vitamine C\u00a0a des propri\u00e9t\u00e9s antioxydantes et contribue \u00e0 la croissance de la masse osseuse dans le corps et \u00e0 la formation de collag\u00e8ne.\u00a0Il r\u00e9duit \u00e9galement les douleurs articulaires et augmente consid\u00e9rablement la mobilit\u00e9 articulaire gr\u00e2ce \u00e0 une administration syst\u00e9matique.<\/p>\n<p>&#8211; \u00a0\u00a0La vitamine K\u00a0ralentit le vieillissement des os et acc\u00e9l\u00e8re la gu\u00e9rison des dommages osseux.\u00a0De plus, c&rsquo;est un nutriment essentiel qui aide \u00e0 pr\u00e9venir les saignements, les troubles cutan\u00e9s, r\u00e9duit le risque de crise cardiaque et aide \u00e0 restaurer l&rsquo;\u00e9piderme apr\u00e8s la chirurgie.\u00a0Les sources les plus riches en vitamine K sont: le persil, les \u00e9pinards, la salade verte, le brocoli, les germes de bl\u00e9, l&rsquo;huile d&rsquo;olive, le th\u00e9 vert, etc.<\/p>\n<p>&#8211; Le zinc\u00a0, le cuivre et le mangan\u00e8se sont \u00e9galement des min\u00e9raux tr\u00e8s importants pour la sant\u00e9 des os.\u00a0Des sources importantes de zinc se trouvent dans: les c\u00e9r\u00e9ales, les haricots secs, les noix, les hu\u00eetres, le foie, les graines de citrouille, etc.<\/p>\n<p>&#8211; \u00a0\u00a0Les sources naturelles de cuivre\u00a0se trouvent dans: les fruits de mer, les noix, les c\u00e9r\u00e9ales, les champignons, etc.<\/p>\n<p>Pour plus d&rsquo;informations, veuillez contacter nos experts au : Tel\/ Whatsapp : <strong>+229 01 63 75 44 65.<\/strong><\/p>\n<p><strong>Commandez-le et commencez \u00e0 l&rsquo;avance le traitement naturel. Un soutien est propos\u00e9 pendant toute la dur\u00e9e de votre accueil. Pour nous contacter, cliquez sur le bouton WhatsApp dans le coin droit de l&rsquo;\u00e9cran ou contactez-nous au +229 01 63 75 44 65.<\/strong><\/p>\n<p>Nous sommes repr\u00e9sent\u00e9s dans tous les pays africains et sommes actifs en\u00a0<strong>France<\/strong>, au\u00a0<strong>Cameroun, en C\u00f4te d&rsquo;Ivoire, au Mali, au S\u00e9n\u00e9gal, au Burkina Faso, au Togo, au Kenya, au Nigeria, au Gabon, en R\u00e9publique centrafricaine, au B\u00e9nin, au Tchad, au Congo- Brazzaville et \u00e0 Kinshasa<\/strong>. Soyez donc s\u00fbr de recevoir vos produits imm\u00e9diatement apr\u00e8s votre commande.<\/p>\n<p><strong>La livraison est gratuite partout dans le monde.<\/strong><\/p>","protected":false},"featured_media":1428,"comment_status":"open","ping_status":"closed","template":"","meta":[],"product_brand":[],"product_cat":[133],"product_tag":[],"class_list":{"0":"post-1427","1":"product","2":"type-product","3":"status-publish","4":"has-post-thumbnail","6":"product_cat-remedio-natural-para-osteonecrosis","8":"first","9":"instock","10":"featured","11":"shipping-taxable","12":"purchasable","13":"product-type-simple"},"_links":{"self":[{"href":"https:\/\/santebio.bio\/ar\/wp-json\/wp\/v2\/product\/1427","targetHints":{"allow":["GET"]}}],"collection":[{"href":"https:\/\/santebio.bio\/ar\/wp-json\/wp\/v2\/product"}],"about":[{"href":"https:\/\/santebio.bio\/ar\/wp-json\/wp\/v2\/types\/product"}],"replies":[{"embeddable":true,"href":"https:\/\/santebio.bio\/ar\/wp-json\/wp\/v2\/comments?post=1427"}],"version-history":[{"count":0,"href":"https:\/\/santebio.bio\/ar\/wp-json\/wp\/v2\/product\/1427\/revisions"}],"wp:featuredmedia":[{"embeddable":true,"href":"https:\/\/santebio.bio\/ar\/wp-json\/wp\/v2\/media\/1428"}],"wp:attachment":[{"href":"https:\/\/santebio.bio\/ar\/wp-json\/wp\/v2\/media?parent=1427"}],"wp:term":[{"taxonomy":"product_brand","embeddable":true,"href":"https:\/\/santebio.bio\/ar\/wp-json\/wp\/v2\/product_brand?post=1427"},{"taxonomy":"product_cat","embeddable":true,"href":"https:\/\/santebio.bio\/ar\/wp-json\/wp\/v2\/product_cat?post=1427"},{"taxonomy":"product_tag","embeddable":true,"href":"https:\/\/santebio.bio\/ar\/wp-json\/wp\/v2\/product_tag?post=1427"}],"curies":[{"name":"wp","href":"https:\/\/api.w.org\/{rel}","templated":true}]}}