{"id":1339,"date":"2026-03-06T18:33:04","date_gmt":"2026-03-06T18:33:04","guid":{"rendered":"https:\/\/herbs.thewebexperts.net\/?post_type=product&#038;p=1339"},"modified":"2026-03-19T11:12:05","modified_gmt":"2026-03-19T10:12:05","slug":"traitement-naturel-pour-guerir-la-septicemie","status":"publish","type":"product","link":"https:\/\/santebio.bio\/en\/product\/traitement-naturel-pour-guerir-la-septicemie\/","title":{"rendered":"Traitement naturel pour gu\u00e9rir la septic\u00e9mie"},"content":{"rendered":"<div class=\"shortdescription\">\n<p><strong>Le traitement que nous vous proposons ici est un m\u00e9lange de racines et de plantes africaines qui sont excellentes et tr\u00e8s efficace pour gu\u00e9rir la septic\u00e9mie.\u00a0<\/strong><\/p>\n<p><strong>Commandez-le et commencez \u00e0 l&rsquo;avance le traitement naturel pour gu\u00e9rir l\u2019emphys\u00e8me pulmonaire. Un accompagnement est propos\u00e9 pendant toute la dur\u00e9e de votre traitement. Pour nous contacter, cliquez sur le bouton WhatsApp dans le coin droit de l&rsquo;\u00e9cran ou contactez-nous au +229 01 63 75 44 65.<\/strong><\/p>\n<p><strong>Nous sommes repr\u00e9sent\u00e9s dans tous les pays africains et sommes actifs en France,\u00a0Cameroun, en C\u00f4te d&rsquo;Ivoire, au Mali, au S\u00e9n\u00e9gal, au Burkina Faso, au Togo, au Kenya, au Nigeria, au Gabon, en R\u00e9publique centrafricaine, au B\u00e9nin, au Tchad, au Congo- Brazzaville et \u00e0 Kinshasa. Soyez donc s\u00fbr de recevoir vos produits imm\u00e9diatement apr\u00e8s votre commande.<\/strong><\/p>\n<p><strong>La livraison est gratuite partout dans le monde.<\/strong><\/p>\n<\/div>","protected":false},"excerpt":{"rendered":"<p><b>Traitement naturel par les plantes m\u00e9dicinales pour gu\u00e9rir la septic\u00e9mie<\/b><\/p>\n<p>La septic\u00e9mie d\u00e9signe une affection potentiellement mortelle qui correspond \u00e0 l&rsquo;infection du sang le plus souvent par une bact\u00e9rie, parfois un virus ou plus rarement un champignon. Elle se manifeste souvent par une infection g\u00e9n\u00e9ralis\u00e9e. Cette infection est responsable d&rsquo;une fi\u00e8vre \u00e9lev\u00e9e, mais parfois au contraire d&rsquo;une chute de la temp\u00e9rature du corps (hypothermie), d&rsquo;une fatigue majeure, souvent associ\u00e9e \u00e0 une acc\u00e9l\u00e9ration des rythmes cardiaque et respiratoire.<\/p>\n<p><img loading=\"lazy\" decoding=\"async\" class=\"img-center\" src=\"https:\/\/www.lesplantesafricaines.com\/medias\/images\/septicemia.jpg\" alt=\"Septicemia\" width=\"1024\" height=\"768\" \/><\/p>\n<p>Nous avons un rem\u00e8de naturel \u00e0 base de plantes naturelles, tr\u00e8s efficace, capable de vous d\u00e9barrasser d\u00e9finitivement de la septic\u00e9mie.<\/p>\n<p><strong>Le traitement que nous vous proposons ici est un m\u00e9lange de racines et de plantes africaines qui sont excellentes et tr\u00e8s efficace pour gu\u00e9rir la septic\u00e9mie.\u00a0<\/strong><\/p>\n<p><strong>Commandez-le et commencez \u00e0 l&rsquo;avance le traitement naturel pour gu\u00e9rir l\u2019emphys\u00e8me pulmonaire. Un accompagnement est propos\u00e9 pendant toute la dur\u00e9e de votre traitement. Pour nous contacter, cliquez sur le bouton WhatsApp dans le coin droit de l&rsquo;\u00e9cran ou contactez-nous au +229 01 63 75 44 65.<\/strong><\/p>\n<p><strong>Nous sommes repr\u00e9sent\u00e9s dans tous les pays africains et sommes actifs en France,\u00a0Cameroun, en C\u00f4te d&rsquo;Ivoire, au Mali, au S\u00e9n\u00e9gal, au Burkina Faso, au Togo, au Kenya, au Nigeria, au Gabon, en R\u00e9publique centrafricaine, au B\u00e9nin, au Tchad, au Congo- Brazzaville et \u00e0 Kinshasa. Soyez donc s\u00fbr de recevoir vos produits imm\u00e9diatement apr\u00e8s votre commande.<\/strong><\/p>\n<p><strong>La livraison est gratuite partout dans le monde.<\/strong><\/p>\n<p><strong>Principes actifs du traitement naturel pour gu\u00e9rir la septic\u00e9mie<\/strong><\/p>\n<p>Les principes actifs des plantes qui composent le traitement naturel neutralisent en premier les bact\u00e9ries responsables de la septic\u00e9mie et ensuite les d\u00e9truit compl\u00e8tement. Le traitement purifie votre sang et vous gu\u00e9ri d\u00e9finitivement de la septic\u00e9mie.<\/p>\n<p>C\u2019est le secret pour vous d\u00e9barrasser naturellement de la septic\u00e9mie.<\/p>\n<p><strong>Le traitement que nous vous proposons ici est un m\u00e9lange de racines et de plantes africaines qui sont excellentes et tr\u00e8s efficace pour gu\u00e9rir la septic\u00e9mie.\u00a0<\/strong><\/p>\n<p><strong>Commandez-le et commencez \u00e0 l&rsquo;avance le traitement naturel pour gu\u00e9rir l\u2019emphys\u00e8me pulmonaire. Un accompagnement est propos\u00e9 pendant toute la dur\u00e9e de votre traitement. Pour nous contacter, cliquez sur le bouton WhatsApp dans le coin droit de l&rsquo;\u00e9cran ou contactez-nous au +229-0163754465.<\/strong><\/p>\n<p><strong>Nous sommes repr\u00e9sent\u00e9s dans tous les pays africains et sommes actifs en France,\u00a0Cameroun, en C\u00f4te d&rsquo;Ivoire, au Mali, au S\u00e9n\u00e9gal, au Burkina Faso, au Togo, au Kenya, au Nigeria, au Gabon, en R\u00e9publique centrafricaine, au B\u00e9nin, au Tchad, au Congo- Brazzaville et \u00e0 Kinshasa. Soyez donc s\u00fbr de recevoir vos produits imm\u00e9diatement apr\u00e8s votre commande.<\/strong><\/p>\n<p><strong>La livraison est gratuite partout dans le monde.<\/strong><\/p>\n<p>&nbsp;<\/p>\n<p><b>Dur\u00e9e du traitement<\/b><\/p>\n<p>La dur\u00e9e du traitement pour soigner d\u00e9finitivement la septic\u00e9mie est de 1 \u00e0 3 mois. Elle variera en fonction de l&rsquo;avanc\u00e9e de la septic\u00e9mie.<\/p>\n<p>Pendant toute la dur\u00e9e du traitement, il est indispensable que vous soyez disciplin\u00e9 et que vous ne ratiez aucune prise des produits.<\/p>\n<p>A la fin du traitement, vous serez d\u00e9finitivement gu\u00e9ri de la septic\u00e9mie.<\/p>\n<p>Commandez-le et commencez \u00e0 l&rsquo;avance le traitement naturel pour gu\u00e9rir la septic\u00e9mie. Un accompagnement est propos\u00e9 pendant toute la dur\u00e9e de votre traitement. Pour nous contacter, cliquez sur le bouton WhatsApp dans le coin droit de l&rsquo;\u00e9cran ou contactez-nous au <strong>+229 01 63 75 44 65.<\/strong><\/p>\n<p>Nous sommes repr\u00e9sent\u00e9s dans tous les pays africains et sommes actifs en\u00a0<strong>France<\/strong>,\u00a0au\u00a0<b>Cameroun, en C\u00f4te d&rsquo;Ivoire, au Mali, au S\u00e9n\u00e9gal, au Burkina Faso, au Togo, au Kenya, au Nigeria, au Gabon, en R\u00e9publique centrafricaine, au B\u00e9nin, au Tchad, au Congo- Brazzaville et \u00e0 Kinshasa<\/b>. Soyez donc s\u00fbr de recevoir vos produits imm\u00e9diatement apr\u00e8s votre commande.<\/p>\n<p><b>La livraison est gratuite partout dans le monde.<\/b><\/p>","protected":false},"featured_media":1340,"comment_status":"open","ping_status":"closed","template":"","meta":[],"product_brand":[],"product_cat":[105],"product_tag":[],"class_list":{"0":"post-1339","1":"product","2":"type-product","3":"status-publish","4":"has-post-thumbnail","6":"product_cat-traitement-naturel-pour-guerir-la-septicemie","8":"first","9":"instock","10":"shipping-taxable","11":"purchasable","12":"product-type-simple"},"_links":{"self":[{"href":"https:\/\/santebio.bio\/en\/wp-json\/wp\/v2\/product\/1339","targetHints":{"allow":["GET"]}}],"collection":[{"href":"https:\/\/santebio.bio\/en\/wp-json\/wp\/v2\/product"}],"about":[{"href":"https:\/\/santebio.bio\/en\/wp-json\/wp\/v2\/types\/product"}],"replies":[{"embeddable":true,"href":"https:\/\/santebio.bio\/en\/wp-json\/wp\/v2\/comments?post=1339"}],"version-history":[{"count":0,"href":"https:\/\/santebio.bio\/en\/wp-json\/wp\/v2\/product\/1339\/revisions"}],"wp:featuredmedia":[{"embeddable":true,"href":"https:\/\/santebio.bio\/en\/wp-json\/wp\/v2\/media\/1340"}],"wp:attachment":[{"href":"https:\/\/santebio.bio\/en\/wp-json\/wp\/v2\/media?parent=1339"}],"wp:term":[{"taxonomy":"product_brand","embeddable":true,"href":"https:\/\/santebio.bio\/en\/wp-json\/wp\/v2\/product_brand?post=1339"},{"taxonomy":"product_cat","embeddable":true,"href":"https:\/\/santebio.bio\/en\/wp-json\/wp\/v2\/product_cat?post=1339"},{"taxonomy":"product_tag","embeddable":true,"href":"https:\/\/santebio.bio\/en\/wp-json\/wp\/v2\/product_tag?post=1339"}],"curies":[{"name":"wp","href":"https:\/\/api.w.org\/{rel}","templated":true}]}}