{"id":1369,"date":"2026-03-09T08:36:40","date_gmt":"2026-03-09T08:36:40","guid":{"rendered":"https:\/\/herbs.thewebexperts.net\/?post_type=product&#038;p=1369"},"modified":"2026-03-19T13:59:07","modified_gmt":"2026-03-19T12:59:07","slug":"traitement-naturel-du-kyste-de-lepididyme","status":"publish","type":"product","link":"https:\/\/santebio.bio\/es\/product\/traitement-naturel-du-kyste-de-lepididyme\/","title":{"rendered":"Traitement naturel du Kyste de l&rsquo;Epididyme"},"content":{"rendered":"<p>Solution naturelle de traitement des kystes de l&rsquo;\u00e9pididyme. Le kyste \u00e9pididymaire est un kyste b\u00e9nin rempli de liquide, situ\u00e9 dans un canal long et \u00e9troit, au-dessus et derri\u00e8re chaque testicule ou testicule de l&rsquo;homme (\u00e9pididyme).\u00a0Le canal est un lien entre les testicules et le\u00a0canal d\u00e9f\u00e9rent\u00a0dans les organes g\u00e9nitaux masculins.<\/p>\n<p><strong>Commandez-le et commencez \u00e0 l&rsquo;avance le traitement naturel. Un soutien est propos\u00e9 pendant toute la dur\u00e9e de votre accueil. Pour nous contacter, cliquez sur le bouton WhatsApp dans le coin droit de l&rsquo;\u00e9cran ou contactez-nous au +229 01 63 75 44 65.<\/strong><\/p>\n<p>Nous sommes repr\u00e9sent\u00e9s dans tous les pays africains et sommes actifs en\u00a0<strong>France<\/strong>, au\u00a0<strong>Cameroun, en C\u00f4te d&rsquo;Ivoire, au Mali, au S\u00e9n\u00e9gal, au Burkina Faso, au Togo, au Kenya, au Nigeria, au Gabon, en R\u00e9publique centrafricaine, au B\u00e9nin, au Tchad, au Congo- Brazzaville et \u00e0 Kinshasa<\/strong>. Soyez donc s\u00fbr de recevoir vos produits imm\u00e9diatement apr\u00e8s votre commande.<\/p>\n<p><strong>La livraison est gratuite partout dans le monde.<\/strong><\/p>","protected":false},"excerpt":{"rendered":"<div class=\"container\">\n<div class=\"row\">\n<div class=\"col-12 col-md-6\" data-gtag-item-id=\"REF5f8476e67a3ec5eadd8d5cff\">\n<div class=\"shortdescription\">\n<p>&nbsp;<\/p>\n<\/div>\n<\/div>\n<\/div>\n<\/div>\n<div id=\"rows-60d1ca6ed019c5eaddf1c18f\" class=\"rows\" data-total-pages=\"1\" data-current-page=\"1\">\n<div id=\"row-60d1ca6ed019c5eaddf1c18f-1\" class=\"row-container pos-1 page_1 container\" data-mcp-line-id=\"5faaba72de42c5eadd17d947\">\n<div class=\"row-content\">\n<div class=\"row\" data-role=\"line\">\n<div id=\"cell-5faaba72de47c5eadd176771\" class=\"col\" data-role=\"cell\" data-mcp-cell-id=\"5faaba72de47c5eadd176771\" data-size=\"lg\">\n<div class=\"col-content col-no-widget\">\n<p><sup><img decoding=\"async\" class=\"img-center\" src=\"https:\/\/www.lesplantesafricaines.com\/medias\/images\/kyste-de-l-epididyme-2.jpg\" alt=\"Kyste de l epididyme 2\" \/><\/sup><\/p>\n<p>L\u2019\u00e9pididyme est un long et fin canal situ\u00e9 dans le scrotum le long de chaque testicule. Il relie le testicule \u00e0\u00a0la prostate et est une structure indispensable de l\u2019appareil reproducteur masculin. En effet, il a pour r\u00f4le de stocker les spermatozo\u00efdes nouvellement form\u00e9s et de les lib\u00e9rer au moment de l\u2019\u00e9jaculation.<\/p>\n<p>Le kyste de l\u2019\u00e9pididyme encore appel\u00e9 \u00ab \u00e9pididymite \u00bb correspond donc \u00e0 une inflammation de l\u2019\u00e9pididyme. Autrement dit, c\u2019est une tumeur remplie de liquide (de l\u2019eau en l\u2019occurrence) qui est b\u00e9nigne et indolore. L\u2019\u00e9pididymite peut subvenir \u00e0 tout \u00e2ge et n\u2019a aucune incidence sur la f\u00e9condit\u00e9 masculine. Nous parlons de kyste epididyme et nous proposons un traitement naturel.<\/p>\n<p>L\u2019intervention est propos\u00e9e en raison de la g\u00eane ou douleur locale que ce kyste peut entra\u00eener. Elle a pour objectif de retirer la l\u00e9sion par ouverture chirurgicale de la bourse.<\/p>\n<p>Nous avons un traitement naturel tr\u00e8s efficace pour gu\u00e9rir d\u00e9finitivement les kystes de l&rsquo;\u00e9pididyme.<\/p>\n<p><strong>Commandez-le et commencez \u00e0 l&rsquo;avance le traitement naturel. Un soutien est propos\u00e9 pendant toute la dur\u00e9e de votre accueil. Pour nous contacter, cliquez sur le bouton WhatsApp dans le coin droit de l&rsquo;\u00e9cran ou contactez-nous au +229 01 63 75 44 65.<\/strong><\/p>\n<p>Nous sommes repr\u00e9sent\u00e9s dans tous les pays africains et sommes actifs en\u00a0<strong>France<\/strong>, au\u00a0<strong>Cameroun, en C\u00f4te d&rsquo;Ivoire, au Mali, au S\u00e9n\u00e9gal, au Burkina Faso, au Togo, au Kenya, au Nigeria, au Gabon, en R\u00e9publique centrafricaine, au B\u00e9nin, au Tchad, au Congo- Brazzaville et \u00e0 Kinshasa<\/strong>. Soyez donc s\u00fbr de recevoir vos produits imm\u00e9diatement apr\u00e8s votre commande.<\/p>\n<p><strong>La livraison est gratuite partout dans le monde.<\/strong><\/p>\n<h2><strong>Kystes de l\u2019\u00e9pididyme : traitement par les plantes<\/strong><\/h2>\n<p>L\u2019utilisation de plantes naturelles permet de gu\u00e9rir d\u00e9finitivement des kystes de l\u2019\u00e9pididyme et des testicules en \u00e9vitant l\u2019op\u00e9ration chirurgicale. Le rem\u00e8de naturel que nous vous proposons pour gu\u00e9rir des kystes de l\u2019\u00e9pididyme et des testicules\u00a0est enti\u00e8rement compos\u00e9 de plantes.<\/p>\n<p>C\u2019est un rem\u00e8de naturel qui soigne les kystes avec succ\u00e8s en renfor\u00e7ant les valves ou valvules situ\u00e9s dans les veines des cordons spermatiques. Les veines deviennent d\u00e8s lors toniques et tenaces pour faciliter la mont\u00e9e dynamique du sang. Notre rem\u00e8de naturel est la solution miracle pour \u00e9viter l\u2019intervention chirurgicale. Il vous permettra d\u2019\u00e9viter l\u2019intervention chirurgicale et d\u2019\u00eatre fertile.<\/p>\n<p>Nos tisanes pour soigner les kystes de l\u2019\u00e9pididyme et des testicules n\u2019ont aucun effet secondaire.<\/p>\n<p><strong>Dur\u00e9e du traitement<\/strong><\/p>\n<p>La dur\u00e9e du traitement pour soigner d\u00e9finitivement les kystes \u00e9pididymaires\u00a0est de 1 \u00e0 3 mois. Elle variera en fonction de l&rsquo;avanc\u00e9e de votre kyste \u00e9pididymaire.<\/p>\n<p>Pendant toute la dur\u00e9e du traitement, il est indispensable que vous soyez disciplin\u00e9 et que vous ne ratiez aucune prise des produits.<\/p>\n<p>A la fin du traitement, vous serez d\u00e9finitivement d\u00e9barrass\u00e9 de votre kyste \u00e9pididymaire<\/p>\n<p><strong>Commandez-le et commencez \u00e0 l&rsquo;avance le traitement naturel. Un soutien est propos\u00e9 pendant toute la dur\u00e9e de votre accueil. Pour nous contacter, cliquez sur le bouton WhatsApp dans le coin droit de l&rsquo;\u00e9cran ou contactez-nous au +229 01 63 75 44 65.<\/strong><\/p>\n<p>Nous sommes repr\u00e9sent\u00e9s dans tous les pays africains et sommes actifs en\u00a0<strong>France<\/strong>, au\u00a0<strong>Cameroun, en C\u00f4te d&rsquo;Ivoire, au Mali, au S\u00e9n\u00e9gal, au Burkina Faso, au Togo, au Kenya, au Nigeria, au Gabon, en R\u00e9publique centrafricaine, au B\u00e9nin, au Tchad, au Congo- Brazzaville et \u00e0 Kinshasa<\/strong>. Soyez donc s\u00fbr de recevoir vos produits imm\u00e9diatement apr\u00e8s votre commande.<\/p>\n<p><strong>La livraison est gratuite partout dans le monde.<\/strong><\/p>\n<h2><strong>Signes et sympt\u00f4mes du kyste de l&rsquo;\u00e9pididyme<\/strong><\/h2>\n<p>Les kystes \u00e9pididymaires ne provoquent g\u00e9n\u00e9ralement aucun sympt\u00f4me ni douleur.\u00a0Cependant, cette maladie sera douloureuse si la masse grossit.\u00a0Les kystes \u00e9pididymaires se pr\u00e9sentent sous la forme d&rsquo;une bosse palpable avec une bordure claire, molle et \u00e0 surface lisse.<\/p>\n<p>Les patients atteints de kystes \u00e9pididymaires peuvent g\u00e9n\u00e9ralement ressentir un gonflement ou une bosse au-dessus des testicules d&rsquo;un c\u00f4t\u00e9 du scrotum (enveloppe du scrotum), ou ressentir un \u00e9largissement g\u00e9n\u00e9ral du scrotum.<\/p>\n<p>Les sympt\u00f4mes suivants peuvent survenir chez les personnes atteintes de kystes \u00e9pididymaires.<\/p>\n<ul>\n<li>Douleur ou douleur<\/li>\n<li>Gonflement \u00e0 la base des testicules<\/li>\n<li>Rougeur du scrotum<\/li>\n<li>Pression sur la base du p\u00e9nis<\/li>\n<li>Sensation de lourdeur dans les testicules<\/li>\n<li>Sentiment complet derri\u00e8re et au-dessus des testicules<\/li>\n<\/ul>\n<h2><strong>Causes des kystes de l&rsquo;\u00e9pididyme<\/strong><\/h2>\n<p>Le kyste \u00e9pididymaire est un type de maladie assez courant.\u00a0D&rsquo;apr\u00e8s la recherche, les kystes \u00e9pididymaires sont ressentis par 30% des hommes adultes.\u00a0Cette maladie se trouve g\u00e9n\u00e9ralement chez les hommes \u00e2g\u00e9s de 20 \u00e0 50 ans.<\/p>\n<p>La cause exacte des kystes \u00e9pididymaires est inconnue.\u00a0Cependant, des dommages au canal porteur de spermatozo\u00efdes de la t\u00eate de l&rsquo;\u00e9pididyme (ductus epididymis) provoquent un obstacle \u00e0 l&rsquo;\u00e9coulement des spermatozo\u00efdes de sorte que les spermatozo\u00efdes se rassemblent dans la partie sup\u00e9rieure de l&rsquo;\u00e9pididyme.\u00a0En cons\u00e9quence, cette condition peut conduire \u00e0 des kystes.<\/p>\n<p>Dans certains cas, les kystes \u00e9pididymaires peuvent appara\u00eetre sans aucun dommage ou blessure, infection ou inflammation.\u00a0De plus, il n&rsquo;est pas certain des facteurs de risque des kystes \u00e9pididymaires.\u00a0Les kystes \u00e9pididymaires n&rsquo;ont aucun impact sur la fertilit\u00e9 ou la fertilit\u00e9 masculine.\u00a0Cette condition n&rsquo;interf\u00e8re pas non plus avec l&rsquo;activit\u00e9 de miction.<\/p>\n<p><strong>Commandez-le et commencez \u00e0 l&rsquo;avance le traitement naturel. Un soutien est propos\u00e9 pendant toute la dur\u00e9e de votre accueil. Pour nous contacter, cliquez sur le bouton WhatsApp dans le coin droit de l&rsquo;\u00e9cran ou contactez-nous au +229 01 63 75 44 65.<\/strong><\/p>\n<p>Nous sommes repr\u00e9sent\u00e9s dans tous les pays africains et sommes actifs en\u00a0<strong>France<\/strong>, au\u00a0<strong>Cameroun, en C\u00f4te d&rsquo;Ivoire, au Mali, au S\u00e9n\u00e9gal, au Burkina Faso, au Togo, au Kenya, au Nigeria, au Gabon, en R\u00e9publique centrafricaine, au B\u00e9nin, au Tchad, au Congo- Brazzaville et \u00e0 Kinshasa<\/strong>. Soyez donc s\u00fbr de recevoir vos produits imm\u00e9diatement apr\u00e8s votre commande.<\/p>\n<p><strong>La livraison est gratuite partout dans le monde.<\/strong><\/p>\n<\/div>\n<\/div>\n<\/div>\n<\/div>\n<\/div>\n<\/div>","protected":false},"featured_media":1343,"comment_status":"open","ping_status":"closed","template":"","meta":[],"product_brand":[],"product_cat":[115],"product_tag":[],"class_list":{"0":"post-1369","1":"product","2":"type-product","3":"status-publish","4":"has-post-thumbnail","6":"product_cat-espermatocele-tratamiento-natural","8":"first","9":"instock","10":"shipping-taxable","11":"purchasable","12":"product-type-simple"},"_links":{"self":[{"href":"https:\/\/santebio.bio\/es\/wp-json\/wp\/v2\/product\/1369","targetHints":{"allow":["GET"]}}],"collection":[{"href":"https:\/\/santebio.bio\/es\/wp-json\/wp\/v2\/product"}],"about":[{"href":"https:\/\/santebio.bio\/es\/wp-json\/wp\/v2\/types\/product"}],"replies":[{"embeddable":true,"href":"https:\/\/santebio.bio\/es\/wp-json\/wp\/v2\/comments?post=1369"}],"version-history":[{"count":0,"href":"https:\/\/santebio.bio\/es\/wp-json\/wp\/v2\/product\/1369\/revisions"}],"wp:featuredmedia":[{"embeddable":true,"href":"https:\/\/santebio.bio\/es\/wp-json\/wp\/v2\/media\/1343"}],"wp:attachment":[{"href":"https:\/\/santebio.bio\/es\/wp-json\/wp\/v2\/media?parent=1369"}],"wp:term":[{"taxonomy":"product_brand","embeddable":true,"href":"https:\/\/santebio.bio\/es\/wp-json\/wp\/v2\/product_brand?post=1369"},{"taxonomy":"product_cat","embeddable":true,"href":"https:\/\/santebio.bio\/es\/wp-json\/wp\/v2\/product_cat?post=1369"},{"taxonomy":"product_tag","embeddable":true,"href":"https:\/\/santebio.bio\/es\/wp-json\/wp\/v2\/product_tag?post=1369"}],"curies":[{"name":"wp","href":"https:\/\/api.w.org\/{rel}","templated":true}]}}