{"id":1327,"date":"2026-03-06T18:08:21","date_gmt":"2026-03-06T18:08:21","guid":{"rendered":"https:\/\/herbs.thewebexperts.net\/?post_type=product&#038;p=1327"},"modified":"2026-03-19T11:17:41","modified_gmt":"2026-03-19T10:17:41","slug":"traitement-naturel-pour-guerir-les-synechies-uterines","status":"publish","type":"product","link":"https:\/\/santebio.bio\/ru\/product\/traitement-naturel-pour-guerir-les-synechies-uterines\/","title":{"rendered":"TRAITEMENT NATUREL POUR GUERIR LES SYNECHIES UTERINES"},"content":{"rendered":"<p>Le traitement que nous vous proposons ici est un m\u00e9lange de racines et de plantes africaines qui sont excellentes et tr\u00e8s efficace pour gu\u00e9rir les Syn\u00e9chies Ut\u00e9rines.<\/p>\n<p>Commandez-le et commencez \u00e0 l&rsquo;avance le traitement naturel pour gu\u00e9rir la septic\u00e9mie. Un accompagnement est propos\u00e9 pendant toute la dur\u00e9e de votre traitement. Pour nous contacter, cliquez sur le bouton WhatsApp dans le coin droit de l&rsquo;\u00e9cran ou contactez-nous au <strong>+229 01 63 75 44 65.<\/strong><\/p>\n<p>Nous sommes repr\u00e9sent\u00e9s dans tous les pays africains et sommes actifs en\u00a0<strong>France,\u00a0au Cameroun, en C\u00f4te d&rsquo;Ivoire, au Mali, au S\u00e9n\u00e9gal, au Burkina Faso, au Togo, au Kenya, au Nigeria, au Gabon, en R\u00e9publique centrafricaine, au B\u00e9nin, au Tchad, au Congo- Brazzaville et \u00e0 Kinshasa.\u00a0<\/strong>Soyez donc s\u00fbr de recevoir vos produits imm\u00e9diatement apr\u00e8s votre commande.<\/p>\n<p><strong>La livraison est gratuite partout dans le monde.<\/strong><\/p>","protected":false},"excerpt":{"rendered":"<p>Traitement naturel par les plantes m\u00e9dicinales pour gu\u00e9rir les syn\u00e9chies ut\u00e9rines<\/p>\n<p>Les syn\u00e9chies ut\u00e9rines sont des adh\u00e9rences pathologiques des parois ut\u00e9rines. Dans la plupart des cas, elles\u00a0sont d&rsquo;origine iatrog\u00e8ne.\u00a0Elles peuvent r\u00e9sulter d&rsquo;interventions ut\u00e9rines telles que l&rsquo;avortement, la c\u00e9sarienne et la myomectomie. Ils r\u00e9sultent rarement d&rsquo;infections ut\u00e9rines telles que la chlamydia, la tuberculose et la schistosomiase et de la pr\u00e9sence du corps \u00e9tranger. Cependant, il n&rsquo;est pas rare de rencontrer des patientes pr\u00e9sentant des syn\u00e9chies sans aucun ant\u00e9c\u00e9dent pertinent.<\/p>\n<p><img decoding=\"async\" src=\"https:\/\/www.lesplantesafricaines.com\/medias\/images\/syne-chies.png\" alt=\"Syne chies\" \/><\/p>\n<p>Cette affection entra\u00eene g\u00e9n\u00e9ralement une am\u00e9norrh\u00e9e, une hypom\u00e9norrh\u00e9e, un avortement habituel et une infertilit\u00e9 secondaire.\u00a0Sa forme la plus grave, avec hypom\u00e9norrh\u00e9e ou am\u00e9norrh\u00e9e, constitue le syndrome d&rsquo;Asherman et peut entra\u00eener une st\u00e9rilit\u00e9, parfois d\u00e9finitive.\u00a0Les syn\u00e9chies ut\u00e9rines pendant la grossesse ont \u00e9galement \u00e9t\u00e9 appel\u00e9es \u00ab\u00a0feuilles amniotiques\u00a0\u00bb ou \u00ab\u00a0plis amniotiques\u00a0\u00bb. Elles sont le plus souvent not\u00e9es comme une d\u00e9couverte fortuite lors de l&rsquo;\u00e9chographie de la grossesse. En g\u00e9n\u00e9ral, les syn\u00e9chies ut\u00e9rines n&rsquo;interf\u00e8rent pas avec le d\u00e9veloppement ou la croissance du f\u0153tus, et sont rarement associ\u00e9es \u00e0 des complications.<\/p>\n<p>&nbsp;<\/p>\n<p>Nous avons un traitement naturel fait \u00e0 base d\u2019\u00e9corces, de racines et de plantes africaines qui sont excellentes et tr\u00e8s efficace pour gu\u00e9rir d\u00e9finitivement les Syn\u00e9chies Ut\u00e9rines.<\/p>\n<p>Ce traitement a d\u00e9j\u00e0 fait ses preuves sur grand nombres de nos patients, en les d\u00e9barrassant d\u00e9finitivement des Syn\u00e9chies Ut\u00e9rines.<\/p>\n<p>Commandez-le et commencez \u00e0 l&rsquo;avance le traitement naturel pour gu\u00e9rir la septic\u00e9mie. Un accompagnement est propos\u00e9 pendant toute la dur\u00e9e de votre traitement. Pour nous contacter, cliquez sur le bouton WhatsApp dans le coin droit de l&rsquo;\u00e9cran ou contactez-nous au <strong>+229 01 63 75 44 65.<\/strong><\/p>\n<p>Nous sommes repr\u00e9sent\u00e9s dans tous les pays africains et sommes actifs en France,\u00a0au Cameroun, en C\u00f4te d&rsquo;Ivoire, au Mali, au S\u00e9n\u00e9gal, au Burkina Faso, au Togo, au Kenya, au Nigeria, au Gabon, en R\u00e9publique centrafricaine, au B\u00e9nin, au Tchad, au Congo- Brazzaville et \u00e0 Kinshasa. Soyez donc s\u00fbr de recevoir vos produits imm\u00e9diatement apr\u00e8s votre commande.<\/p>\n<p>La livraison est gratuite partout dans le monde.<\/p>\n<p>CLIQUEZ ICI POUR L&rsquo;OBTENIR<\/p>\n<p>Nous sommes repr\u00e9sent\u00e9s dans tous les pays africains et sommes actifs au\u00a0Cameroun, en C\u00f4te d&rsquo;Ivoire, au Mali, au S\u00e9n\u00e9gal, au Burkina Faso, au Togo, au Kenya, au Nigeria, au Gabon, en R\u00e9publique centrafricaine, au B\u00e9nin, au Tchad, au Congo- Brazzaville et \u00e0 Kinshasa. Soyez donc s\u00fbr de recevoir vos produits imm\u00e9diatement apr\u00e8s votre commande.<\/p>\n<p>La livraison est gratuite partout dans le monde.<\/p>\n<p>Principes actifs du traitement naturel pour gu\u00e9rir les Syn\u00e9chies ut\u00e9rines<\/p>\n<p>Les principes actifs des plantes et des \u00e9corces qui composent le traitement naturel aident \u00e0 d\u00e9coller les parties\u00a0touch\u00e9es par les syn\u00e9chies ut\u00e9rines, \u00e0 nettoyer votre ut\u00e9rus\u00a0et \u00e0 vous d\u00e9barrasser d\u00e9finitivement de cette maladie.<\/p>\n<p>Ce traitement est le secret de la nature pour vous gu\u00e9rir naturellement des syn\u00e9chies ut\u00e9rines.<\/p>\n<p>Commandez-le et commencez \u00e0 l&rsquo;avance le traitement naturel pour gu\u00e9rir la septic\u00e9mie. Un accompagnement est propos\u00e9 pendant toute la dur\u00e9e de votre traitement. Pour nous contacter, cliquez sur le bouton WhatsApp dans le coin droit de l&rsquo;\u00e9cran ou contactez-nous au <strong>+229 01 63 75 44 65.<\/strong><\/p>\n<p>Nous sommes repr\u00e9sent\u00e9s dans tous les pays africains et sommes actifs en France,\u00a0au Cameroun, en C\u00f4te d&rsquo;Ivoire, au Mali, au S\u00e9n\u00e9gal, au Burkina Faso, au Togo, au Kenya, au Nigeria, au Gabon, en R\u00e9publique centrafricaine, au B\u00e9nin, au Tchad, au Congo- Brazzaville et \u00e0 Kinshasa. Soyez donc s\u00fbr de recevoir vos produits imm\u00e9diatement apr\u00e8s votre commande.<\/p>\n<p>La livraison est gratuite partout dans le monde.<\/p>\n<p><a href=\"http:\/\/wa.me\/+2290163754465\">CLIQUEZ ICI POUR L&rsquo;OBTENIR\u00a0<\/a><\/p>\n<p>Nous sommes repr\u00e9sent\u00e9s dans tous les pays africains et sommes actifs au\u00a0Cameroun, en C\u00f4te d&rsquo;Ivoire, au Mali, au S\u00e9n\u00e9gal, au Burkina Faso, au Togo, au Kenya, au Nigeria, au Gabon, en R\u00e9publique centrafricaine, au B\u00e9nin, au Tchad, au Congo- Brazzaville et \u00e0 Kinshasa. Soyez donc s\u00fbr de recevoir vos produits imm\u00e9diatement apr\u00e8s votre commande.<\/p>\n<p>La livraison est gratuite partout dans le monde.<\/p>\n<p>Dur\u00e9e du traitement<\/p>\n<p>LastLa dur\u00e9e du traitement pour soigner d\u00e9finitivement syn\u00e9chies ut\u00e9rines est de 1 \u00e0 3 mois. Elle variera en fonction de l&rsquo;avanc\u00e9e de vos\u00a0syn\u00e9chies ut\u00e9rines.<\/p>\n<p>Pendant toute la dur\u00e9e du traitement, il est indispensable que vous soyez disciplin\u00e9 et que vous ne ratiez aucune prise des produits.<\/p>\n<p>A la fin du traitement, vous serez d\u00e9finitivement gu\u00e9ri des\u00a0syn\u00e9chies ut\u00e9rines.<\/p>\n<p><strong>Commandez-le et commencez \u00e0 l&rsquo;avance le traitement naturel pour gu\u00e9rir la septic\u00e9mie. Un accompagnement est propos\u00e9 pendant toute la dur\u00e9e de votre traitement. Pour nous contacter, cliquez sur le bouton WhatsApp dans le coin droit de l&rsquo;\u00e9cran ou contactez-nous au +229 01 63 75 44 65.<\/strong><\/p>\n<p><strong>Nous sommes repr\u00e9sent\u00e9s dans tous les pays africains et sommes actifs en France,\u00a0au Cameroun, en C\u00f4te d&rsquo;Ivoire, au Mali, au S\u00e9n\u00e9gal, au Burkina Faso, au Togo, au Kenya, au Nigeria, au Gabon, en R\u00e9publique centrafricaine, au B\u00e9nin, au Tchad, au Congo- Brazzaville et \u00e0 Kinshasa. Soyez donc s\u00fbr de recevoir vos produits imm\u00e9diatement apr\u00e8s votre commande.<\/strong><\/p>\n<p><strong>La livraison est gratuite partout dans le monde.<\/strong><\/p>\n<p>CLIQUEZ ICI POUR L&rsquo;OBTENIR<\/p>\n<p>Nous sommes repr\u00e9sent\u00e9s dans tous les pays africains et sommes actifs au\u00a0Cameroun, en C\u00f4te d&rsquo;Ivoire, au Mali, au S\u00e9n\u00e9gal, au Burkina Faso, au Togo, au Kenya, au Nigeria, au Gabon, en R\u00e9publique centrafricaine, au B\u00e9nin, au Tchad, au Congo- Brazzaville et \u00e0 Kinshasa. Soyez donc s\u00fbr de recevoir vos produits imm\u00e9diatement apr\u00e8s votre commande.<\/p>\n<p>La livraison est gratuite partout dans le monde.<\/p>","protected":false},"featured_media":1326,"comment_status":"open","ping_status":"closed","template":"","meta":[],"product_brand":[],"product_cat":[100],"product_tag":[],"class_list":{"0":"post-1327","1":"product","2":"type-product","3":"status-publish","4":"has-post-thumbnail","6":"product_cat-remedio-natural-contra-la-sinequia-uterina","8":"first","9":"instock","10":"shipping-taxable","11":"purchasable","12":"product-type-simple"},"_links":{"self":[{"href":"https:\/\/santebio.bio\/ru\/wp-json\/wp\/v2\/product\/1327","targetHints":{"allow":["GET"]}}],"collection":[{"href":"https:\/\/santebio.bio\/ru\/wp-json\/wp\/v2\/product"}],"about":[{"href":"https:\/\/santebio.bio\/ru\/wp-json\/wp\/v2\/types\/product"}],"replies":[{"embeddable":true,"href":"https:\/\/santebio.bio\/ru\/wp-json\/wp\/v2\/comments?post=1327"}],"version-history":[{"count":0,"href":"https:\/\/santebio.bio\/ru\/wp-json\/wp\/v2\/product\/1327\/revisions"}],"wp:featuredmedia":[{"embeddable":true,"href":"https:\/\/santebio.bio\/ru\/wp-json\/wp\/v2\/media\/1326"}],"wp:attachment":[{"href":"https:\/\/santebio.bio\/ru\/wp-json\/wp\/v2\/media?parent=1327"}],"wp:term":[{"taxonomy":"product_brand","embeddable":true,"href":"https:\/\/santebio.bio\/ru\/wp-json\/wp\/v2\/product_brand?post=1327"},{"taxonomy":"product_cat","embeddable":true,"href":"https:\/\/santebio.bio\/ru\/wp-json\/wp\/v2\/product_cat?post=1327"},{"taxonomy":"product_tag","embeddable":true,"href":"https:\/\/santebio.bio\/ru\/wp-json\/wp\/v2\/product_tag?post=1327"}],"curies":[{"name":"wp","href":"https:\/\/api.w.org\/{rel}","templated":true}]}}