{"id":1418,"date":"2026-03-09T09:45:17","date_gmt":"2026-03-09T09:45:17","guid":{"rendered":"https:\/\/herbs.thewebexperts.net\/?post_type=product&#038;p=1418"},"modified":"2026-03-19T11:27:36","modified_gmt":"2026-03-19T10:27:36","slug":"adenomyose-endometriose-traitement-naturel-a-base-de-plantes-dafrique","status":"publish","type":"product","link":"https:\/\/santebio.bio\/ru\/product\/adenomyose-endometriose-traitement-naturel-a-base-de-plantes-dafrique\/","title":{"rendered":"Ad\u00e9nomyose, Endom\u00e9triose : traitement naturel \u00e0 base de plantes d&rsquo;afrique"},"content":{"rendered":"<p>Nous vous proposons ici un rem\u00e8de naturel fait \u00e0 base de plantes m\u00e9dicinales tr\u00e8s efficaces pour gu\u00e9rir d\u00e9finitivement de l\u2019ad\u00e9nomyose et de l&rsquo;endom\u00e9triose. Il est sp\u00e9cialement pens\u00e9 pour les patientes qui n\u2019ont pas envie d\u2019avoir recours \u00e0 la chirurgie, car chaque op\u00e9ration comporte un risque<\/p>\n<p><strong>Commandez-le et commencez \u00e0 l&rsquo;avance le traitement naturel. Un soutien est propos\u00e9 pendant toute la dur\u00e9e de votre accueil. Pour nous contacter, cliquez sur le bouton WhatsApp dans le coin droit de l&rsquo;\u00e9cran ou contactez-nous au +229 01 63 75 44 65.<\/strong><\/p>\n<p>Nous sommes repr\u00e9sent\u00e9s dans tous les pays africains et sommes actifs en\u00a0<strong>France<\/strong>, au\u00a0<strong>Cameroun, en C\u00f4te d&rsquo;Ivoire, au Mali, au S\u00e9n\u00e9gal, au Burkina Faso, au Togo, au Kenya, au Nigeria, au Gabon, en R\u00e9publique centrafricaine, au B\u00e9nin, au Tchad, au Congo- Brazzaville et \u00e0 Kinshasa<\/strong>. Soyez donc s\u00fbr de recevoir vos produits imm\u00e9diatement apr\u00e8s votre commande.<\/p>\n<p><strong>La livraison est gratuite partout dans le monde.<\/strong><\/p>","protected":false},"excerpt":{"rendered":"<h2><u>Rem\u00e8de naturel pour gu\u00e9rir de l\u2019ad\u00e9nomyose<\/u><\/h2>\n<p>On parle d\u2019ad\u00e9nomyose lorsque le tissu qui tapisse normalement l\u2019ut\u00e9rus (l\u2019endom\u00e8tre) se d\u00e9veloppe dans la paroi musculaire de l\u2019ut\u00e9rus. L\u2019ad\u00e9nomyose peut provoquer des crampes menstruelles, une pression abdominale basse et des ballonnements avant les r\u00e8gles et peut entra\u00eener des r\u00e8gles abondantes. Elle est m\u00eame responsable dans certains cas d\u2019infertilit\u00e9 chez la femme. On rencontre le plus d\u2019ad\u00e9nomyose chez des femmes ayant eu plusieurs enfants.<\/p>\n<p><img loading=\"lazy\" decoding=\"async\" class=\"img-center\" src=\"https:\/\/www.lesplantesafricaines.com\/medias\/images\/adenomyose.png\" alt=\"Adenomyose\" width=\"1920\" height=\"816\" \/><\/p>\n<p>Si vous souffrez d\u2019ad\u00e9nomyose et que vous d\u00e9sirez \u00e0 tout prix \u00e9vitez l\u2019op\u00e9ration, vous \u00eates au bon endroit. Nous vous proposons ici un rem\u00e8de naturel fait \u00e0 base de plantes m\u00e9dicinales tr\u00e8s efficace pour gu\u00e9rir d\u00e9finitivement de l\u2019ad\u00e9nomyose. Il est sp\u00e9cialement pens\u00e9 pour les patientes qui n\u2019ont pas envie d\u2019avoir recours \u00e0 la chirurgie, car chaque op\u00e9ration comporte un risque.<\/p>\n<p>Ce traitement naturel \u00e0\u00a0base de plantes pour soigner l\u2019ad\u00e9nomyose supprimera les douleurs que vous ressentez lors des r\u00e8gles et de vous permettra de\u00a0vivre des cycles menstruels normaux. Il surpasse les traitements conventionnels qui soulagent la douleur, mais ne s\u2019attaquent pas \u00e0 la racine du mal.<\/p>\n<p>&nbsp;<\/p>\n<p><strong>CET ARTICLE POURRAIT AUSSI VOUS INTERESSER :\u00a0<\/strong>ADENOMYOSE TRAITEMENT NATUREL : Les experts de Dawasant\u00e9<\/p>\n<h2><u>Comment \u00e7a marche?<\/u><\/h2>\n<p>Notre tisane contient des plantes qui r\u00e9duisent le taux \u0153strog\u00e8nes dans le sang. Cela permet de bloquer la prolif\u00e9ration et le saignement des l\u00e9sions d\u2019ad\u00e9nomyose. Ces plantes m\u00e9dicinales sont riches en antioxydant qui inhibent les enzymes qui m\u00e8nent aux prostaglandines pro-inflammatoires.<\/p>\n<p>Ce sont des nutriments \u00e0 forte dose anti-inflammatoire. Cela mettra d\u00e9finitivement fin aux douleurs que vous ressentez lors des r\u00e8gles. Nous savons que beaucoup d\u2019entre vous se sont fait trait\u00e9s ou op\u00e9r\u00e9s d\u2019adenomyose, mais que la douleur est revenue des ann\u00e9es plus tard. Pas de panique mesdames!\u00a0<strong>Avec nous, pas de r\u00e9cidive, ni d\u2019effets secondaires. Vous allez gu\u00e9rir d\u00e9finitivement de l\u2019ad\u00e9nomyose.<\/strong><\/p>\n<p><strong>Commandez-le et commencez \u00e0 l&rsquo;avance le traitement naturel. Un soutien est propos\u00e9 pendant toute la dur\u00e9e de votre accueil. Pour nous contacter, cliquez sur le bouton WhatsApp dans le coin droit de l&rsquo;\u00e9cran ou contactez-nous au +229 01 63 75 44 65.<\/strong><\/p>\n<p>Nous sommes repr\u00e9sent\u00e9s dans tous les pays africains et sommes actifs en\u00a0<strong>France<\/strong>, au\u00a0<strong>Cameroun, en C\u00f4te d&rsquo;Ivoire, au Mali, au S\u00e9n\u00e9gal, au Burkina Faso, au Togo, au Kenya, au Nigeria, au Gabon, en R\u00e9publique centrafricaine, au B\u00e9nin, au Tchad, au Congo- Brazzaville et \u00e0 Kinshasa<\/strong>. Soyez donc s\u00fbr de recevoir vos produits imm\u00e9diatement apr\u00e8s votre commande.<\/p>\n<p><strong>La livraison est gratuite partout dans le monde.<\/strong><\/p>\n<p>&nbsp;<\/p>\n<p><strong>CET ARTICLE POURRAIT AUSSI VOUS INTERESSER :\u00a0<\/strong>Gu\u00e9rir l&rsquo;endom\u00e9triose sans op\u00e9ration : solutions naturelles<\/p>\n<h2><u>Rem\u00e8de naturel par les plantes contre l&rsquo;endom\u00e9triose<\/u><\/h2>\n<p><img decoding=\"async\" src=\"https:\/\/www.lesamazonesparisiennes.com\/wp-content\/uploads\/sites\/70\/2020\/02\/remede-endrometriose.jpg\" alt=\"Endom\u00e9triose rem\u00e8de naturel \u2013 Les Amazones Parisiennes\" \/><\/p>\n<p>Vous avez des r\u00e8gles tr\u00e8s douloureuses (dysm\u00e9norrh\u00e9es), vous ressentez des douleurs intenses lors de vos rapports sexuels (dyspareunie) et l\u2019on vous dit que c\u2019est normal. Mais \u00e0 chacune de vos r\u00e8gles ces douleurs reviennent encore plus forte que lors du cycle pr\u00e9c\u00e9dent.<\/p>\n<p>Vous souffrez probablement d\u2019endom\u00e9triose. Sachez que les endom\u00e9trioses ont pour cons\u00e9quences principales des douleurs atroces lors des r\u00e8gles.<\/p>\n<p>Cependant, elle peut aussi \u00eatre responsable d\u2019infertilit\u00e9 f\u00e9minine\u00a0: soit en\u00a0obstruant vos trompes de Fallope, soit en emp\u00eachant l\u2019ovulation(anovulation). En effet, 30 \u00e0 40% des femmes souffrants d\u2019endom\u00e9triose sont infertiles.<\/p>\n<p>Heureusement, en suivant notre traitement naturel et gr\u00e2ce \u00e0 une alimentation appropri\u00e9e, les douleurs peuvent \u00eatre soulag\u00e9es et vous aurez enfin la possibilit\u00e9 d\u2019avoir un enfant. En r\u00e8gle g\u00e9n\u00e9rale, \u00e0 l\u2019exception du diagnostic trop tardif, notre rem\u00e8de naturel permet de \u00a0gu\u00e9rir l\u2019endom\u00e9triose\u00a0assez facilement et ne laisse pas de s\u00e9quelles.<\/p>\n<p><strong>Notre traitement naturel est sp\u00e9cialement pens\u00e9e pour les patientes qui n\u2019ont pas envie d\u2019avoir recours \u00e0 la\u00a0chirurgie, car chaque op\u00e9ration comporte un risque.<\/strong>\u00a0Il surpasse les traitements conventionnels qui soulagent la douleur, mais ne s\u2019attaquent pas \u00e0 la racine du mal. C\u2019est un rem\u00e8de naturel, efficace et durable.<\/p>\n<p>Faites-nous confiance\u00a0!\u00a0<strong>C\u2019est le secret pour gu\u00e9rir de l\u2019endom\u00e9triose sans op\u00e9ration.<\/strong><\/p>\n<p>Le traitement que nous vous proposons pour gu\u00e9rir de l\u2019endom\u00e9triose est compos\u00e9 de tisanes. Ce rem\u00e8de naturel est \u00e0 100% fait \u00e0 base de plantes. Les plantes que nous utilisons ont fait la preuve de leur efficacit\u00e9.<\/p>\n<p>&nbsp;<\/p>\n<p><strong><u>NB\u00a0:<\/u>\u00a0<\/strong>Nous souhaiterons avoir une \u00e9chographie de votre bassin au d\u00e9but du traitement. Dans certains cas, nous vous demanderons une \u00e9chographie transvaginale ou transrectale, voire une IRM, si la premi\u00e8re \u00e9chographie est insuffisante pour faire le diagnostic.<\/p>\n<p>&nbsp;<\/p>\n<p><strong>CET ARTICLE POURRAIT AUSSI VOUS INTERESSER :\u00a0<\/strong>Tisane contre l&rsquo;endom\u00e9triose<\/p>\n<h3><u>Dur\u00e9e du traitement<\/u><\/h3>\n<p>La dur\u00e9e de notre traitement naturel pour gu\u00e9rir de endom\u00e9triose d\u00e9pendra du stade de votre endom\u00e9triose et des organes affect\u00e9s par les fragments d\u2019endom\u00e8tre. La dur\u00e9e du traitement varie de 1 \u00e0 2 mois. Rassurez-vous ! C\u2019est le secret pour gu\u00e9rir l&rsquo;endom\u00e9triose sans op\u00e9ration.\u00a0<strong>Notre prise en charge est individualis\u00e9e.<\/strong>\u00a0Elle variera en fonction de vos sympt\u00f4mes et de vos attentes.<\/p>\n<p><strong>Commandez-le et commencez \u00e0 l&rsquo;avance le traitement naturel. Un soutien est propos\u00e9 pendant toute la dur\u00e9e de votre accueil. Pour nous contacter, cliquez sur le bouton WhatsApp dans le coin droit de l&rsquo;\u00e9cran ou contactez-nous au +229 01 63 75 44 65.<\/strong><\/p>\n<p>Nous sommes repr\u00e9sent\u00e9s dans tous les pays africains et sommes actifs en\u00a0<strong>France<\/strong>, au\u00a0<strong>Cameroun, en C\u00f4te d&rsquo;Ivoire, au Mali, au S\u00e9n\u00e9gal, au Burkina Faso, au Togo, au Kenya, au Nigeria, au Gabon, en R\u00e9publique centrafricaine, au B\u00e9nin, au Tchad, au Congo- Brazzaville et \u00e0 Kinshasa<\/strong>. Soyez donc s\u00fbr de recevoir vos produits imm\u00e9diatement apr\u00e8s votre commande.<\/p>\n<p><strong>La livraison est gratuite partout dans le monde.<\/strong><\/p>\n<p><strong>CET ARTICLE POURRAIT AUSSI VOUS INTERESSER :\u00a0<\/strong>PLANTES, HERBES, TISANE : Endom\u00e9trios<\/p>\n<h2><u>Quelles sont les pr\u00e9cautions \u00e0 prendre lorsqu\u2019on souffre d\u2019ad\u00e9nomyose\u202fou d&rsquo;endom\u00e9triose?<\/u><\/h2>\n<p>Il est extr\u00eamement important que vous ayez une alimentation saine et \u00e9quilibr\u00e9e afin de soulager vos sympt\u00f4mes. Vous devez :<\/p>\n<ul>\n<li>Suivre une th\u00e9rapie par la chaleur. Au moment pr\u00e9cis o\u00f9 vous souffrez de crampes et de douleurs menstruelles, appliquez une compresse chaude sur la zone douloureuse. Cela vous aidera \u00e0 d\u00e9tendre les muscles et \u00e0 refouler la douleur.<\/li>\n<li>\u00c9vitez la consommation excessive de viande rouge, charcuterie et de produits laitiers<\/li>\n<li>\u00c9vitez\u00a0la consommation d\u2019alcool et de tabac. L\u2019alcool et le tabagisme sont consid\u00e9r\u00e9s comme des facteurs primaires pour de telles maladies et il est important pour la r\u00e9paration d\u2019abandonner d\u00e9finitivement ces habitudes<\/li>\n<li>Pratiquer une activit\u00e9 physique pour mieux g\u00e9rer votre stress<\/li>\n<li>\u00c9vitez\u00a0le caf\u00e9 et les aliments sucr\u00e9s<\/li>\n<li>Manger plus de fruits et de l\u00e9gumes<\/li>\n<li>Privil\u00e9gier les aliments riches en acides gras om\u00e9ga-3 dans votre alimentation, comme les avocats, les poissons, l\u2019huile de coco. Il aide \u00e0 r\u00e9guler le taux de prostaglandines dans l\u2019organisme.<\/li>\n<\/ul>\n<p><strong>CET ARTICLE POURRAIT AUSSI VOUS INTERESSER :\u00a0<\/strong>Avantages du gingembre sur l&rsquo;endom\u00e9triose<\/p>\n<p><strong>Commandez-le et commencez \u00e0 l&rsquo;avance le traitement naturel. Un soutien est propos\u00e9 pendant toute la dur\u00e9e de votre accueil. Pour nous contacter, cliquez sur le bouton WhatsApp dans le coin droit de l&rsquo;\u00e9cran ou contactez-nous au +229 01 63 75 44 65.<\/strong><\/p>\n<p>Nous sommes repr\u00e9sent\u00e9s dans tous les pays africains et sommes actifs en\u00a0<strong>France<\/strong>, au\u00a0<strong>Cameroun, en C\u00f4te d&rsquo;Ivoire, au Mali, au S\u00e9n\u00e9gal, au Burkina Faso, au Togo, au Kenya, au Nigeria, au Gabon, en R\u00e9publique centrafricaine, au B\u00e9nin, au Tchad, au Congo- Brazzaville et \u00e0 Kinshasa<\/strong>. Soyez donc s\u00fbr de recevoir vos produits imm\u00e9diatement apr\u00e8s votre commande.<\/p>\n<p><strong>La livraison est gratuite partout dans le monde.<\/strong><\/p>","protected":false},"featured_media":1419,"comment_status":"open","ping_status":"closed","template":"","meta":[],"product_brand":[],"product_cat":[130],"product_tag":[],"class_list":{"0":"post-1418","1":"product","2":"type-product","3":"status-publish","4":"has-post-thumbnail","6":"product_cat-endometriose-traitement-naturel","8":"first","9":"instock","10":"featured","11":"shipping-taxable","12":"purchasable","13":"product-type-simple"},"_links":{"self":[{"href":"https:\/\/santebio.bio\/ru\/wp-json\/wp\/v2\/product\/1418","targetHints":{"allow":["GET"]}}],"collection":[{"href":"https:\/\/santebio.bio\/ru\/wp-json\/wp\/v2\/product"}],"about":[{"href":"https:\/\/santebio.bio\/ru\/wp-json\/wp\/v2\/types\/product"}],"replies":[{"embeddable":true,"href":"https:\/\/santebio.bio\/ru\/wp-json\/wp\/v2\/comments?post=1418"}],"version-history":[{"count":0,"href":"https:\/\/santebio.bio\/ru\/wp-json\/wp\/v2\/product\/1418\/revisions"}],"wp:featuredmedia":[{"embeddable":true,"href":"https:\/\/santebio.bio\/ru\/wp-json\/wp\/v2\/media\/1419"}],"wp:attachment":[{"href":"https:\/\/santebio.bio\/ru\/wp-json\/wp\/v2\/media?parent=1418"}],"wp:term":[{"taxonomy":"product_brand","embeddable":true,"href":"https:\/\/santebio.bio\/ru\/wp-json\/wp\/v2\/product_brand?post=1418"},{"taxonomy":"product_cat","embeddable":true,"href":"https:\/\/santebio.bio\/ru\/wp-json\/wp\/v2\/product_cat?post=1418"},{"taxonomy":"product_tag","embeddable":true,"href":"https:\/\/santebio.bio\/ru\/wp-json\/wp\/v2\/product_tag?post=1418"}],"curies":[{"name":"wp","href":"https:\/\/api.w.org\/{rel}","templated":true}]}}