{"id":1331,"date":"2026-03-06T18:21:01","date_gmt":"2026-03-06T18:21:01","guid":{"rendered":"https:\/\/herbs.thewebexperts.net\/?post_type=product&#038;p=1331"},"modified":"2026-03-19T11:14:56","modified_gmt":"2026-03-19T10:14:56","slug":"traitement-naturel-pour-guerir-la-maladie-de-crohn","status":"publish","type":"product","link":"https:\/\/santebio.bio\/zh\/product\/traitement-naturel-pour-guerir-la-maladie-de-crohn\/","title":{"rendered":"Traitement naturel pour gu\u00e9rir la maladie de Crohn"},"content":{"rendered":"<p>Le traitement que nous vous proposons ici est un m\u00e9lange de racines et de plantes africaines qui sont excellentes et tr\u00e8s efficace pour gu\u00e9rir la maladie de Crohn.<\/p>\n<p>Commandez-le et commencez \u00e0 l&rsquo;avance le traitement naturel pour gu\u00e9rir la septic\u00e9mie. Un accompagnement est propos\u00e9 pendant toute la dur\u00e9e de votre traitement. Pour nous contacter, cliquez sur le bouton WhatsApp dans le coin droit de l&rsquo;\u00e9cran ou contactez-nous au +229 01 63 75 44 65.<\/p>\n<p>Nous sommes repr\u00e9sent\u00e9s dans tous les pays africains et sommes actifs en France,\u00a0au Cameroun, en C\u00f4te d&rsquo;Ivoire, au Mali, au S\u00e9n\u00e9gal, au Burkina Faso, au Togo, au Kenya, au Nigeria, au Gabon, en R\u00e9publique centrafricaine, au B\u00e9nin, au Tchad, au Congo- Brazzaville et \u00e0 Kinshasa. Soyez donc s\u00fbr de recevoir vos produits imm\u00e9diatement apr\u00e8s votre commande.<\/p>\n<p>La livraison est gratuite partout dans le monde.<\/p>","protected":false},"excerpt":{"rendered":"<p><strong>Traitement naturel par les plantes m\u00e9dicinales pour gu\u00e9rir la maladie de Crohn<\/strong><\/p>\n<p>La maladie de Crohn est une maladie inflammatoire de l&rsquo;intestin qui peut toucher une ou plusieurs parties de l&rsquo;\u0153sophage, de l&rsquo;estomac, de l&rsquo;intestin gr\u00eale et du gros intestin, entra\u00eenant un \u00e9paississement et des ulc\u00e8res dans la partie touch\u00e9e. La maladie de Crohn doit son nom au Dr Burril Crohn, qui l&rsquo;a d\u00e9crite pour la premi\u00e8re fois en 1932.<\/p>\n<p>Bien que la cause de cette maladie, qui peut se manifester dans toutes les parties du syst\u00e8me digestif, de la bouche \u00e0 l&rsquo;anus, ne soit pas connue avec pr\u00e9cision, on pense que des facteurs environnementaux et g\u00e9n\u00e9tiques jouent un r\u00f4le important dans la formation de la maladie. La cause de la maladie de Crohn est inconnue et d\u2019apr\u00e8s la science, il n&rsquo;existe pas de traitement d\u00e9finitif.<\/p>\n<p>&nbsp;<\/p>\n<p>Cependant, nous avons un traitement naturel fait \u00e0 base d\u2019\u00e9corces, de racines et de plantes africaines qui sont excellentes et tr\u00e8s efficace pour gu\u00e9rir d\u00e9finitivement la maladie de Crohn.<\/p>\n<p><strong>Ce traitement a d\u00e9j\u00e0 fait ses preuves sur grand nombres de nos patients, en les d\u00e9barrassant d\u00e9finitivement de la maladie de Crohn.<\/strong><\/p>\n<p><strong>Commandez-le et commencez \u00e0 l&rsquo;avance le traitement naturel pour gu\u00e9rir la septic\u00e9mie. Un accompagnement est propos\u00e9 pendant toute la dur\u00e9e de votre traitement. Pour nous contacter, cliquez sur le bouton WhatsApp dans le coin droit de l&rsquo;\u00e9cran ou contactez-nous au +229 01 63 75 44 65.<\/strong><\/p>\n<p><strong>Nous sommes repr\u00e9sent\u00e9s dans tous les pays africains et sommes actifs en France,\u00a0au Cameroun, en C\u00f4te d&rsquo;Ivoire, au Mali, au S\u00e9n\u00e9gal, au Burkina Faso, au Togo, au Kenya, au Nigeria, au Gabon, en R\u00e9publique centrafricaine, au B\u00e9nin, au Tchad, au Congo- Brazzaville et \u00e0 Kinshasa. Soyez donc s\u00fbr de recevoir vos produits imm\u00e9diatement apr\u00e8s votre commande.<\/strong><\/p>\n<p><strong>La livraison est gratuite partout dans le monde.<\/strong><\/p>\n<p>&nbsp;<\/p>\n<p><strong>Principes actifs du traitement naturel pour gu\u00e9rir la maladie de Crohn<\/strong><\/p>\n<p>Les principes actifs des plantes qui composent le traitement naturel aident \u00e0 la d\u00e9sinflammation de la partie touch\u00e9e par la maladie de Crohn et \u00e0 vous d\u00e9barrasser d\u00e9finitivement de cette maladie.<\/p>\n<p>Ce traitement est le secret de la nature pour vous gu\u00e9rir naturellement de la maladie de Crohn.<\/p>\n<p><strong>Commandez-le et commencez \u00e0 l&rsquo;avance le traitement naturel pour gu\u00e9rir la septic\u00e9mie. Un accompagnement est propos\u00e9 pendant toute la dur\u00e9e de votre traitement. Pour nous contacter, cliquez sur le bouton WhatsApp dans le coin droit de l&rsquo;\u00e9cran ou contactez-nous au +229 01 63 75 44 65.<\/strong><\/p>\n<p><strong>Nous sommes repr\u00e9sent\u00e9s dans tous les pays africains et sommes actifs en France,\u00a0au Cameroun, en C\u00f4te d&rsquo;Ivoire, au Mali, au S\u00e9n\u00e9gal, au Burkina Faso, au Togo, au Kenya, au Nigeria, au Gabon, en R\u00e9publique centrafricaine, au B\u00e9nin, au Tchad, au Congo- Brazzaville et \u00e0 Kinshasa. Soyez donc s\u00fbr de recevoir vos produits imm\u00e9diatement apr\u00e8s votre commande.<\/strong><\/p>\n<p><strong>La livraison est gratuite partout dans le monde.<\/strong><\/p>\n<p>&nbsp;<\/p>\n<p><strong>Dur\u00e9e du traitement<\/strong><\/p>\n<p>La dur\u00e9e du traitement pour soigner d\u00e9finitivement la maladie de Crohn est de 1 \u00e0 3 mois. Elle variera en fonction de l&rsquo;avanc\u00e9e de la maladie de Crohn.<\/p>\n<p>Pendant toute la dur\u00e9e du traitement, il est indispensable que vous soyez disciplin\u00e9 et que vous ne ratiez aucune prise des produits.<\/p>\n<p>A la fin du traitement, vous serez d\u00e9finitivement gu\u00e9ri de la maladie de Crohn.<\/p>\n<p><strong>Commandez-le et commencez \u00e0 l&rsquo;avance le traitement naturel pour gu\u00e9rir la septic\u00e9mie. Un accompagnement est propos\u00e9 pendant toute la dur\u00e9e de votre traitement. Pour nous contacter, cliquez sur le bouton WhatsApp dans le coin droit de l&rsquo;\u00e9cran ou contactez-nous au +229 01 63 75 44 65.<\/strong><\/p>\n<p><strong>Nous sommes repr\u00e9sent\u00e9s dans tous les pays africains et sommes actifs en France,\u00a0au Cameroun, en C\u00f4te d&rsquo;Ivoire, au Mali, au S\u00e9n\u00e9gal, au Burkina Faso, au Togo, au Kenya, au Nigeria, au Gabon, en R\u00e9publique centrafricaine, au B\u00e9nin, au Tchad, au Congo- Brazzaville et \u00e0 Kinshasa. Soyez donc s\u00fbr de recevoir vos produits imm\u00e9diatement apr\u00e8s votre commande.<\/strong><\/p>\n<p><strong>La livraison est gratuite partout dans le monde.<\/strong><\/p>","protected":false},"featured_media":1332,"comment_status":"open","ping_status":"closed","template":"","meta":[],"product_brand":[],"product_cat":[102],"product_tag":[],"class_list":{"0":"post-1331","1":"product","2":"type-product","3":"status-publish","4":"has-post-thumbnail","6":"product_cat-remede-naturel-contre-la-maladie-de-crohn","8":"first","9":"instock","10":"shipping-taxable","11":"purchasable","12":"product-type-simple"},"_links":{"self":[{"href":"https:\/\/santebio.bio\/zh\/wp-json\/wp\/v2\/product\/1331","targetHints":{"allow":["GET"]}}],"collection":[{"href":"https:\/\/santebio.bio\/zh\/wp-json\/wp\/v2\/product"}],"about":[{"href":"https:\/\/santebio.bio\/zh\/wp-json\/wp\/v2\/types\/product"}],"replies":[{"embeddable":true,"href":"https:\/\/santebio.bio\/zh\/wp-json\/wp\/v2\/comments?post=1331"}],"version-history":[{"count":0,"href":"https:\/\/santebio.bio\/zh\/wp-json\/wp\/v2\/product\/1331\/revisions"}],"wp:featuredmedia":[{"embeddable":true,"href":"https:\/\/santebio.bio\/zh\/wp-json\/wp\/v2\/media\/1332"}],"wp:attachment":[{"href":"https:\/\/santebio.bio\/zh\/wp-json\/wp\/v2\/media?parent=1331"}],"wp:term":[{"taxonomy":"product_brand","embeddable":true,"href":"https:\/\/santebio.bio\/zh\/wp-json\/wp\/v2\/product_brand?post=1331"},{"taxonomy":"product_cat","embeddable":true,"href":"https:\/\/santebio.bio\/zh\/wp-json\/wp\/v2\/product_cat?post=1331"},{"taxonomy":"product_tag","embeddable":true,"href":"https:\/\/santebio.bio\/zh\/wp-json\/wp\/v2\/product_tag?post=1331"}],"curies":[{"name":"wp","href":"https:\/\/api.w.org\/{rel}","templated":true}]}}