{"id":1363,"date":"2026-03-07T22:23:09","date_gmt":"2026-03-07T22:23:09","guid":{"rendered":"https:\/\/herbs.thewebexperts.net\/?post_type=product&#038;p=1363"},"modified":"2026-03-19T10:49:21","modified_gmt":"2026-03-19T09:49:21","slug":"traitement-naturel-de-la-frigidite-vaginale","status":"publish","type":"product","link":"https:\/\/santebio.bio\/zh\/product\/traitement-naturel-de-la-frigidite-vaginale\/","title":{"rendered":"Traitement naturel de la frigidit\u00e9 vaginale"},"content":{"rendered":"<p><strong>Traitement \u00e0 base de plantes naturelles pour redonner du go\u00fbt aux rapports sexuels chez la femme<\/strong><\/p>\n<p><strong>Commandez-le et commencez \u00e0 l&rsquo;avance le traitement naturel. Un soutien est propos\u00e9 pendant toute la dur\u00e9e de votre accueil. Pour nous contacter, cliquez sur le bouton WhatsApp dans le coin droit de l&rsquo;\u00e9cran ou contactez-nous au +229-0163754465.<\/strong><\/p>\n<p>Nous sommes repr\u00e9sent\u00e9s dans tous les pays africains et sommes actifs en\u00a0<strong>France<\/strong>, au\u00a0<strong>Cameroun, en C\u00f4te d&rsquo;Ivoire, au Mali, au S\u00e9n\u00e9gal, au Burkina Faso, au Togo, au Kenya, au Nigeria, au Gabon, en R\u00e9publique centrafricaine, au B\u00e9nin, au Tchad, au Congo- Brazzaville et \u00e0 Kinshasa<\/strong>. Soyez donc s\u00fbr de recevoir vos produits imm\u00e9diatement apr\u00e8s votre commande.<\/p>\n<p><strong>La livraison est gratuite partout dans le monde.<\/strong><\/p>","protected":false},"excerpt":{"rendered":"<p>La frigidit\u00e9 est la diminution ou l&rsquo;absence de d\u00e9sir de rapports sexuels associ\u00e9e au manque d&rsquo;orgasme. Les causes de la frigidit\u00e9 sont multiples, des hormonales aux neuropsychiques.<\/p>\n<h2>Traitement \u00e0 base de plantes contre la frigidit\u00e9<\/h2>\n<p>Ils activent les processus d&rsquo;excitation sexuelle et acc\u00e9l\u00e8rent la transmission des signaux des terminaisons nerveuses au cerveau.<\/p>\n<p>Les ingr\u00e9dients naturels de ce th\u00e9 stimulent le flux sanguin vers les zones \u00e9rog\u00e8nes de la femme &#8211; les organes g\u00e9nitaux et les mamelons.<\/p>\n<p>Que vous offrira ce traitement:<\/p>\n<ul>\n<li>Cela provoquera une excitation sexuelle<\/li>\n<li>Augmente la luminosit\u00e9 des sensations<\/li>\n<li>Prolonge les rapports sexuels<\/li>\n<li>Lib\u00e8re l&rsquo;esprit<\/li>\n<li>Fournit \u00e0 une femme un orgasme<\/li>\n<li>Tonifie tout le corps<\/li>\n<\/ul>\n<p><strong>Commandez-le et commencez \u00e0 l&rsquo;avance le traitement naturel. Un soutien est propos\u00e9 pendant toute la dur\u00e9e de votre accueil. Pour nous contacter, cliquez sur le bouton WhatsApp dans le coin droit de l&rsquo;\u00e9cran ou contactez-nous au +229-0163754465.<\/strong><\/p>\n<p>Nous sommes repr\u00e9sent\u00e9s dans tous les pays africains et sommes actifs en\u00a0<strong>France<\/strong>, au\u00a0<strong>Cameroun, en C\u00f4te d&rsquo;Ivoire, au Mali, au S\u00e9n\u00e9gal, au Burkina Faso, au Togo, au Kenya, au Nigeria, au Gabon, en R\u00e9publique centrafricaine, au B\u00e9nin, au Tchad, au Congo- Brazzaville et \u00e0 Kinshasa<\/strong>. Soyez donc s\u00fbr de recevoir vos produits imm\u00e9diatement apr\u00e8s votre commande.<\/p>\n<p><strong>La livraison est gratuite partout dans le monde.<\/strong><\/p>\n<h2>Causes de la frigidit\u00e9<\/h2>\n<p>La sexualit\u00e9 implique des centaines d&rsquo;\u00e9motions et de comportements, allant du romantisme et des sentiments de sensualit\u00e9 et de d\u00e9sir aux sentiments de s\u00e9curit\u00e9 et de proximit\u00e9. Par cons\u00e9quent, les causes de la frigidit\u00e9 peuvent \u00e9galement aller de causes \u00e9motionnelles, physiques et m\u00e9dicales \u00e0 des causes li\u00e9es au mode de vie.<\/p>\n<h3>Les causes \u00e9motionnelles de la frigidit\u00e9 comprennent\u00a0:<\/h3>\n<ul>\n<li>des exp\u00e9riences sexuelles pass\u00e9es dramatiques, telles que l&rsquo;inceste, le viol ou l&rsquo;agression sexuelle\u202f;<\/li>\n<li>\u00e9loignement \u00e9motionnel du partenaire sexuel,<\/li>\n<li>probl\u00e8mes de communication de couple,<\/li>\n<li>probl\u00e8mes \u00e9motionnels non r\u00e9solus,<\/li>\n<li>tabous personnels<\/li>\n<li>ou le fait que la femme \u00e9prouve de la r\u00e9pulsion envers les rapports sexuels.<\/li>\n<\/ul>\n<p>Parfois, pendant les rapports sexuels, les femmes \u00e9prouvent des sentiments de culpabilit\u00e9, de honte, d&rsquo;anxi\u00e9t\u00e9, de d\u00e9pression ou d&rsquo;ennui. La peur des maladies sexuellement transmissibles et la peur d&rsquo;une grossesse non d\u00e9sir\u00e9e peuvent \u00e9galement entra\u00eener une faible libido. M\u00eame le manque de confiance et la faible estime de soi peuvent conduire \u00e0 la frigidit\u00e9, \u00e9crit ladycarehealth.com.<\/p>\n<h3>Causes physiques de la frigidit\u00e9<\/h3>\n<p>Un grand nombre de facteurs physiques peuvent \u00eatre une cause de frigidit\u00e9. Certains de ces facteurs comprennent\u00a0:<\/p>\n<ul>\n<li>faible performance sexuelle de l&rsquo;homme,<\/li>\n<li>s\u00e9cheresse vaginale,<\/li>\n<li>inconfort ou douleur pendant les rapports sexuels,<\/li>\n<li>pr\u00e9liminaires inad\u00e9quats,<\/li>\n<li>insomnie<\/li>\n<li>fatigue ou \u00e9puisement,<\/li>\n<li>l\u00e9sion nerveuse ou atrophie due \u00e0 un traumatisme ou \u00e0 une intervention chirurgicale,<\/li>\n<li>d\u00e9s\u00e9quilibres hormonaux,<\/li>\n<li>abus de substances interdites<\/li>\n<li>probl\u00e8mes gyn\u00e9cologiques.<\/li>\n<\/ul>\n<h3>Causes m\u00e9dicales de la frigidit\u00e9<\/h3>\n<ul>\n<li>M\u00e9dicaments<\/li>\n<\/ul>\n<p>Un grand nombre de m\u00e9dicaments sur ordonnance, tels que les antid\u00e9presseurs, les antihypertenseurs et les contraceptifs oraux, affectent l&rsquo;excitation, la libido (d\u00e9sir sexuel) et l&rsquo;orgasme car ils ont des effets sur les substances chimiques du cerveau et les hormones sexuelles.<\/p>\n<ul>\n<li>M\u00e9nopause<\/li>\n<\/ul>\n<p>est l&rsquo;une des principales raisons du faible d\u00e9sir sexuel ou de la frigidit\u00e9 chez les femmes. La m\u00e9nopause se caract\u00e9rise essentiellement par une diminution de la s\u00e9cr\u00e9tion d&rsquo;\u0153strog\u00e8nes, de testost\u00e9rone et de progest\u00e9rone (hormones extr\u00eamement importantes), ce qui entra\u00eene une diminution de la libido.<\/p>\n<p><strong>Commandez-le et commencez \u00e0 l&rsquo;avance le traitement naturel. Un soutien est propos\u00e9 pendant toute la dur\u00e9e de votre accueil. Pour nous contacter, cliquez sur le bouton WhatsApp dans le coin droit de l&rsquo;\u00e9cran ou contactez-nous au +229-0163754465.<\/strong><\/p>\n<p>Nous sommes repr\u00e9sent\u00e9s dans tous les pays africains et sommes actifs en\u00a0<strong>France<\/strong>, au\u00a0<strong>Cameroun, en C\u00f4te d&rsquo;Ivoire, au Mali, au S\u00e9n\u00e9gal, au Burkina Faso, au Togo, au Kenya, au Nigeria, au Gabon, en R\u00e9publique centrafricaine, au B\u00e9nin, au Tchad, au Congo- Brazzaville et \u00e0 Kinshasa<\/strong>. Soyez donc s\u00fbr de recevoir vos produits imm\u00e9diatement apr\u00e8s votre commande.<\/p>\n<p><strong>La livraison est gratuite partout dans le monde.<\/strong><\/p>","protected":false},"featured_media":1364,"comment_status":"open","ping_status":"closed","template":"","meta":[],"product_brand":[],"product_cat":[111],"product_tag":[],"class_list":{"0":"post-1363","1":"product","2":"type-product","3":"status-publish","4":"has-post-thumbnail","6":"product_cat-lesplantesafricaines","8":"first","9":"instock","10":"shipping-taxable","11":"purchasable","12":"product-type-simple"},"_links":{"self":[{"href":"https:\/\/santebio.bio\/zh\/wp-json\/wp\/v2\/product\/1363","targetHints":{"allow":["GET"]}}],"collection":[{"href":"https:\/\/santebio.bio\/zh\/wp-json\/wp\/v2\/product"}],"about":[{"href":"https:\/\/santebio.bio\/zh\/wp-json\/wp\/v2\/types\/product"}],"replies":[{"embeddable":true,"href":"https:\/\/santebio.bio\/zh\/wp-json\/wp\/v2\/comments?post=1363"}],"version-history":[{"count":0,"href":"https:\/\/santebio.bio\/zh\/wp-json\/wp\/v2\/product\/1363\/revisions"}],"wp:featuredmedia":[{"embeddable":true,"href":"https:\/\/santebio.bio\/zh\/wp-json\/wp\/v2\/media\/1364"}],"wp:attachment":[{"href":"https:\/\/santebio.bio\/zh\/wp-json\/wp\/v2\/media?parent=1363"}],"wp:term":[{"taxonomy":"product_brand","embeddable":true,"href":"https:\/\/santebio.bio\/zh\/wp-json\/wp\/v2\/product_brand?post=1363"},{"taxonomy":"product_cat","embeddable":true,"href":"https:\/\/santebio.bio\/zh\/wp-json\/wp\/v2\/product_cat?post=1363"},{"taxonomy":"product_tag","embeddable":true,"href":"https:\/\/santebio.bio\/zh\/wp-json\/wp\/v2\/product_tag?post=1363"}],"curies":[{"name":"wp","href":"https:\/\/api.w.org\/{rel}","templated":true}]}}